{"id":6150,"date":"2023-12-15T18:53:14","date_gmt":"2023-12-15T18:53:14","guid":{"rendered":"https:\/\/croc-aspe.com\/?page_id=6150"},"modified":"2023-12-15T19:06:20","modified_gmt":"2023-12-15T19:06:20","slug":"une-journee-au-ski","status":"publish","type":"page","link":"https:\/\/croc-aspe.com\/?page_id=6150","title":{"rendered":"Une journ\u00e9e au ski"},"content":{"rendered":"\t\t<div data-elementor-type=\"wp-page\" data-elementor-id=\"6150\" class=\"elementor elementor-6150\" data-elementor-settings=\"[]\">\n\t\t\t\t\t\t\t<div class=\"elementor-section-wrap\">\n\t\t\t\t\t\t\t<section class=\"elementor-section elementor-top-section elementor-element elementor-element-79d8a623 elementor-section-boxed elementor-section-height-default elementor-section-height-default\" data-id=\"79d8a623\" data-element_type=\"section\">\n\t\t\t\t\t\t<div class=\"elementor-container elementor-column-gap-default\">\n\t\t\t\t\t<div class=\"elementor-column elementor-col-100 elementor-top-column elementor-element elementor-element-3584b121\" data-id=\"3584b121\" data-element_type=\"column\">\n\t\t\t<div class=\"elementor-widget-wrap elementor-element-populated\">\n\t\t\t\t\t\t\t\t<div class=\"elementor-element elementor-element-71334759 elementor-widget elementor-widget-text-editor\" data-id=\"71334759\" data-element_type=\"widget\" data-widget_type=\"text-editor.default\">\n\t\t\t\t<div class=\"elementor-widget-container\">\n\t\t\t<style>\/*! elementor - v3.5.5 - 03-02-2022 *\/\n.elementor-widget-text-editor.elementor-drop-cap-view-stacked .elementor-drop-cap{background-color:#818a91;color:#fff}.elementor-widget-text-editor.elementor-drop-cap-view-framed .elementor-drop-cap{color:#818a91;border:3px solid;background-color:transparent}.elementor-widget-text-editor:not(.elementor-drop-cap-view-default) .elementor-drop-cap{margin-top:8px}.elementor-widget-text-editor:not(.elementor-drop-cap-view-default) .elementor-drop-cap-letter{width:1em;height:1em}.elementor-widget-text-editor .elementor-drop-cap{float:left;text-align:center;line-height:1;font-size:50px}.elementor-widget-text-editor .elementor-drop-cap-letter{display:inline-block}<\/style>\t\t\t\t<p>\u00a0<\/p><p><span style=\"color: #ff0000;\"><strong>Une journ\u00e9e au ski depuis Bordeaux et Toulouse<\/strong><\/span><\/p>\t\t\t\t\t\t<\/div>\n\t\t\t\t<\/div>\n\t\t\t\t\t<\/div>\n\t\t<\/div>\n\t\t\t\t\t\t\t<\/div>\n\t\t<\/section>\n\t\t\t\t<section class=\"elementor-section elementor-top-section elementor-element elementor-element-51f941d2 elementor-section-boxed elementor-section-height-default elementor-section-height-default\" data-id=\"51f941d2\" data-element_type=\"section\">\n\t\t\t\t\t\t<div class=\"elementor-container elementor-column-gap-default\">\n\t\t\t\t\t<div class=\"elementor-column elementor-col-100 elementor-top-column elementor-element elementor-element-d905a7c\" data-id=\"d905a7c\" data-element_type=\"column\">\n\t\t\t<div class=\"elementor-widget-wrap elementor-element-populated\">\n\t\t\t\t\t\t\t\t<div class=\"elementor-element elementor-element-416908cd elementor-widget elementor-widget-text-editor\" data-id=\"416908cd\" data-element_type=\"widget\" data-widget_type=\"text-editor.default\">\n\t\t\t\t<div class=\"elementor-widget-container\">\n\t\t\t\t\t\t\t<p style=\"text-align: center;\">&#8220;Je crois que toi et moi, on a un peu le m\u00eame probl\u00e8me,<\/p><p style=\"text-align: center;\">c&#8217;est-\u00e0-dire qu&#8217;on ne peut pas vraiment miser tout sur notre physique, enfin surtout toi.<span style=\"font-size: 16px;\">&#8220;<\/span><\/p><p>Patrice Leconte \u2013 Les bronz\u00e9s font du ski \u2013 1979<\/p>\t\t\t\t\t\t<\/div>\n\t\t\t\t<\/div>\n\t\t\t\t\t<\/div>\n\t\t<\/div>\n\t\t\t\t\t\t\t<\/div>\n\t\t<\/section>\n\t\t\t\t<section class=\"elementor-section elementor-top-section elementor-element elementor-element-33e0d3c3 elementor-section-boxed elementor-section-height-default elementor-section-height-default\" data-id=\"33e0d3c3\" data-element_type=\"section\">\n\t\t\t\t\t\t<div class=\"elementor-container elementor-column-gap-default\">\n\t\t\t\t\t<div class=\"elementor-column elementor-col-100 elementor-top-column elementor-element elementor-element-3c6ffce7\" data-id=\"3c6ffce7\" data-element_type=\"column\">\n\t\t\t<div class=\"elementor-widget-wrap elementor-element-populated\">\n\t\t\t\t\t\t\t\t<div class=\"elementor-element elementor-element-7b1ed0c5 elementor-widget elementor-widget-text-editor\" data-id=\"7b1ed0c5\" data-element_type=\"widget\" data-widget_type=\"text-editor.default\">\n\t\t\t\t<div class=\"elementor-widget-container\">\n\t\t\t\t\t\t\t<p><strong><span style=\"color: #0000ff;\">R\u00e9sum\u00e9 de l&#8217;article<\/span><\/strong><\/p><p><span style=\"color: #0000ff;\">Cher Pr\u00e9sident, je crois que vous partagez un probl\u00e8me avec les bronz\u00e9s : pas sur votre physique, mais sur votre intelligence pour laquelle nous ne pouvons vraiment pas miser. Alors mettons notre doudoune, chaussons nos skis et allons ensemble en train depuis Bordeaux et Toulouse aux stations de ski de Candanch\u00fa, Ast\u00fan ou du Somport en passant par la gare internationale de Canfranc.<\/span><\/p><p><span style=\"color: #ff9900;\">Version initiale du 15 d\u00e9cembre 2023<\/span><\/p><p><strong>Les horaires<\/strong><\/p><p>Les horaires de Bordeaux \u00e0 Pau et de Toulouse \u00e0 Pau sont issus des fiches horaires hiver du Service Annuel 2024 [1] [2]. Les horaires de Pau \u00e0 Canfranc sont issus des horaires fournis par les \u00e9tudes de convergence [3] [4].<\/p>\t\t\t\t\t\t<\/div>\n\t\t\t\t<\/div>\n\t\t\t\t\t<\/div>\n\t\t<\/div>\n\t\t\t\t\t\t\t<\/div>\n\t\t<\/section>\n\t\t\t\t<section class=\"elementor-section elementor-top-section elementor-element elementor-element-15240ac elementor-section-boxed elementor-section-height-default elementor-section-height-default\" data-id=\"15240ac\" data-element_type=\"section\">\n\t\t\t\t\t\t<div class=\"elementor-container elementor-column-gap-default\">\n\t\t\t\t\t<div class=\"elementor-column elementor-col-100 elementor-top-column elementor-element elementor-element-48edbf5\" data-id=\"48edbf5\" data-element_type=\"column\">\n\t\t\t<div class=\"elementor-widget-wrap elementor-element-populated\">\n\t\t\t\t\t\t\t\t<div class=\"elementor-element elementor-element-0b7cb0a elementor-widget elementor-widget-text-editor\" data-id=\"0b7cb0a\" data-element_type=\"widget\" data-widget_type=\"text-editor.default\">\n\t\t\t\t<div class=\"elementor-widget-container\">\n\t\t\t\t\t\t\t<p><strong>Une journ\u00e9e au ski depuis Bordeaux en semaine<\/strong><\/p><p>Le d\u00e9part devrait se faire de bon matin de Bordeaux-Saint-Jean \u00e0 05h07 pour une arriv\u00e9e \u00e0 Pau \u00e0 07h30 en ayant fait un petit arr\u00eat et un changement de train \u00e0 Dax de 4 minutes. Le probl\u00e8me, c\u2019est qu\u2019une fois arriv\u00e9 \u00e0 Pau \u00e0 07h30, l\u2019on s\u2019aper\u00e7oit que le train pour Canfranc est parti depuis 27 minutes \u00e0 07h03. Il ne reste plus qu\u2019\u00e0 attendre le prochain qui part de Pau \u00e0 16h30 et arrive \u00e0 Canfranc \u00e0 18h21 ce qui n\u2019a strictement aucun int\u00e9r\u00eat.<br \/>Il est donc impossible en semaine de passer une journ\u00e9e au ski \u00e0 Candanch\u00fa, Ast\u00fan ou au Somport depuis Bordeaux.<\/p><p><strong>Une journ\u00e9e au ski depuis Toulouse en semaine<\/strong><\/p><p>Le d\u00e9part devrait se faire de bon matin de Toulouse-Matabiau \u00e0 06h31 pour une arriv\u00e9e \u00e0 Pau \u00e0 09h02. M\u00eame punition que depuis Bordeaux, le train pour Canfranc est parti depuis 2 heures \u00e0 07h03.<br \/>Il est donc impossible en semaine de passer une journ\u00e9e au ski \u00e0 Candanch\u00fa, Ast\u00fan ou au Somport depuis Toulouse.<\/p><p><strong>Une journ\u00e9e au ski depuis Bordeaux un samedi ou un dimanche<\/strong><\/p><p>Le probl\u00e8me est identique, le premier train depuis Bordeaux arrive \u00e0 Pau \u00e0 10h14 les samedis et \u00e0 10h50 les dimanches. Le train pour Canfranc est parti depuis bien longtemps. La punition est toujours la m\u00eame.<br \/>Il est donc impossible les samedis et dimanches de passer une journ\u00e9e au ski \u00e0 Candanch\u00fa, Ast\u00fan ou au Somport depuis Bordeaux.<\/p><p><strong>Une journ\u00e9e au ski depuis Toulouse un samedi ou un dimanche<\/strong><\/p><p>Le probl\u00e8me est toujours identique, le premier train depuis Toulouse arrive \u00e0 Pau \u00e0 10h13 les samedis et dimanches. Le train pour Canfranc est parti depuis bien longtemps. La punition est toujours et encore la m\u00eame.<br \/>Il est donc impossible les samedis et dimanches de passer une journ\u00e9e au ski \u00e0 Candanch\u00fa, Ast\u00fan ou au Somport depuis Toulouse.<\/p><p><strong>Et si les horaires \u00e9taient adapt\u00e9s ?<\/strong><\/p><p>Admettons que les horaires puissent \u00eatre adapt\u00e9s et que les correspondances soient \u00e9tudi\u00e9es pour permettre une journ\u00e9e au ski. Les horaires entre Pau et Saragosse sont d\u00e9sormais fig\u00e9s par les \u00e9tudes de convergence [3] [4]. Etant donn\u00e9 que la voie est unique avec des cantons tr\u00e8s longs en Espagne, il est absolument impossible de les modifier sans changer toutes les trames horaires en gares de Pau et Saragosse, ce qui aurait une incidence sur les liaisons entre Saragosse et Barcelone via Tardienta.<br \/>Les seuls et uniques d\u00e9parts de Pau pour Canfranc sont \u00e0 05h16 pour une arriv\u00e9e \u00e0 07h08 et 07h03 pour une arriv\u00e9e \u00e0 08h55. Le trajet de Bordeaux et Toulouse vers Pau dure environ 02h30, un d\u00e9part de Pau \u00e0 05h16 \u00e9tant absolument impossible, reste donc le d\u00e9part de Pau \u00e0 07h03. La trame horaire serait alors la suivante avec une correspondance de 5 minutes \u00e0 Pau :<\/p>\t\t\t\t\t\t<\/div>\n\t\t\t\t<\/div>\n\t\t\t\t\t<\/div>\n\t\t<\/div>\n\t\t\t\t\t\t\t<\/div>\n\t\t<\/section>\n\t\t\t\t<section class=\"elementor-section elementor-top-section elementor-element elementor-element-fb915d7 elementor-section-boxed elementor-section-height-default elementor-section-height-default\" data-id=\"fb915d7\" data-element_type=\"section\">\n\t\t\t\t\t\t<div class=\"elementor-container elementor-column-gap-default\">\n\t\t\t\t\t<div class=\"elementor-column elementor-col-100 elementor-top-column elementor-element elementor-element-5bd6780\" data-id=\"5bd6780\" data-element_type=\"column\">\n\t\t\t<div class=\"elementor-widget-wrap elementor-element-populated\">\n\t\t\t\t\t\t\t\t<div class=\"elementor-element elementor-element-b6d9d9d elementor-widget elementor-widget-text-editor\" data-id=\"b6d9d9d\" data-element_type=\"widget\" data-widget_type=\"text-editor.default\">\n\t\t\t\t<div class=\"elementor-widget-container\">\n\t\t\t\t\t\t\t<table width=\"100%\"><tbody><tr><td width=\"33%\"><p>Bordeaux ou Toulouse<\/p><\/td><td width=\"33%\"><p>04h28<\/p><\/td><td rowspan=\"4\" width=\"33%\"><p>Dur\u00e9e du trajet d\u2019environ 04h30<\/p><\/td><\/tr><tr><td width=\"33%\"><p>Pau (arriv\u00e9e)<\/p><\/td><td width=\"33%\"><p>06h58<\/p><\/td><\/tr><tr><td width=\"33%\"><p>Pau (d\u00e9part)<\/p><\/td><td width=\"33%\"><p>07h03<\/p><\/td><\/tr><tr><td width=\"33%\"><p>Canfranc<\/p><\/td><td width=\"33%\"><p>08h55<\/p><\/td><\/tr><\/tbody><\/table>\t\t\t\t\t\t<\/div>\n\t\t\t\t<\/div>\n\t\t\t\t\t<\/div>\n\t\t<\/div>\n\t\t\t\t\t\t\t<\/div>\n\t\t<\/section>\n\t\t\t\t<section class=\"elementor-section elementor-top-section elementor-element elementor-element-e4e6b67 elementor-section-boxed elementor-section-height-default elementor-section-height-default\" data-id=\"e4e6b67\" data-element_type=\"section\">\n\t\t\t\t\t\t<div class=\"elementor-container elementor-column-gap-default\">\n\t\t\t\t\t<div class=\"elementor-column elementor-col-100 elementor-top-column elementor-element elementor-element-e65b6a6\" data-id=\"e65b6a6\" data-element_type=\"column\">\n\t\t\t<div class=\"elementor-widget-wrap elementor-element-populated\">\n\t\t\t\t\t\t\t\t<div class=\"elementor-element elementor-element-a479574 elementor-widget elementor-widget-text-editor\" data-id=\"a479574\" data-element_type=\"widget\" data-widget_type=\"text-editor.default\">\n\t\t\t\t<div class=\"elementor-widget-container\">\n\t\t\t\t\t\t\t<p>Le lever est tr\u00e8s t\u00f4t vers 03h30. Comme il n\u2019existe quasiment pas de transports en commun \u00e0 cette heure h\u00e2tive, il faut se rendre en gare de Bordeaux ou de Toulouse \u00e0 pied, en v\u00e9lo ou en voiture. Bon courage pour ceux qui portent skis et chaussures sur leurs \u00e9paules !<br \/>Arriv\u00e9 \u00e0 Canfranc, il est n\u00e9cessaire de prendre un taxi ou un bus pour un voyage d\u2019une quinzaine de minutes jusqu\u2019\u00e0 la station de ski. On peut donc consid\u00e9rer que l\u2019on arrive sur les pistes vers 09h30 au mieux, et plut\u00f4t 10h00.<\/p><p>Pour l\u2019apr\u00e8s-midi, le seul est unique train qui part de Canfranc est \u00e0 18h34 pour une arriv\u00e9e \u00e0 Pau \u00e0 20h33. Autant quitter les pistes vers 17h00 pour reprendre le taxi ou le bus, en effet, il ne faut surtout pas le rater, car sinon c\u2019est obligation de passer une nuit \u00e0 l\u2019h\u00f4tel Royal Hideaway de Canfranc Estaci\u00f3n ! Avec un trajet de 04h30 vers Bordeaux ou Toulouse, la trame horaire est donc la suivante :<\/p>\t\t\t\t\t\t<\/div>\n\t\t\t\t<\/div>\n\t\t\t\t\t<\/div>\n\t\t<\/div>\n\t\t\t\t\t\t\t<\/div>\n\t\t<\/section>\n\t\t\t\t<section class=\"elementor-section elementor-top-section elementor-element elementor-element-7292e98 elementor-section-boxed elementor-section-height-default elementor-section-height-default\" data-id=\"7292e98\" data-element_type=\"section\">\n\t\t\t\t\t\t<div class=\"elementor-container elementor-column-gap-default\">\n\t\t\t\t\t<div class=\"elementor-column elementor-col-100 elementor-top-column elementor-element elementor-element-8f84f29\" data-id=\"8f84f29\" data-element_type=\"column\">\n\t\t\t<div class=\"elementor-widget-wrap elementor-element-populated\">\n\t\t\t\t\t\t\t\t<div class=\"elementor-element elementor-element-2f84dc8 elementor-widget elementor-widget-text-editor\" data-id=\"2f84dc8\" data-element_type=\"widget\" data-widget_type=\"text-editor.default\">\n\t\t\t\t<div class=\"elementor-widget-container\">\n\t\t\t\t\t\t\t<table width=\"100%\"><tbody><tr><td width=\"33%\"><p>Canfranc<\/p><\/td><td width=\"33%\"><p>18h34<\/p><\/td><td rowspan=\"4\" width=\"33%\"><p>Dur\u00e9e du trajet d\u2019environ 04h30<\/p><\/td><\/tr><tr><td width=\"33%\"><p>Pau (arriv\u00e9e)<\/p><\/td><td width=\"33%\"><p>20h33<\/p><\/td><\/tr><tr><td width=\"33%\"><p>Pau (d\u00e9part)<\/p><\/td><td width=\"33%\"><p>20h38<\/p><\/td><\/tr><tr><td width=\"33%\"><p>Bordeaux ou Toulouse<\/p><\/td><td width=\"33%\"><p>23h08<\/p><\/td><\/tr><\/tbody><\/table>\t\t\t\t\t\t<\/div>\n\t\t\t\t<\/div>\n\t\t\t\t\t<\/div>\n\t\t<\/div>\n\t\t\t\t\t\t\t<\/div>\n\t\t<\/section>\n\t\t\t\t<section class=\"elementor-section elementor-top-section elementor-element elementor-element-0ce1cac elementor-section-boxed elementor-section-height-default elementor-section-height-default\" data-id=\"0ce1cac\" data-element_type=\"section\">\n\t\t\t\t\t\t<div class=\"elementor-container elementor-column-gap-default\">\n\t\t\t\t\t<div class=\"elementor-column elementor-col-100 elementor-top-column elementor-element elementor-element-3022805\" data-id=\"3022805\" data-element_type=\"column\">\n\t\t\t<div class=\"elementor-widget-wrap elementor-element-populated\">\n\t\t\t\t\t\t\t\t<div class=\"elementor-element elementor-element-e92fd5a elementor-widget elementor-widget-text-editor\" data-id=\"e92fd5a\" data-element_type=\"widget\" data-widget_type=\"text-editor.default\">\n\t\t\t\t<div class=\"elementor-widget-container\">\n\t\t\t\t\t\t\t<p>Arriv\u00e9 \u00e0 Bordeaux ou Toulouse vers 23h10, il est encore possible de trouver des transports en commun pour revenir chez soi, pour enfin \u00eatre au lit vers minuit apr\u00e8s une tr\u00e8s longue journ\u00e9e !<\/p><p>Ainsi, en adaptant les horaires de Bordeaux \u2013 Pau et Toulouse \u2013 Pau, il serait effectivement possible de passer une journ\u00e9e de ski \u00e0 Candanch\u00fa, Ast\u00fan ou au Somport. La journ\u00e9e est longue, tr\u00e8s longue, avec des d\u00e9parts des gares de Bordeaux ou Toulouse \u00e0 04h28 pour un retour en gare \u00e0 23h08.<\/p><p>A noter qu\u2019il est bien peu \u00e9vident que SNCF Voyageurs accepte de cr\u00e9er une circulation partant de 04h28 de Bordeaux ou Toulouse. L\u2019horaire est vraiment tr\u00e8s t\u00f4t, ce qui fait que peu de voyageurs seraient pr\u00e9sents et, de plus, cet horaire handicaperait fortement la maintenance des voies qui se d\u00e9roule souvent de nuit.<\/p><p><strong>Et si l\u2019on prenait tout simplement la voiture ?<\/strong><\/p><p>Bien \u00e9videmment, en voiture, aucun int\u00e9r\u00eat d\u2019aller \u00e0 Candanch\u00fa, Ast\u00fan ou au Somport. Que ce soit de Bordeaux ou de Toulouse, autant aller dans les stations des Pyr\u00e9n\u00e9es bien connues et surtout plus proches. Voici quelques exemples de dur\u00e9es de trajet calcul\u00e9es avec ViaMichelin :<\/p>\t\t\t\t\t\t<\/div>\n\t\t\t\t<\/div>\n\t\t\t\t\t<\/div>\n\t\t<\/div>\n\t\t\t\t\t\t\t<\/div>\n\t\t<\/section>\n\t\t\t\t<section class=\"elementor-section elementor-top-section elementor-element elementor-element-086bbbf elementor-section-boxed elementor-section-height-default elementor-section-height-default\" data-id=\"086bbbf\" data-element_type=\"section\">\n\t\t\t\t\t\t<div class=\"elementor-container elementor-column-gap-default\">\n\t\t\t\t\t<div class=\"elementor-column elementor-col-100 elementor-top-column elementor-element elementor-element-02e8bfe\" data-id=\"02e8bfe\" data-element_type=\"column\">\n\t\t\t<div class=\"elementor-widget-wrap elementor-element-populated\">\n\t\t\t\t\t\t\t\t<div class=\"elementor-element elementor-element-64983e5 elementor-widget elementor-widget-text-editor\" data-id=\"64983e5\" data-element_type=\"widget\" data-widget_type=\"text-editor.default\">\n\t\t\t\t<div class=\"elementor-widget-container\">\n\t\t\t\t\t\t\t<table width=\"100%\"><tbody><tr><td rowspan=\"12\" width=\"33%\"><p>Toulouse<\/p><\/td><td width=\"33%\"><p>Le Mourtis<\/p><\/td><td width=\"33%\"><p>01h46<\/p><\/td><\/tr><tr><td width=\"33%\"><p>Saint-Lary<\/p><\/td><td width=\"33%\"><p>01h51<\/p><\/td><\/tr><tr><td width=\"33%\"><p>Ax 3 Domaines<\/p><\/td><td width=\"33%\"><p>01h57<\/p><\/td><\/tr><tr><td width=\"33%\"><p>Peyragudes<\/p><\/td><td width=\"33%\"><p>02h08<\/p><\/td><\/tr><tr><td width=\"33%\"><p>Val Louron<\/p><\/td><td width=\"33%\"><p>02h11<\/p><\/td><\/tr><tr><td width=\"33%\"><p>Grand Tourmalet<\/p><\/td><td width=\"33%\"><p>02h15<\/p><\/td><\/tr><tr><td width=\"33%\"><p>Superbagn\u00e8res<\/p><\/td><td width=\"33%\"><p>02h16<\/p><\/td><\/tr><tr><td width=\"33%\"><p>Hautacam<\/p><\/td><td width=\"33%\"><p>02h25<\/p><\/td><\/tr><tr><td width=\"33%\"><p>Piau-Engaly<\/p><\/td><td width=\"33%\"><p>02h25<\/p><\/td><\/tr><tr><td width=\"33%\"><p>Cauterets<\/p><\/td><td width=\"33%\"><p>02h26<\/p><\/td><\/tr><tr><td width=\"33%\"><p>Baqueira-Beret<\/p><\/td><td width=\"33%\"><p>02h36<\/p><\/td><\/tr><tr><td width=\"33%\"><p>Luz-Ardiden<\/p><\/td><td width=\"33%\"><p>02h44<\/p><\/td><\/tr><\/tbody><\/table>\t\t\t\t\t\t<\/div>\n\t\t\t\t<\/div>\n\t\t\t\t\t<\/div>\n\t\t<\/div>\n\t\t\t\t\t\t\t<\/div>\n\t\t<\/section>\n\t\t\t\t<section class=\"elementor-section elementor-top-section elementor-element elementor-element-15695c7 elementor-section-boxed elementor-section-height-default elementor-section-height-default\" data-id=\"15695c7\" data-element_type=\"section\">\n\t\t\t\t\t\t<div class=\"elementor-container elementor-column-gap-default\">\n\t\t\t\t\t<div class=\"elementor-column elementor-col-100 elementor-top-column elementor-element elementor-element-d748554\" data-id=\"d748554\" data-element_type=\"column\">\n\t\t\t<div class=\"elementor-widget-wrap elementor-element-populated\">\n\t\t\t\t\t\t\t\t<div class=\"elementor-element elementor-element-19da660 elementor-widget elementor-widget-text-editor\" data-id=\"19da660\" data-element_type=\"widget\" data-widget_type=\"text-editor.default\">\n\t\t\t\t<div class=\"elementor-widget-container\">\n\t\t\t\t\t\t\t<table width=\"100%\"><tbody><tr><td rowspan=\"12\" width=\"33%\"><p>Bordeaux<\/p><\/td><td width=\"33%\"><p>Hautacam<\/p><\/td><td width=\"33%\"><p>03h10<\/p><\/td><\/tr><tr><td width=\"33%\"><p>Cauterets<\/p><\/td><td width=\"33%\"><p>03h11<\/p><\/td><\/tr><tr><td width=\"33%\"><p>Gourette<\/p><\/td><td width=\"33%\"><p>03h15<\/p><\/td><\/tr><tr><td width=\"33%\"><p>Saint-Lary<\/p><\/td><td width=\"33%\"><p>03h19<\/p><\/td><\/tr><tr><td width=\"33%\"><p>Grand Tourmalet<\/p><\/td><td width=\"33%\"><p>03h19<\/p><\/td><\/tr><tr><td width=\"33%\"><p>Luz-Ardiden<\/p><\/td><td width=\"33%\"><p>03h28<\/p><\/td><\/tr><tr><td width=\"33%\"><p>Artouste<\/p><\/td><td width=\"33%\"><p>03h29<\/p><\/td><\/tr><tr><td width=\"33%\"><p>Le Mourtis<\/p><\/td><td width=\"33%\"><p>03h30<\/p><\/td><\/tr><tr><td width=\"33%\"><p>La Pierre-Saint-Martin<\/p><\/td><td width=\"33%\"><p>03h36<\/p><\/td><\/tr><tr><td width=\"33%\"><p>Peyragudes<\/p><\/td><td width=\"33%\"><p>03h37<\/p><\/td><\/tr><tr><td width=\"33%\"><p>Val Louron<\/p><\/td><td width=\"33%\"><p>03h39<\/p><\/td><\/tr><tr><td width=\"33%\"><p>Piau-Engaly<\/p><\/td><td width=\"33%\"><p>03h53<\/p><\/td><\/tr><\/tbody><\/table>\t\t\t\t\t\t<\/div>\n\t\t\t\t<\/div>\n\t\t\t\t\t<\/div>\n\t\t<\/div>\n\t\t\t\t\t\t\t<\/div>\n\t\t<\/section>\n\t\t\t\t<section class=\"elementor-section elementor-top-section elementor-element elementor-element-f64dceb elementor-section-boxed elementor-section-height-default elementor-section-height-default\" data-id=\"f64dceb\" data-element_type=\"section\">\n\t\t\t\t\t\t<div class=\"elementor-container elementor-column-gap-default\">\n\t\t\t\t\t<div class=\"elementor-column elementor-col-100 elementor-top-column elementor-element elementor-element-0c7802f\" data-id=\"0c7802f\" data-element_type=\"column\">\n\t\t\t<div class=\"elementor-widget-wrap elementor-element-populated\">\n\t\t\t\t\t\t\t\t<div class=\"elementor-element elementor-element-faff140 elementor-widget elementor-widget-text-editor\" data-id=\"faff140\" data-element_type=\"widget\" data-widget_type=\"text-editor.default\">\n\t\t\t\t<div class=\"elementor-widget-container\">\n\t\t\t\t\t\t\t<p><strong>En conclusion<\/strong><\/p><p>Soit vous \u00eates un inconditionnel de la ligne ferroviaire Pau \u2013 Canfranc \u2013 Saragosse comme notre cher Pr\u00e9sident et vous vous levez \u00e0 3h du matin pour une longue journ\u00e9e qui vous emm\u00e8nera en train \u00e0 Pau pour un changement, puis pour finir en bus de Canfranc aux stations de ski, et un retour qui vous fera arriver chez vous vers minuit.<br \/>Soit vous \u00eates intelligents et vous prenez votre voiture avec un lever \u00e0 6 heures du matin, un voyage tranquille avec quelques embouteillages en arrivant aux stations les plus proches apr\u00e8s 2 heures de trajet depuis Toulouse ou 3 heures depuis Bordeaux, puis un retour qui vous fera arriver vers 19h ou 20h chez vous.<br \/>Au CROC, et comme 99,99% des skieurs, nous sommes intelligents. <br \/>Les 0,01% qui restent constitueront les quelques voyageurs qui se compteront sur les doigts d\u2019une seule main et qui auront toute la place n\u00e9cessaire dans la rame pour installer leur mat\u00e9riel. Peut-\u00eatre que parmi eux, nous y trouverons notre cher Pr\u00e9sident\u2026<\/p>\t\t\t\t\t\t<\/div>\n\t\t\t\t<\/div>\n\t\t\t\t\t<\/div>\n\t\t<\/div>\n\t\t\t\t\t\t\t<\/div>\n\t\t<\/section>\n\t\t\t\t<section class=\"elementor-section elementor-top-section elementor-element elementor-element-751deb19 elementor-section-boxed elementor-section-height-default elementor-section-height-default\" data-id=\"751deb19\" data-element_type=\"section\">\n\t\t\t\t\t\t<div class=\"elementor-container elementor-column-gap-default\">\n\t\t\t\t\t<div class=\"elementor-column elementor-col-100 elementor-top-column elementor-element elementor-element-7d7075c7\" data-id=\"7d7075c7\" data-element_type=\"column\">\n\t\t\t<div class=\"elementor-widget-wrap elementor-element-populated\">\n\t\t\t\t\t\t\t\t<div class=\"elementor-element elementor-element-5696c175 elementor-widget elementor-widget-text-editor\" data-id=\"5696c175\" data-element_type=\"widget\" data-widget_type=\"text-editor.default\">\n\t\t\t\t<div class=\"elementor-widget-container\">\n\t\t\t\t\t\t\t<p><strong>Quelques r\u00e9f\u00e9rences<\/strong><\/p><p>[1] TER Nouvelle-Aquitaine Ligne 52 \u2013 Horaires du 10\/12\/2023 au 12\/04\/2024 \u2013 BORDEAUX &gt; PAU &gt; TARBES<\/p><p>[2] Horaires LiO Train \u2013 Applicables du 10 d\u00e9cembre 2023 au 5 juillet 2024 \u2013 TOULOUSE &gt; PAU \u2013 Version 2 \u2013 D\u00e9cembre 2023<\/p><p>[3] Estudio informativo de implantaci\u00f3n del ancho est\u00e1ndar en el tramo Huesca-Canfranc \u2013 Antecedentes \u2013 Anejo 01 \u2013 INECO \u2013 diciembre 2021<\/p><p>[4] Estudio informativo de implantaci\u00f3n del ancho est\u00e1ndar en el tramo Huesca-Canfranc \u2013 An\u00e1lisis funcional \u2013 Anejo 02 \u2013 INECO \u2013 diciembre 2021<\/p>\t\t\t\t\t\t<\/div>\n\t\t\t\t<\/div>\n\t\t\t\t\t<\/div>\n\t\t<\/div>\n\t\t\t\t\t\t\t<\/div>\n\t\t<\/section>\n\t\t\t\t\t\t<\/div>\n\t\t\t\t\t<\/div>\n\t\t","protected":false},"excerpt":{"rendered":"<p>\u00a0 Une journ\u00e9e au ski depuis Bordeaux et Toulouse &#8220;Je crois que toi et moi, on a un peu le m\u00eame probl\u00e8me, c&#8217;est-\u00e0-dire qu&#8217;on ne peut pas vraiment miser tout sur notre physique, enfin surtout toi.&#8221; Patrice Leconte \u2013 Les bronz\u00e9s font du ski \u2013 1979 R\u00e9sum\u00e9 de l&#8217;article Cher Pr\u00e9sident, je crois que vous &hellip;<\/p>\n<p class=\"read-more\"> <a class=\"\" href=\"https:\/\/croc-aspe.com\/?page_id=6150\"> <span class=\"screen-reader-text\">Une journ\u00e9e au ski<\/span> Read More &raquo;<\/a><\/p>\n","protected":false},"author":1,"featured_media":0,"parent":0,"menu_order":0,"comment_status":"closed","ping_status":"closed","template":"","meta":{"om_disable_all_campaigns":false,"_monsterinsights_skip_tracking":false,"_monsterinsights_sitenote_active":false,"_monsterinsights_sitenote_note":"","_monsterinsights_sitenote_category":0,"site-sidebar-layout":"no-sidebar","site-content-layout":"page-builder","ast-main-header-display":"","ast-hfb-above-header-display":"","ast-hfb-below-header-display":"","ast-hfb-mobile-header-display":"","site-post-title":"disabled","ast-breadcrumbs-content":"","ast-featured-img":"disabled","footer-sml-layout":"","theme-transparent-header-meta":"","adv-header-id-meta":"","stick-header-meta":"","header-above-stick-meta":"","header-main-stick-meta":"","header-below-stick-meta":"","footnotes":""},"class_list":["post-6150","page","type-page","status-publish","hentry"],"_links":{"self":[{"href":"https:\/\/croc-aspe.com\/index.php?rest_route=\/wp\/v2\/pages\/6150","targetHints":{"allow":["GET"]}}],"collection":[{"href":"https:\/\/croc-aspe.com\/index.php?rest_route=\/wp\/v2\/pages"}],"about":[{"href":"https:\/\/croc-aspe.com\/index.php?rest_route=\/wp\/v2\/types\/page"}],"author":[{"embeddable":true,"href":"https:\/\/croc-aspe.com\/index.php?rest_route=\/wp\/v2\/users\/1"}],"replies":[{"embeddable":true,"href":"https:\/\/croc-aspe.com\/index.php?rest_route=%2Fwp%2Fv2%2Fcomments&post=6150"}],"version-history":[{"count":10,"href":"https:\/\/croc-aspe.com\/index.php?rest_route=\/wp\/v2\/pages\/6150\/revisions"}],"predecessor-version":[{"id":6160,"href":"https:\/\/croc-aspe.com\/index.php?rest_route=\/wp\/v2\/pages\/6150\/revisions\/6160"}],"wp:attachment":[{"href":"https:\/\/croc-aspe.com\/index.php?rest_route=%2Fwp%2Fv2%2Fmedia&parent=6150"}],"curies":[{"name":"wp","href":"https:\/\/api.w.org\/{rel}","templated":true}]}}