{"id":4244,"date":"2022-06-05T06:13:09","date_gmt":"2022-06-05T06:13:09","guid":{"rendered":"https:\/\/croc-aspe.com\/?page_id=4244"},"modified":"2022-06-08T21:42:09","modified_gmt":"2022-06-08T21:42:09","slug":"conseil-regional-debroussaillage","status":"publish","type":"page","link":"https:\/\/croc-aspe.com\/?page_id=4244","title":{"rendered":"Conseil R\u00e9gional : D\u00e9broussaillage"},"content":{"rendered":"\t\t<div data-elementor-type=\"wp-page\" data-elementor-id=\"4244\" class=\"elementor elementor-4244\" data-elementor-settings=\"[]\">\n\t\t\t\t\t\t\t<div class=\"elementor-section-wrap\">\n\t\t\t\t\t\t\t<section class=\"elementor-section elementor-top-section elementor-element elementor-element-8861ffc elementor-section-boxed elementor-section-height-default elementor-section-height-default\" data-id=\"8861ffc\" data-element_type=\"section\">\n\t\t\t\t\t\t<div class=\"elementor-container elementor-column-gap-default\">\n\t\t\t\t\t<div class=\"elementor-column elementor-col-100 elementor-top-column elementor-element elementor-element-7c2eab26\" data-id=\"7c2eab26\" data-element_type=\"column\">\n\t\t\t<div class=\"elementor-widget-wrap elementor-element-populated\">\n\t\t\t\t\t\t\t\t<div class=\"elementor-element elementor-element-a37579b elementor-widget elementor-widget-text-editor\" data-id=\"a37579b\" data-element_type=\"widget\" data-widget_type=\"text-editor.default\">\n\t\t\t\t<div class=\"elementor-widget-container\">\n\t\t\t<style>\/*! elementor - v3.5.5 - 03-02-2022 *\/\n.elementor-widget-text-editor.elementor-drop-cap-view-stacked .elementor-drop-cap{background-color:#818a91;color:#fff}.elementor-widget-text-editor.elementor-drop-cap-view-framed .elementor-drop-cap{color:#818a91;border:3px solid;background-color:transparent}.elementor-widget-text-editor:not(.elementor-drop-cap-view-default) .elementor-drop-cap{margin-top:8px}.elementor-widget-text-editor:not(.elementor-drop-cap-view-default) .elementor-drop-cap-letter{width:1em;height:1em}.elementor-widget-text-editor .elementor-drop-cap{float:left;text-align:center;line-height:1;font-size:50px}.elementor-widget-text-editor .elementor-drop-cap-letter{display:inline-block}<\/style>\t\t\t\t<p>\u00a0<\/p><p><span style=\"color: #ff0000;\"><strong>D\u00e9lib\u00e9rations du Conseil R\u00e9gional de Nouvelle-Aquitaine<\/strong><\/span><\/p><p><span style=\"color: #ff0000;\"><strong><br \/>D\u00e9broussaillage et d\u00e9sherbage<br \/><\/strong><\/span><\/p>\t\t\t\t\t\t<\/div>\n\t\t\t\t<\/div>\n\t\t\t\t\t<\/div>\n\t\t<\/div>\n\t\t\t\t\t\t\t<\/div>\n\t\t<\/section>\n\t\t\t\t<section class=\"elementor-section elementor-top-section elementor-element elementor-element-69b73855 elementor-section-boxed elementor-section-height-default elementor-section-height-default\" data-id=\"69b73855\" data-element_type=\"section\">\n\t\t\t\t\t\t<div class=\"elementor-container elementor-column-gap-default\">\n\t\t\t\t\t<div class=\"elementor-column elementor-col-100 elementor-top-column elementor-element elementor-element-1c599d21\" data-id=\"1c599d21\" data-element_type=\"column\">\n\t\t\t<div class=\"elementor-widget-wrap elementor-element-populated\">\n\t\t\t\t\t\t\t\t<div class=\"elementor-element elementor-element-423a9863 elementor-widget elementor-widget-text-editor\" data-id=\"423a9863\" data-element_type=\"widget\" data-widget_type=\"text-editor.default\">\n\t\t\t\t<div class=\"elementor-widget-container\">\n\t\t\t\t\t\t\t<p>&#8220;H\u00f6re eher auf den wachsenden Wald als auf den fallenden Baum!&#8221;<\/p><p>Georg Wilhelm Friedrich Hegel (1770 &#8211; 1831)<\/p>\t\t\t\t\t\t<\/div>\n\t\t\t\t<\/div>\n\t\t\t\t\t<\/div>\n\t\t<\/div>\n\t\t\t\t\t\t\t<\/div>\n\t\t<\/section>\n\t\t\t\t<section class=\"elementor-section elementor-top-section elementor-element elementor-element-2df7fb4d elementor-section-boxed elementor-section-height-default elementor-section-height-default\" data-id=\"2df7fb4d\" data-element_type=\"section\">\n\t\t\t\t\t\t<div class=\"elementor-container elementor-column-gap-default\">\n\t\t\t\t\t<div class=\"elementor-column elementor-col-100 elementor-top-column elementor-element elementor-element-75dac208\" data-id=\"75dac208\" data-element_type=\"column\">\n\t\t\t<div class=\"elementor-widget-wrap elementor-element-populated\">\n\t\t\t\t\t\t\t\t<div class=\"elementor-element elementor-element-43b975a elementor-widget elementor-widget-text-editor\" data-id=\"43b975a\" data-element_type=\"widget\" data-widget_type=\"text-editor.default\">\n\t\t\t\t<div class=\"elementor-widget-container\">\n\t\t\t\t\t\t\t<p><span style=\"font-style: inherit; font-weight: inherit; background-color: var(--ast-global-color-4); color: #ff9900;\">Version initiale du 5 juin 2022, derni\u00e8re mise \u00e0 jour au 5 juin 2022<\/span><\/p>\t\t\t\t\t\t<\/div>\n\t\t\t\t<\/div>\n\t\t\t\t\t<\/div>\n\t\t<\/div>\n\t\t\t\t\t\t\t<\/div>\n\t\t<\/section>\n\t\t\t\t<section class=\"elementor-section elementor-top-section elementor-element elementor-element-13077815 elementor-section-boxed elementor-section-height-default elementor-section-height-default\" data-id=\"13077815\" data-element_type=\"section\">\n\t\t\t\t\t\t<div class=\"elementor-container elementor-column-gap-default\">\n\t\t\t\t\t<div class=\"elementor-column elementor-col-100 elementor-top-column elementor-element elementor-element-c56664d\" data-id=\"c56664d\" data-element_type=\"column\">\n\t\t\t<div class=\"elementor-widget-wrap elementor-element-populated\">\n\t\t\t\t\t\t\t\t<div class=\"elementor-element elementor-element-15ed13d7 elementor-widget elementor-widget-text-editor\" data-id=\"15ed13d7\" data-element_type=\"widget\" data-widget_type=\"text-editor.default\">\n\t\t\t\t<div class=\"elementor-widget-container\">\n\t\t\t\t\t\t\t<p><strong>Arbres, arbustes, arbrisseaux, herbes folles et v\u00e9g\u00e9tation en tout genre<\/strong><strong>\u00a0<\/strong><\/p><p>Les voil\u00e0, les premiers et les plus farouches opposants \u00e0 la r\u00e9ouverture de la ligne Pau \u2013 Canfranc \u2013 Saragosse. Ces arbres, arbustes, arbrisseaux, herbes folles et v\u00e9g\u00e9tation en tout genre ne veulent rien comprendre : on leur coupe la t\u00eate, on leur recoupe la t\u00eate, on leur re-recoupe la t\u00eate et ils s\u2019obstinent \u00e0 repousser indubitablement. Ceci est d\u2019autant plus vrai, qu\u2019entre les \u00e9tudes et les travaux, il se passe plusieurs ann\u00e9es, largement de quoi repousser de quelques m\u00e8tres. Tout cela, au plus grand bonheur des forestiers et paysagistes qui voient une source de revenus confortables et toujours r\u00e9tribu\u00e9s sans sourciller par le contribuable n\u00e9o-aquitain qui en vient presque \u00e0 regretter l\u2019abandon du glyphosate.<\/p><p>Voici donc l\u2019histoire des d\u00e9broussaillages et des d\u00e9sherbages de la voie ferr\u00e9e d\u2019Oloron-Sainte-Marie au tunnel ferroviaire du Somport.<\/p>\t\t\t\t\t\t<\/div>\n\t\t\t\t<\/div>\n\t\t\t\t\t<\/div>\n\t\t<\/div>\n\t\t\t\t\t\t\t<\/div>\n\t\t<\/section>\n\t\t\t\t<section class=\"elementor-section elementor-top-section elementor-element elementor-element-1593b6d elementor-section-boxed elementor-section-height-default elementor-section-height-default\" data-id=\"1593b6d\" data-element_type=\"section\">\n\t\t\t\t\t\t<div class=\"elementor-container elementor-column-gap-default\">\n\t\t\t\t\t<div class=\"elementor-column elementor-col-100 elementor-top-column elementor-element elementor-element-e3eb93e\" data-id=\"e3eb93e\" data-element_type=\"column\">\n\t\t\t<div class=\"elementor-widget-wrap elementor-element-populated\">\n\t\t\t\t\t\t\t\t<div class=\"elementor-element elementor-element-05f737e elementor-widget elementor-widget-text-editor\" data-id=\"05f737e\" data-element_type=\"widget\" data-widget_type=\"text-editor.default\">\n\t\t\t\t<div class=\"elementor-widget-container\">\n\t\t\t\t\t\t\t<p><strong>D\u00e9broussaillage de la section d\u2019Oloron-Sainte-Marie \u00e0 Bedous<\/strong><\/p>\t\t\t\t\t\t<\/div>\n\t\t\t\t<\/div>\n\t\t\t\t\t<\/div>\n\t\t<\/div>\n\t\t\t\t\t\t\t<\/div>\n\t\t<\/section>\n\t\t\t\t<section class=\"elementor-section elementor-top-section elementor-element elementor-element-febaa4f elementor-section-boxed elementor-section-height-default elementor-section-height-default\" data-id=\"febaa4f\" data-element_type=\"section\">\n\t\t\t\t\t\t<div class=\"elementor-container elementor-column-gap-default\">\n\t\t\t\t\t<div class=\"elementor-column elementor-col-100 elementor-top-column elementor-element elementor-element-5c153f7\" data-id=\"5c153f7\" data-element_type=\"column\">\n\t\t\t<div class=\"elementor-widget-wrap elementor-element-populated\">\n\t\t\t\t\t\t\t\t<div class=\"elementor-element elementor-element-ac390d0 elementor-widget elementor-widget-text-editor\" data-id=\"ac390d0\" data-element_type=\"widget\" data-widget_type=\"text-editor.default\">\n\t\t\t\t<div class=\"elementor-widget-container\">\n\t\t\t\t\t\t\t<table width=\"100%\"><tbody><tr><td colspan=\"3\" width=\"100%\"><p>R\u00e9f\u00e9rence des d\u00e9lib\u00e9rations<\/p><\/td><\/tr><tr><td width=\"33%\"><p>2007.2576.CP<\/p><\/td><td width=\"33%\"><p>2007.2576.CP (Annexe)<\/p><\/td><td width=\"33%\"><p>2008.1138.CP<\/p><\/td><\/tr><tr><td width=\"33%\"><p>2008.1138.CP<\/p><\/td><td width=\"33%\"><p>2008.1366.SP<\/p><\/td><td width=\"33%\"><p>2008.2692.CP (Annexe)<\/p><\/td><\/tr><\/tbody><\/table>\t\t\t\t\t\t<\/div>\n\t\t\t\t<\/div>\n\t\t\t\t\t<\/div>\n\t\t<\/div>\n\t\t\t\t\t\t\t<\/div>\n\t\t<\/section>\n\t\t\t\t<section class=\"elementor-section elementor-top-section elementor-element elementor-element-860dbdc elementor-section-boxed elementor-section-height-default elementor-section-height-default\" data-id=\"860dbdc\" data-element_type=\"section\">\n\t\t\t\t\t\t<div class=\"elementor-container elementor-column-gap-default\">\n\t\t\t\t\t<div class=\"elementor-column elementor-col-100 elementor-top-column elementor-element elementor-element-df3b23b\" data-id=\"df3b23b\" data-element_type=\"column\">\n\t\t\t<div class=\"elementor-widget-wrap elementor-element-populated\">\n\t\t\t\t\t\t\t\t<div class=\"elementor-element elementor-element-775d43c elementor-widget elementor-widget-text-editor\" data-id=\"775d43c\" data-element_type=\"widget\" data-widget_type=\"text-editor.default\">\n\t\t\t\t<div class=\"elementor-widget-container\">\n\t\t\t\t\t\t\t<p>Ce d\u00e9broussaillage et d\u00e9sherbage relativement simple sur une longueur de 23,4km en plaine a \u00e9t\u00e9 effectu\u00e9 du 28 janvier au 18 avril 2008. Son co\u00fbt fut de 100\u00a0000\u20ac r\u00e9gl\u00e9 \u00e0 RFF par la R\u00e9gion Aquitaine. Il faut dire aussi que la ligne n\u2019avait pas \u00e9t\u00e9 circul\u00e9e que durant 17 ann\u00e9es, de quoi \u00e9viter aux s\u00e9quoias g\u00e9ants de se d\u00e9velopper. A 8m de d\u00e9broussaillage en largeur sur toute la longueur de voie, c\u2019est donc un total de 187 200m\u00b2 qui ont \u00e9t\u00e9 d\u00e9broussaill\u00e9, soit un co\u00fbt moyen unitaire de 0,53\u20ac\/m\u00b2.<\/p>\t\t\t\t\t\t<\/div>\n\t\t\t\t<\/div>\n\t\t\t\t\t<\/div>\n\t\t<\/div>\n\t\t\t\t\t\t\t<\/div>\n\t\t<\/section>\n\t\t\t\t<section class=\"elementor-section elementor-top-section elementor-element elementor-element-84c00e9 elementor-section-boxed elementor-section-height-default elementor-section-height-default\" data-id=\"84c00e9\" data-element_type=\"section\">\n\t\t\t\t\t\t<div class=\"elementor-container elementor-column-gap-default\">\n\t\t\t\t\t<div class=\"elementor-column elementor-col-100 elementor-top-column elementor-element elementor-element-51c7592\" data-id=\"51c7592\" data-element_type=\"column\">\n\t\t\t<div class=\"elementor-widget-wrap elementor-element-populated\">\n\t\t\t\t\t\t\t\t<div class=\"elementor-element elementor-element-d350156 elementor-widget elementor-widget-text-editor\" data-id=\"d350156\" data-element_type=\"widget\" data-widget_type=\"text-editor.default\">\n\t\t\t\t<div class=\"elementor-widget-container\">\n\t\t\t\t\t\t\t<p><strong>D\u00e9broussaillage de la section de Bedous au tunnel ferroviaire du Somport<\/strong><\/p>\t\t\t\t\t\t<\/div>\n\t\t\t\t<\/div>\n\t\t\t\t\t<\/div>\n\t\t<\/div>\n\t\t\t\t\t\t\t<\/div>\n\t\t<\/section>\n\t\t\t\t<section class=\"elementor-section elementor-top-section elementor-element elementor-element-909c0ce elementor-section-boxed elementor-section-height-default elementor-section-height-default\" data-id=\"909c0ce\" data-element_type=\"section\">\n\t\t\t\t\t\t<div class=\"elementor-container elementor-column-gap-default\">\n\t\t\t\t\t<div class=\"elementor-column elementor-col-100 elementor-top-column elementor-element elementor-element-f4d7d36\" data-id=\"f4d7d36\" data-element_type=\"column\">\n\t\t\t<div class=\"elementor-widget-wrap elementor-element-populated\">\n\t\t\t\t\t\t\t\t<div class=\"elementor-element elementor-element-57f63dd elementor-widget elementor-widget-text-editor\" data-id=\"57f63dd\" data-element_type=\"widget\" data-widget_type=\"text-editor.default\">\n\t\t\t\t<div class=\"elementor-widget-container\">\n\t\t\t\t\t\t\t<table width=\"100%\"><tbody><tr><td colspan=\"3\" width=\"100%\"><p>R\u00e9f\u00e9rence des d\u00e9lib\u00e9rations<\/p><\/td><\/tr><tr><td width=\"33%\"><p>2013.1562.CP<\/p><\/td><td width=\"33%\"><p>2014.2037.SP<\/p><\/td><td width=\"33%\"><p>2017.1443.CP<\/p><\/td><\/tr><tr><td width=\"33%\"><p>2017.1443.CP (Annexe)<\/p><\/td><td width=\"33%\"><p>2017.2048.SP<\/p><\/td><td width=\"33%\"><p>2017.2368.CP<\/p><\/td><\/tr><tr><td width=\"33%\"><p>2017.2368.CP (Annexe)<\/p><\/td><td width=\"33%\"><p>2018.1840.CP<\/p><\/td><td width=\"33%\"><p>2018.1840.CP (Annexe)<\/p><\/td><\/tr><tr><td width=\"33%\"><p>2018.2457.SP (Annexe)<\/p><\/td><td width=\"33%\"><p>\u00a0<\/p><\/td><td width=\"33%\"><p>\u00a0<\/p><\/td><\/tr><\/tbody><\/table>\t\t\t\t\t\t<\/div>\n\t\t\t\t<\/div>\n\t\t\t\t\t<\/div>\n\t\t<\/div>\n\t\t\t\t\t\t\t<\/div>\n\t\t<\/section>\n\t\t\t\t<section class=\"elementor-section elementor-top-section elementor-element elementor-element-8f7cfbf elementor-section-boxed elementor-section-height-default elementor-section-height-default\" data-id=\"8f7cfbf\" data-element_type=\"section\">\n\t\t\t\t\t\t<div class=\"elementor-container elementor-column-gap-default\">\n\t\t\t\t\t<div class=\"elementor-column elementor-col-100 elementor-top-column elementor-element elementor-element-132f7d9\" data-id=\"132f7d9\" data-element_type=\"column\">\n\t\t\t<div class=\"elementor-widget-wrap elementor-element-populated\">\n\t\t\t\t\t\t\t\t<div class=\"elementor-element elementor-element-6c0f3f7 elementor-widget elementor-widget-text-editor\" data-id=\"6c0f3f7\" data-element_type=\"widget\" data-widget_type=\"text-editor.default\">\n\t\t\t\t<div class=\"elementor-widget-container\">\n\t\t\t\t\t\t\t<p>En 2013 a \u00e9t\u00e9 vot\u00e9e une premi\u00e8re d\u00e9lib\u00e9ration de 200\u00a0000\u20ac pour d\u00e9broussailler mais uniquement sur les emprises qui firent l\u2019objet d\u2019\u00e9tudes d\u2019avant-projet. Cette estimation a \u00e9t\u00e9 faite en se basant sur les co\u00fbts de la section d\u2019Oloron-Sainte-Marie \u00e0 Bedous. Comme il y eu du retard, il a donc fallu rajouter 100\u00a0000\u20ac en 2017, soit 300\u00a0000\u20ac seulement pour ce premier d\u00e9broussaillage partiel.<\/p><p>A la suite d\u2019une visite des lieux en juin de la m\u00eame ann\u00e9e 2017, RFF estima alors le co\u00fbt total du d\u00e9broussaillage \u00e0 970\u00a0000\u20ac en raison de l\u2019ampleur de la v\u00e9g\u00e9tation et des difficult\u00e9s d\u2019acc\u00e8s. Normal, cette section de ligne n\u2019a pas \u00e9t\u00e9 circul\u00e9e depuis 47 ann\u00e9es. Il faut donc lib\u00e9rer la voie de 19km sur une largeur de 6 \u00e0 8m pour r\u00e9aliser les \u00e9tudes, ce qui correspond \u00e0 une surface d\u2019environ 133\u00a0000m\u00b2. Les travaux sont alors pr\u00e9vus sur 16 mois en deux phases, la premi\u00e8re phase de 9,5km de d\u00e9cembre 2017 \u00e0 f\u00e9vrier 2018 puis la seconde phase de 9,5km d\u2019ao\u00fbt \u00e0 octobre 2018.<\/p><p>Mais tr\u00e8s vite, c\u2019est la B\u00e9r\u00e9zina avec la sous-estimation des co\u00fbts, alors pour rester dans le budget, le d\u00e9broussaillage s\u2019effectua sur une largeur de 4m uniquement sur les 9,5km de la deuxi\u00e8me phase au lieu de 6 \u00e0 8m.<\/p><p>La premi\u00e8re phase est donc termin\u00e9e, mais en ao\u00fbt 2018, SNCF R\u00e9seau s\u2019aper\u00e7oit que les arbres, arbustes, arbrisseaux, herbes folles et v\u00e9g\u00e9tation en tout genre ont repouss\u00e9 sur les 9,5km de cette premi\u00e8re phase\u00a0: il a beaucoup plu au printemps 2018 en vall\u00e9e d\u2019Aspe\u00a0! Il est donc n\u00e9cessaire de repasser le gyrobroyeur, les co\u00fbts passent alors de 970\u00a0000\u20ac \u00e0 1\u00a0081\u00a0053\u20ac.<\/p><p>Au final, personne ne sait combien \u00e0 v\u00e9ritablement co\u00fbter ce d\u00e9broussaillage, le solde a \u00e9t\u00e9 pay\u00e9 en 2019 et affect\u00e9 dans une enveloppe globale de 5\u00a0100\u00a0000\u20ac comprenant le solde de la r\u00e9ouverture d\u2019Oloron-Bedous, la t\u00e9l\u00e9-surveillance des passages \u00e0 niveau et le d\u00e9broussaillage.<\/p>\t\t\t\t\t\t<\/div>\n\t\t\t\t<\/div>\n\t\t\t\t\t<\/div>\n\t\t<\/div>\n\t\t\t\t\t\t\t<\/div>\n\t\t<\/section>\n\t\t\t\t<section class=\"elementor-section elementor-top-section elementor-element elementor-element-0032ee6 elementor-section-boxed elementor-section-height-default elementor-section-height-default\" data-id=\"0032ee6\" data-element_type=\"section\">\n\t\t\t\t\t\t<div class=\"elementor-container elementor-column-gap-default\">\n\t\t\t\t\t<div class=\"elementor-column elementor-col-100 elementor-top-column elementor-element elementor-element-a5ab4f9\" data-id=\"a5ab4f9\" data-element_type=\"column\">\n\t\t\t<div class=\"elementor-widget-wrap elementor-element-populated\">\n\t\t\t\t\t\t\t\t<div class=\"elementor-element elementor-element-ef920b1 elementor-widget elementor-widget-text-editor\" data-id=\"ef920b1\" data-element_type=\"widget\" data-widget_type=\"text-editor.default\">\n\t\t\t\t<div class=\"elementor-widget-container\">\n\t\t\t\t\t\t\t<p><strong>En conclusion<\/strong><\/p><p>Petit r\u00e9sum\u00e9 de l\u2019explosion des co\u00fbts des d\u00e9broussaillages et des d\u00e9sherbages\u00a0:<\/p>\t\t\t\t\t\t<\/div>\n\t\t\t\t<\/div>\n\t\t\t\t\t<\/div>\n\t\t<\/div>\n\t\t\t\t\t\t\t<\/div>\n\t\t<\/section>\n\t\t\t\t<section class=\"elementor-section elementor-top-section elementor-element elementor-element-53480cf elementor-section-boxed elementor-section-height-default elementor-section-height-default\" data-id=\"53480cf\" data-element_type=\"section\">\n\t\t\t\t\t\t<div class=\"elementor-container elementor-column-gap-default\">\n\t\t\t\t\t<div class=\"elementor-column elementor-col-100 elementor-top-column elementor-element elementor-element-07961b7\" data-id=\"07961b7\" data-element_type=\"column\">\n\t\t\t<div class=\"elementor-widget-wrap elementor-element-populated\">\n\t\t\t\t\t\t\t\t<div class=\"elementor-element elementor-element-a73ee62 elementor-widget elementor-widget-text-editor\" data-id=\"a73ee62\" data-element_type=\"widget\" data-widget_type=\"text-editor.default\">\n\t\t\t\t<div class=\"elementor-widget-container\">\n\t\t\t\t\t\t\t<table width=\"107%\"><tbody><tr><td width=\"17%\">\u00a0<\/td><td width=\"23%\">\u00a0<\/td><td width=\"10%\"><p>Longueur<\/p><\/td><td width=\"8%\"><p>Largeur<\/p><\/td><td width=\"13%\"><p>Superficie<\/p><\/td><td width=\"14%\"><p>Co\u00fbt<\/p><\/td><td width=\"13%\"><p>Co\u00fbt unitaire<\/p><\/td><\/tr><tr><td width=\"17%\"><p>Oloron-Bedous<\/p><\/td><td width=\"23%\"><p>Janvier \u00e0 avril 2008<\/p><\/td><td width=\"10%\"><p>23,4km<\/p><\/td><td width=\"8%\"><p>8m<\/p><\/td><td width=\"13%\"><p>187 200m\u00b2<\/p><\/td><td width=\"14%\"><p>100 000 \u20ac<\/p><\/td><td width=\"13%\"><p>0,53\u20ac\/m\u00b2<\/p><\/td><\/tr><tr><td width=\"17%\"><p>Bedous-Somport<\/p><\/td><td width=\"23%\"><p>Estimation en 2013<\/p><\/td><td width=\"10%\"><p>19km<\/p><\/td><td width=\"8%\"><p>7m<\/p><\/td><td width=\"13%\"><p>133 000m\u00b2<\/p><\/td><td width=\"14%\"><p>200 000 \u20ac<\/p><\/td><td width=\"13%\"><p>1,50\u20ac\/m\u00b2<\/p><\/td><\/tr><tr><td width=\"17%\"><p>Bedous-Somport<\/p><\/td><td width=\"23%\"><p>R\u00e9\u00e9valuation en 2017<\/p><\/td><td width=\"10%\"><p>19km<\/p><\/td><td width=\"8%\"><p>7m<\/p><\/td><td width=\"13%\"><p>133 000m\u00b2<\/p><\/td><td width=\"14%\"><p>300 000 \u20ac<\/p><\/td><td width=\"13%\"><p>2,26\u20ac\/m\u00b2<\/p><\/td><\/tr><tr><td width=\"17%\"><p>Bedous-Somport<\/p><\/td><td width=\"23%\"><p>R\u00e9\u00e9valuation en 2017<\/p><\/td><td width=\"10%\"><p>19km<\/p><\/td><td width=\"8%\"><p>7m<\/p><\/td><td width=\"13%\"><p>133 000m\u00b2<\/p><\/td><td width=\"14%\"><p>970 000 \u20ac<\/p><\/td><td width=\"13%\"><p>7,29\u20ac\/m\u00b2<\/p><\/td><\/tr><tr><td width=\"17%\"><p>Bedous-Somport<\/p><\/td><td width=\"23%\"><p>R\u00e9\u00e9valuation en 2018<\/p><\/td><td width=\"10%\"><p>19km<\/p><\/td><td width=\"8%\"><p>4m et 7m<\/p><\/td><td width=\"13%\"><p>104 500m\u00b2<\/p><\/td><td width=\"14%\"><p>1 081 053 \u20ac<\/p><\/td><td width=\"13%\"><p>10,35\u20ac\/m\u00b2<\/p><\/td><\/tr><tr><td width=\"17%\"><p>Bedous-Somport<\/p><\/td><td width=\"23%\"><p>Solde en 2019<\/p><\/td><td width=\"10%\"><p>19km<\/p><\/td><td width=\"8%\"><p>4m et 7m<\/p><\/td><td width=\"13%\"><p>104 500m\u00b2<\/p><\/td><td width=\"14%\"><p>???<\/p><\/td><td width=\"13%\"><p>\u224811,00\u20ac\/m\u00b2<\/p><\/td><\/tr><\/tbody><\/table>\t\t\t\t\t\t<\/div>\n\t\t\t\t<\/div>\n\t\t\t\t\t<\/div>\n\t\t<\/div>\n\t\t\t\t\t\t\t<\/div>\n\t\t<\/section>\n\t\t\t\t<section class=\"elementor-section elementor-top-section elementor-element elementor-element-3691782 elementor-section-boxed elementor-section-height-default elementor-section-height-default\" data-id=\"3691782\" data-element_type=\"section\">\n\t\t\t\t\t\t<div class=\"elementor-container elementor-column-gap-default\">\n\t\t\t\t\t<div class=\"elementor-column elementor-col-100 elementor-top-column elementor-element elementor-element-29b1117\" data-id=\"29b1117\" data-element_type=\"column\">\n\t\t\t<div class=\"elementor-widget-wrap elementor-element-populated\">\n\t\t\t\t\t\t\t\t<div class=\"elementor-element elementor-element-73632b5 elementor-widget elementor-widget-text-editor\" data-id=\"73632b5\" data-element_type=\"widget\" data-widget_type=\"text-editor.default\">\n\t\t\t\t<div class=\"elementor-widget-container\">\n\t\t\t\t\t\t\t<p>En d\u00e9finitive, le co\u00fbt du d\u00e9broussaillage est donc pass\u00e9 de 0,53\u20ac\/m\u00b2 sur la section d\u2019Oloron \u00e0 Bedous \u00e0 plus de 11,00\u20ac\/m\u00b2 sur la section de Bedous au tunnel ferroviaire du Somport. Et ce n\u2019est pas fini\u00a0! En effet, depuis 2019, les \u00e9tudes sont au ralenti et ont pris du retard. Pendant ce temps, nos arbres, arbustes, arbrisseaux, herbes folles et v\u00e9g\u00e9tation en tout genre continuent de pousser et de repousser. Il va donc falloir songer t\u00f4t ou tard \u00e0 tout recommencer. Tout ceci est absolument d\u00e9sesp\u00e9rant\u2026<\/p><p>S\u2019il vous plait, laissez pousser tranquillement ces arbres, arbustes, arbrisseaux, herbes folles et v\u00e9g\u00e9tation en tout genre\u00a0!<\/p>\t\t\t\t\t\t<\/div>\n\t\t\t\t<\/div>\n\t\t\t\t\t<\/div>\n\t\t<\/div>\n\t\t\t\t\t\t\t<\/div>\n\t\t<\/section>\n\t\t\t\t\t\t<\/div>\n\t\t\t\t\t<\/div>\n\t\t","protected":false},"excerpt":{"rendered":"<p>D\u00e9lib\u00e9rations du Conseil R\u00e9gional de Nouvelle-Aquitaine D\u00e9broussaillage et d\u00e9sherbage &#8220;H\u00f6re eher auf den wachsenden Wald als auf den fallenden Baum!&#8221; Georg Wilhelm Friedrich Hegel (1770 &#8211; 1831) Version initiale du 5 juin 2022, derni\u00e8re mise \u00e0 jour au 5 juin 2022 Arbres, arbustes, arbrisseaux, herbes folles et v\u00e9g\u00e9tation en tout genre&nbsp; Les voil\u00e0, les premiers &hellip;<\/p>\n<p class=\"read-more\"> <a class=\"\" href=\"https:\/\/croc-aspe.com\/?page_id=4244\"> <span class=\"screen-reader-text\">Conseil R\u00e9gional : D\u00e9broussaillage<\/span> Read More &raquo;<\/a><\/p>\n","protected":false},"author":1,"featured_media":0,"parent":0,"menu_order":0,"comment_status":"closed","ping_status":"closed","template":"","meta":{"om_disable_all_campaigns":false,"_monsterinsights_skip_tracking":false,"_monsterinsights_sitenote_active":false,"_monsterinsights_sitenote_note":"","_monsterinsights_sitenote_category":0,"site-sidebar-layout":"no-sidebar","site-content-layout":"page-builder","ast-main-header-display":"","ast-hfb-above-header-display":"","ast-hfb-below-header-display":"","ast-hfb-mobile-header-display":"","site-post-title":"disabled","ast-breadcrumbs-content":"","ast-featured-img":"disabled","footer-sml-layout":"","theme-transparent-header-meta":"","adv-header-id-meta":"","stick-header-meta":"","header-above-stick-meta":"","header-main-stick-meta":"","header-below-stick-meta":"","footnotes":""},"class_list":["post-4244","page","type-page","status-publish","hentry"],"_links":{"self":[{"href":"https:\/\/croc-aspe.com\/index.php?rest_route=\/wp\/v2\/pages\/4244","targetHints":{"allow":["GET"]}}],"collection":[{"href":"https:\/\/croc-aspe.com\/index.php?rest_route=\/wp\/v2\/pages"}],"about":[{"href":"https:\/\/croc-aspe.com\/index.php?rest_route=\/wp\/v2\/types\/page"}],"author":[{"embeddable":true,"href":"https:\/\/croc-aspe.com\/index.php?rest_route=\/wp\/v2\/users\/1"}],"replies":[{"embeddable":true,"href":"https:\/\/croc-aspe.com\/index.php?rest_route=%2Fwp%2Fv2%2Fcomments&post=4244"}],"version-history":[{"count":26,"href":"https:\/\/croc-aspe.com\/index.php?rest_route=\/wp\/v2\/pages\/4244\/revisions"}],"predecessor-version":[{"id":4382,"href":"https:\/\/croc-aspe.com\/index.php?rest_route=\/wp\/v2\/pages\/4244\/revisions\/4382"}],"wp:attachment":[{"href":"https:\/\/croc-aspe.com\/index.php?rest_route=%2Fwp%2Fv2%2Fmedia&parent=4244"}],"curies":[{"name":"wp","href":"https:\/\/api.w.org\/{rel}","templated":true}]}}