{"id":4183,"date":"2022-06-05T05:43:00","date_gmt":"2022-06-05T05:43:00","guid":{"rendered":"https:\/\/croc-aspe.com\/?page_id=4183"},"modified":"2022-06-05T05:43:16","modified_gmt":"2022-06-05T05:43:16","slug":"biographie-thelemaque-godard","status":"publish","type":"page","link":"https:\/\/croc-aspe.com\/?page_id=4183","title":{"rendered":"Biographie Th\u00e9l\u00e9maque Godard"},"content":{"rendered":"\t\t<div data-elementor-type=\"wp-page\" data-elementor-id=\"4183\" class=\"elementor elementor-4183\" data-elementor-settings=\"[]\">\n\t\t\t\t\t\t\t<div class=\"elementor-section-wrap\">\n\t\t\t\t\t\t\t<section class=\"elementor-section elementor-top-section elementor-element elementor-element-1d0ea1db elementor-section-boxed elementor-section-height-default elementor-section-height-default\" data-id=\"1d0ea1db\" data-element_type=\"section\">\n\t\t\t\t\t\t<div class=\"elementor-container elementor-column-gap-default\">\n\t\t\t\t\t<div class=\"elementor-column elementor-col-100 elementor-top-column elementor-element elementor-element-2178137a\" data-id=\"2178137a\" data-element_type=\"column\">\n\t\t\t<div class=\"elementor-widget-wrap elementor-element-populated\">\n\t\t\t\t\t\t\t\t<div class=\"elementor-element elementor-element-42f3e64f elementor-widget elementor-widget-text-editor\" data-id=\"42f3e64f\" data-element_type=\"widget\" data-widget_type=\"text-editor.default\">\n\t\t\t\t<div class=\"elementor-widget-container\">\n\t\t\t<style>\/*! elementor - v3.5.5 - 03-02-2022 *\/\n.elementor-widget-text-editor.elementor-drop-cap-view-stacked .elementor-drop-cap{background-color:#818a91;color:#fff}.elementor-widget-text-editor.elementor-drop-cap-view-framed .elementor-drop-cap{color:#818a91;border:3px solid;background-color:transparent}.elementor-widget-text-editor:not(.elementor-drop-cap-view-default) .elementor-drop-cap{margin-top:8px}.elementor-widget-text-editor:not(.elementor-drop-cap-view-default) .elementor-drop-cap-letter{width:1em;height:1em}.elementor-widget-text-editor .elementor-drop-cap{float:left;text-align:center;line-height:1;font-size:50px}.elementor-widget-text-editor .elementor-drop-cap-letter{display:inline-block}<\/style>\t\t\t\t<p><b><\/b><b><span lang=\"ES\" style=\"font-size: 14.0pt; mso-ansi-language: ES;\"><strong>Th\u00e9l\u00e9maque Godard (11\/05\/1864 Lyon 3\u00e8me &#8211; \u2026)<\/strong><\/span><\/b><\/p>\t\t\t\t\t\t<\/div>\n\t\t\t\t<\/div>\n\t\t\t\t\t<\/div>\n\t\t<\/div>\n\t\t\t\t\t\t\t<\/div>\n\t\t<\/section>\n\t\t\t\t<section class=\"elementor-section elementor-top-section elementor-element elementor-element-4ea28538 elementor-section-boxed elementor-section-height-default elementor-section-height-default\" data-id=\"4ea28538\" data-element_type=\"section\">\n\t\t\t\t\t\t<div class=\"elementor-container elementor-column-gap-default\">\n\t\t\t\t\t<div class=\"elementor-column elementor-col-100 elementor-top-column elementor-element elementor-element-44f311dd\" data-id=\"44f311dd\" data-element_type=\"column\">\n\t\t\t<div class=\"elementor-widget-wrap elementor-element-populated\">\n\t\t\t\t\t\t\t\t<div class=\"elementor-element elementor-element-3d924288 elementor-widget elementor-widget-text-editor\" data-id=\"3d924288\" data-element_type=\"widget\" data-widget_type=\"text-editor.default\">\n\t\t\t\t<div class=\"elementor-widget-container\">\n\t\t\t\t\t\t\t<p>Polytechnicien, Ing\u00e9nieur en chef \u00e0 la construction \u00e0 la Compagnie des Chemins de Fer du Midi, Professeur \u00e0 l\u2019Ecole Nationale des Ponts et Chauss\u00e9es, Chevalier de la L\u00e9gion d&#8217;Honneur en 1920 puis Officier en 1928<\/p>\t\t\t\t\t\t<\/div>\n\t\t\t\t<\/div>\n\t\t\t\t\t<\/div>\n\t\t<\/div>\n\t\t\t\t\t\t\t<\/div>\n\t\t<\/section>\n\t\t\t\t<section class=\"elementor-section elementor-top-section elementor-element elementor-element-79251afc elementor-section-boxed elementor-section-height-default elementor-section-height-default\" data-id=\"79251afc\" data-element_type=\"section\">\n\t\t\t\t\t\t<div class=\"elementor-container elementor-column-gap-default\">\n\t\t\t\t\t<div class=\"elementor-column elementor-col-100 elementor-top-column elementor-element elementor-element-5dd535db\" data-id=\"5dd535db\" data-element_type=\"column\">\n\t\t\t<div class=\"elementor-widget-wrap elementor-element-populated\">\n\t\t\t\t\t\t\t\t<div class=\"elementor-element elementor-element-93ccf2b elementor-widget elementor-widget-text-editor\" data-id=\"93ccf2b\" data-element_type=\"widget\" data-widget_type=\"text-editor.default\">\n\t\t\t\t<div class=\"elementor-widget-container\">\n\t\t\t\t\t\t\t<p>Th\u00e9l\u00e9maque Godard fut ing\u00e9nieur en chef \u00e0 la Compagnie du Midi et fut \u00e0 l\u2019origine de la construction de nombreux ponts, ouvrages d\u2019art, usines hydro-\u00e9lectriques et syst\u00e8mes d\u2019\u00e9lectrification du r\u00e9seau de cette compagnie. Ce fut l\u2019un des grands sp\u00e9cialistes des ponts ferroviaires en France. Il a d\u00e9velopp\u00e9 une m\u00e9thode de calcul des ponts suspendus qui porte son nom. Son ouvrage &#8220;Ponts et combles m\u00e9talliques&#8221; qui parut en 1924 \u00e0 la librairie J.-B. Bailli\u00e8re et fils, Paris, est rest\u00e9 longtemps une r\u00e9f\u00e9rence dans ce domaine. <br \/>Il d\u00e9crivit dans la revue &#8220;La Science et la Vie&#8221; le syst\u00e8me d\u2019\u00e9lectrification de la ligne Pau \u2013 Canfranc et l\u2019am\u00e9nagement hydro-\u00e9lectrique de la vall\u00e9e d\u2019Ossau depuis le lac d\u2019Artouste avec les usines d\u2019Artouste, du Mi\u00e8gebat et du Hourat. Il expliqua que la r\u00e9alisation de cette ligne ne fut possible que gr\u00e2ce \u00e0 l\u2019\u00e9lectrification qui permit la traction de locomotives puissantes sur des pentes de 43\u2030.<\/p>\t\t\t\t\t\t<\/div>\n\t\t\t\t<\/div>\n\t\t\t\t\t<\/div>\n\t\t<\/div>\n\t\t\t\t\t\t\t<\/div>\n\t\t<\/section>\n\t\t\t\t<section class=\"elementor-section elementor-top-section elementor-element elementor-element-27204710 elementor-section-boxed elementor-section-height-default elementor-section-height-default\" data-id=\"27204710\" data-element_type=\"section\">\n\t\t\t\t\t\t<div class=\"elementor-container elementor-column-gap-default\">\n\t\t\t\t\t<div class=\"elementor-column elementor-col-100 elementor-top-column elementor-element elementor-element-4bd406\" data-id=\"4bd406\" data-element_type=\"column\">\n\t\t\t<div class=\"elementor-widget-wrap\">\n\t\t\t\t\t\t\t\t\t<\/div>\n\t\t<\/div>\n\t\t\t\t\t\t\t<\/div>\n\t\t<\/section>\n\t\t\t\t<section class=\"elementor-section elementor-top-section elementor-element elementor-element-3bc547ea elementor-section-boxed elementor-section-height-default elementor-section-height-default\" data-id=\"3bc547ea\" data-element_type=\"section\">\n\t\t\t\t\t\t<div class=\"elementor-container elementor-column-gap-default\">\n\t\t\t\t\t<div class=\"elementor-column elementor-col-50 elementor-top-column elementor-element elementor-element-a0fb11d\" data-id=\"a0fb11d\" data-element_type=\"column\">\n\t\t\t<div class=\"elementor-widget-wrap elementor-element-populated\">\n\t\t\t\t\t\t\t\t<div class=\"elementor-element elementor-element-286a8e4b elementor-button-success elementor-align-center elementor-widget elementor-widget-button\" data-id=\"286a8e4b\" data-element_type=\"widget\" data-widget_type=\"button.default\">\n\t\t\t\t<div class=\"elementor-widget-container\">\n\t\t\t\t\t<div class=\"elementor-button-wrapper\">\n\t\t\t<a href=\"https:\/\/croc-aspe.com\/?page_id=2368\" class=\"elementor-button-link elementor-button elementor-size-sm\" role=\"button\">\n\t\t\t\t\t\t<span class=\"elementor-button-content-wrapper\">\n\t\t\t\t\t\t<span class=\"elementor-button-text\">Quelques citations dE Th\u00e9l\u00e9maque Godard<\/span>\n\t\t<\/span>\n\t\t\t\t\t<\/a>\n\t\t<\/div>\n\t\t\t\t<\/div>\n\t\t\t\t<\/div>\n\t\t\t\t\t<\/div>\n\t\t<\/div>\n\t\t\t\t<div class=\"elementor-column elementor-col-50 elementor-top-column elementor-element elementor-element-1d40ba57\" data-id=\"1d40ba57\" data-element_type=\"column\">\n\t\t\t<div class=\"elementor-widget-wrap elementor-element-populated\">\n\t\t\t\t\t\t\t\t<div class=\"elementor-element elementor-element-1533a47 elementor-align-center elementor-widget elementor-widget-button\" data-id=\"1533a47\" data-element_type=\"widget\" data-widget_type=\"button.default\">\n\t\t\t\t<div class=\"elementor-widget-container\">\n\t\t\t\t\t<div class=\"elementor-button-wrapper\">\n\t\t\t<a href=\"https:\/\/croc-aspe.com\/?page_id=3939\" class=\"elementor-button-link elementor-button elementor-size-sm\" role=\"button\">\n\t\t\t\t\t\t<span class=\"elementor-button-content-wrapper\">\n\t\t\t\t\t\t<span class=\"elementor-button-text\">Retour aux personnages<\/span>\n\t\t<\/span>\n\t\t\t\t\t<\/a>\n\t\t<\/div>\n\t\t\t\t<\/div>\n\t\t\t\t<\/div>\n\t\t\t\t\t<\/div>\n\t\t<\/div>\n\t\t\t\t\t\t\t<\/div>\n\t\t<\/section>\n\t\t\t\t\t\t<\/div>\n\t\t\t\t\t<\/div>\n\t\t","protected":false},"excerpt":{"rendered":"<p>Th\u00e9l\u00e9maque Godard (11\/05\/1864 Lyon 3\u00e8me &#8211; \u2026) Polytechnicien, Ing\u00e9nieur en chef \u00e0 la construction \u00e0 la Compagnie des Chemins de Fer du Midi, Professeur \u00e0 l\u2019Ecole Nationale des Ponts et Chauss\u00e9es, Chevalier de la L\u00e9gion d&#8217;Honneur en 1920 puis Officier en 1928 Th\u00e9l\u00e9maque Godard fut ing\u00e9nieur en chef \u00e0 la Compagnie du Midi et fut &hellip;<\/p>\n<p class=\"read-more\"> <a class=\"\" href=\"https:\/\/croc-aspe.com\/?page_id=4183\"> <span class=\"screen-reader-text\">Biographie Th\u00e9l\u00e9maque Godard<\/span> Read More &raquo;<\/a><\/p>\n","protected":false},"author":1,"featured_media":0,"parent":0,"menu_order":0,"comment_status":"closed","ping_status":"closed","template":"","meta":{"om_disable_all_campaigns":false,"_monsterinsights_skip_tracking":false,"_monsterinsights_sitenote_active":false,"_monsterinsights_sitenote_note":"","_monsterinsights_sitenote_category":0,"site-sidebar-layout":"no-sidebar","site-content-layout":"page-builder","ast-main-header-display":"","ast-hfb-above-header-display":"","ast-hfb-below-header-display":"","ast-hfb-mobile-header-display":"","site-post-title":"disabled","ast-breadcrumbs-content":"","ast-featured-img":"disabled","footer-sml-layout":"","theme-transparent-header-meta":"","adv-header-id-meta":"","stick-header-meta":"","header-above-stick-meta":"","header-main-stick-meta":"","header-below-stick-meta":"","footnotes":""},"class_list":["post-4183","page","type-page","status-publish","hentry"],"_links":{"self":[{"href":"https:\/\/croc-aspe.com\/index.php?rest_route=\/wp\/v2\/pages\/4183","targetHints":{"allow":["GET"]}}],"collection":[{"href":"https:\/\/croc-aspe.com\/index.php?rest_route=\/wp\/v2\/pages"}],"about":[{"href":"https:\/\/croc-aspe.com\/index.php?rest_route=\/wp\/v2\/types\/page"}],"author":[{"embeddable":true,"href":"https:\/\/croc-aspe.com\/index.php?rest_route=\/wp\/v2\/users\/1"}],"replies":[{"embeddable":true,"href":"https:\/\/croc-aspe.com\/index.php?rest_route=%2Fwp%2Fv2%2Fcomments&post=4183"}],"version-history":[{"count":4,"href":"https:\/\/croc-aspe.com\/index.php?rest_route=\/wp\/v2\/pages\/4183\/revisions"}],"predecessor-version":[{"id":4187,"href":"https:\/\/croc-aspe.com\/index.php?rest_route=\/wp\/v2\/pages\/4183\/revisions\/4187"}],"wp:attachment":[{"href":"https:\/\/croc-aspe.com\/index.php?rest_route=%2Fwp%2Fv2%2Fmedia&parent=4183"}],"curies":[{"name":"wp","href":"https:\/\/api.w.org\/{rel}","templated":true}]}}