{"id":3333,"date":"2022-04-09T12:16:56","date_gmt":"2022-04-09T12:16:56","guid":{"rendered":"https:\/\/croc-aspe.com\/?page_id=3333"},"modified":"2024-10-17T06:51:47","modified_gmt":"2024-10-17T06:51:47","slug":"horaires-detailles-des-ter-canfranc-bedous-oloron-pau","status":"publish","type":"page","link":"https:\/\/croc-aspe.com\/?page_id=3333","title":{"rendered":"Horaires d\u00e9taill\u00e9s des TER Canfranc > Bedous > Oloron > Pau"},"content":{"rendered":"\t\t<div data-elementor-type=\"wp-page\" data-elementor-id=\"3333\" class=\"elementor elementor-3333\" data-elementor-settings=\"[]\">\n\t\t\t\t\t\t\t<div class=\"elementor-section-wrap\">\n\t\t\t\t\t\t\t<section class=\"elementor-section elementor-top-section elementor-element elementor-element-4b112be7 elementor-section-boxed elementor-section-height-default elementor-section-height-default\" data-id=\"4b112be7\" data-element_type=\"section\">\n\t\t\t\t\t\t<div class=\"elementor-container elementor-column-gap-default\">\n\t\t\t\t\t<div class=\"elementor-column elementor-col-100 elementor-top-column elementor-element elementor-element-15adccf2\" data-id=\"15adccf2\" data-element_type=\"column\">\n\t\t\t<div class=\"elementor-widget-wrap elementor-element-populated\">\n\t\t\t\t\t\t\t\t<div class=\"elementor-element elementor-element-407b5750 elementor-widget elementor-widget-text-editor\" data-id=\"407b5750\" data-element_type=\"widget\" data-widget_type=\"text-editor.default\">\n\t\t\t\t<div class=\"elementor-widget-container\">\n\t\t\t<style>\/*! elementor - v3.5.5 - 03-02-2022 *\/\n.elementor-widget-text-editor.elementor-drop-cap-view-stacked .elementor-drop-cap{background-color:#818a91;color:#fff}.elementor-widget-text-editor.elementor-drop-cap-view-framed .elementor-drop-cap{color:#818a91;border:3px solid;background-color:transparent}.elementor-widget-text-editor:not(.elementor-drop-cap-view-default) .elementor-drop-cap{margin-top:8px}.elementor-widget-text-editor:not(.elementor-drop-cap-view-default) .elementor-drop-cap-letter{width:1em;height:1em}.elementor-widget-text-editor .elementor-drop-cap{float:left;text-align:center;line-height:1;font-size:50px}.elementor-widget-text-editor .elementor-drop-cap-letter{display:inline-block}<\/style>\t\t\t\t<p><strong><span style=\"color: #ff0000;\">Les horaires d\u00e9taill\u00e9s des TER\u00a0<\/span><\/strong><\/p><p><strong><span style=\"color: #ff0000;\">Canfranc &gt; Bedous &gt; Oloron &gt; Pau<\/span><\/strong><\/p>\t\t\t\t\t\t<\/div>\n\t\t\t\t<\/div>\n\t\t\t\t\t<\/div>\n\t\t<\/div>\n\t\t\t\t\t\t\t<\/div>\n\t\t<\/section>\n\t\t\t\t<section class=\"elementor-section elementor-top-section elementor-element elementor-element-662ca008 elementor-section-boxed elementor-section-height-default elementor-section-height-default\" data-id=\"662ca008\" data-element_type=\"section\">\n\t\t\t\t\t\t<div class=\"elementor-container elementor-column-gap-default\">\n\t\t\t\t\t<div class=\"elementor-column elementor-col-100 elementor-top-column elementor-element elementor-element-2c333383\" data-id=\"2c333383\" data-element_type=\"column\">\n\t\t\t<div class=\"elementor-widget-wrap elementor-element-populated\">\n\t\t\t\t\t\t\t\t<div class=\"elementor-element elementor-element-6c3fc0fe elementor-widget elementor-widget-text-editor\" data-id=\"6c3fc0fe\" data-element_type=\"widget\" data-widget_type=\"text-editor.default\">\n\t\t\t\t<div class=\"elementor-widget-container\">\n\t\t\t\t\t\t\t<p><span style=\"color: #0000ff;\"><strong>Bedous &gt; Oloron &gt; Pau<\/strong><\/span><\/p><p><span style=\"color: #0000ff;\"><strong>Horaires du lundi au vendredi du 12\/12\/2021 au 01\/07\/2022<\/strong><\/span><\/p>\t\t\t\t\t\t<\/div>\n\t\t\t\t<\/div>\n\t\t\t\t\t<\/div>\n\t\t<\/div>\n\t\t\t\t\t\t\t<\/div>\n\t\t<\/section>\n\t\t\t\t<section class=\"elementor-section elementor-top-section elementor-element elementor-element-9d66a07 elementor-section-boxed elementor-section-height-default elementor-section-height-default\" data-id=\"9d66a07\" data-element_type=\"section\">\n\t\t\t\t\t\t<div class=\"elementor-container elementor-column-gap-default\">\n\t\t\t\t\t<div class=\"elementor-column elementor-col-100 elementor-top-column elementor-element elementor-element-34c5f23\" data-id=\"34c5f23\" data-element_type=\"column\">\n\t\t\t<div class=\"elementor-widget-wrap elementor-element-populated\">\n\t\t\t\t\t\t\t\t<div class=\"elementor-element elementor-element-03a4c2b elementor-widget elementor-widget-text-editor\" data-id=\"03a4c2b\" data-element_type=\"widget\" data-widget_type=\"text-editor.default\">\n\t\t\t\t<div class=\"elementor-widget-container\">\n\t\t\t\t\t\t\t<table width=\"1003\"><tbody><tr><td width=\"187\">Bedous<\/td><td width=\"68\">\u00a0<\/td><td width=\"68\">\u00a0<\/td><td width=\"68\">07:21<\/td><td width=\"68\">\u00a0<\/td><td width=\"68\">12:14<\/td><td width=\"68\">\u00a0<\/td><td width=\"68\">\u00a0<\/td><td width=\"68\">16:05<\/td><td width=\"68\">\u00a0<\/td><td width=\"68\">\u00a0<\/td><td width=\"68\">19:12<\/td><td width=\"68\">\u00a0<\/td><\/tr><tr><td>Sarrance<\/td><td>\u00a0<\/td><td>\u00a0<\/td><td>07:29<\/td><td>\u00a0<\/td><td>12:22<\/td><td>\u00a0<\/td><td>\u00a0<\/td><td>16:13<\/td><td>\u00a0<\/td><td>\u00a0<\/td><td>19:19<\/td><td>\u00a0<\/td><\/tr><tr><td>Lurbe Saint Christau<\/td><td>\u00a0<\/td><td>\u00a0<\/td><td>07:38<\/td><td>\u00a0<\/td><td>12:31<\/td><td>\u00a0<\/td><td>\u00a0<\/td><td>16:22<\/td><td>\u00a0<\/td><td>\u00a0<\/td><td>19:29<\/td><td>\u00a0<\/td><\/tr><tr><td>Bidos<\/td><td>\u00a0<\/td><td>\u00a0<\/td><td>07:46<\/td><td>\u00a0<\/td><td>12:39<\/td><td>\u00a0<\/td><td>\u00a0<\/td><td>16:30<\/td><td>18:12<\/td><td>\u00a0<\/td><td>19:37<\/td><td>\u00a0<\/td><\/tr><tr><td>Oloron Sainte Marie<\/td><td>06:29<\/td><td>\u00a0<\/td><td>07:55<\/td><td>09:55<\/td><td>12:48<\/td><td>\u00a0<\/td><td>15:16<\/td><td>16:39<\/td><td>18:20<\/td><td>\u00a0<\/td><td>19:45<\/td><td>\u00a0<\/td><\/tr><tr><td>Ogeu les Bains<\/td><td>06:38<\/td><td>\u00a0<\/td><td>08:04<\/td><td>10:04<\/td><td>12:57<\/td><td>\u00a0<\/td><td>15:25<\/td><td>16:48<\/td><td>18:30<\/td><td>\u00a0<\/td><td>19:54<\/td><td>\u00a0<\/td><\/tr><tr><td>Buzy en B\u00e9arn<\/td><td>06:44<\/td><td>\u00a0<\/td><td>08:10<\/td><td>10:10<\/td><td>13:03<\/td><td>\u00a0<\/td><td>15:31<\/td><td>16:54<\/td><td>18:36<\/td><td>\u00a0<\/td><td>20:00<\/td><td>\u00a0<\/td><\/tr><tr><td>Gan<\/td><td>06:55<\/td><td>\u00a0<\/td><td>08:21<\/td><td>10:21<\/td><td>13:14<\/td><td>\u00a0<\/td><td>15:42<\/td><td>17:05<\/td><td>18:49<\/td><td>\u00a0<\/td><td>20:12<\/td><td>\u00a0<\/td><\/tr><tr><td>Croix du Prince<\/td><td>07:02<\/td><td>\u00a0<\/td><td>08:28<\/td><td>10:28<\/td><td>13:21<\/td><td>\u00a0<\/td><td>15:49<\/td><td>17:12<\/td><td>18:56<\/td><td>\u00a0<\/td><td>20:18<\/td><td>\u00a0<\/td><\/tr><tr><td>Pau<\/td><td>07:04<\/td><td>\u00a0<\/td><td>08:31<\/td><td>10:31<\/td><td>13:24<\/td><td>\u00a0<\/td><td>15:52<\/td><td>17:15<\/td><td>18:59<\/td><td>\u00a0<\/td><td>20:21<\/td><td>\u00a0<\/td><\/tr><tr><td><em>Dur\u00e9e<\/em><\/td><td><em>00:35<\/em><\/td><td>\u00a0<\/td><td><em>01:10<\/em><\/td><td><em>00:36<\/em><\/td><td><em>01:10<\/em><\/td><td>\u00a0<\/td><td><em>00:36<\/em><\/td><td><em>01:10<\/em><\/td><td><em>00:47<\/em><\/td><td>\u00a0<\/td><td><em>01:09<\/em><\/td><td>\u00a0<\/td><\/tr><\/tbody><\/table>\t\t\t\t\t\t<\/div>\n\t\t\t\t<\/div>\n\t\t\t\t\t<\/div>\n\t\t<\/div>\n\t\t\t\t\t\t\t<\/div>\n\t\t<\/section>\n\t\t\t\t<section class=\"elementor-section elementor-top-section elementor-element elementor-element-6179743b elementor-section-boxed elementor-section-height-default elementor-section-height-default\" data-id=\"6179743b\" data-element_type=\"section\">\n\t\t\t\t\t\t<div class=\"elementor-container elementor-column-gap-default\">\n\t\t\t\t\t<div class=\"elementor-column elementor-col-100 elementor-top-column elementor-element elementor-element-53bdd6b9\" data-id=\"53bdd6b9\" data-element_type=\"column\">\n\t\t\t<div class=\"elementor-widget-wrap elementor-element-populated\">\n\t\t\t\t\t\t\t\t<div class=\"elementor-element elementor-element-5cfb4031 elementor-widget elementor-widget-text-editor\" data-id=\"5cfb4031\" data-element_type=\"widget\" data-widget_type=\"text-editor.default\">\n\t\t\t\t<div class=\"elementor-widget-container\">\n\t\t\t\t\t\t\t<p><span style=\"color: #0000ff;\"><strong>Canfranc &gt; Bedous &gt; Oloron &gt; Pau<\/strong><\/span><\/p><p><span style=\"color: #0000ff;\"><strong>Horaires du lundi au vendredi \u00e0 partir de 2032, date th\u00e9orique de la r\u00e9ouverture<\/strong><\/span><\/p>\t\t\t\t\t\t<\/div>\n\t\t\t\t<\/div>\n\t\t\t\t\t<\/div>\n\t\t<\/div>\n\t\t\t\t\t\t\t<\/div>\n\t\t<\/section>\n\t\t\t\t<section class=\"elementor-section elementor-top-section elementor-element elementor-element-3038a4b elementor-section-boxed elementor-section-height-default elementor-section-height-default\" data-id=\"3038a4b\" data-element_type=\"section\">\n\t\t\t\t\t\t<div class=\"elementor-container elementor-column-gap-default\">\n\t\t\t\t\t<div class=\"elementor-column elementor-col-100 elementor-top-column elementor-element elementor-element-74ad948\" data-id=\"74ad948\" data-element_type=\"column\">\n\t\t\t<div class=\"elementor-widget-wrap elementor-element-populated\">\n\t\t\t\t\t\t\t\t<div class=\"elementor-element elementor-element-2783c07 elementor-widget elementor-widget-text-editor\" data-id=\"2783c07\" data-element_type=\"widget\" data-widget_type=\"text-editor.default\">\n\t\t\t\t<div class=\"elementor-widget-container\">\n\t\t\t\t\t\t\t<table width=\"1003\"><tbody><tr><td width=\"187\">\u00a0<\/td><td width=\"68\">\u00a0<\/td><td width=\"68\">\u00a0<\/td><td width=\"68\">\u00a0<\/td><td width=\"68\">\u00a0<\/td><td width=\"68\">\u00a0<\/td><td width=\"68\">Saragosse<\/td><td width=\"68\">\u00a0<\/td><td width=\"68\">\u00a0<\/td><td width=\"68\">\u00a0<\/td><td width=\"68\">\u00a0<\/td><td width=\"68\">\u00a0<\/td><td width=\"68\">Saragosse<\/td><\/tr><tr><td width=\"187\">Canfranc<\/td><td width=\"68\">\u00a0<\/td><td width=\"68\">\u00a0<\/td><td width=\"68\">\u00a0<\/td><td width=\"68\">09:26<\/td><td width=\"68\">\u00a0<\/td><td>\u00a0<\/td><td width=\"68\">\u00a0<\/td><td width=\"68\">\u00a0<\/td><td width=\"68\">\u00a0<\/td><td width=\"68\">\u00a0<\/td><td width=\"68\">18:34<\/td><td>\u00a0<\/td><\/tr><tr><td width=\"187\">Urdos<\/td><td width=\"68\">\u00a0<\/td><td width=\"68\">\u00a0<\/td><td width=\"68\">\u00a0<\/td><td width=\"68\">09:52<\/td><td width=\"68\">\u00a0<\/td><td>\u00a0<\/td><td width=\"68\">\u00a0<\/td><td width=\"68\">\u00a0<\/td><td width=\"68\">\u00a0<\/td><td width=\"68\">\u00a0<\/td><td width=\"68\">19:01<\/td><td>\u00a0<\/td><\/tr><tr><td>Bedous<\/td><td width=\"68\">\u00a0<\/td><td width=\"68\">\u00a0<\/td><td width=\"68\">07:10<\/td><td width=\"68\">10:22<\/td><td width=\"68\">11:46<\/td><td>\u00a0<\/td><td width=\"68\">\u00a0<\/td><td width=\"68\">\u00a0<\/td><td width=\"68\">17:43<\/td><td width=\"68\">\u00a0<\/td><td width=\"68\">19:25<\/td><td>\u00a0<\/td><\/tr><tr><td>Sarrance<\/td><td width=\"68\">\u00a0<\/td><td width=\"68\">\u00a0<\/td><td width=\"68\">07:18<\/td><td width=\"68\">10:30<\/td><td width=\"68\">11:54<\/td><td>\u00a0<\/td><td width=\"68\">\u00a0<\/td><td width=\"68\">\u00a0<\/td><td width=\"68\">17:51<\/td><td width=\"68\">\u00a0<\/td><td width=\"68\">19:33<\/td><td>\u00a0<\/td><\/tr><tr><td>Lurbe Saint Christau<\/td><td width=\"68\">\u00a0<\/td><td width=\"68\">\u00a0<\/td><td width=\"68\">07:27<\/td><td width=\"68\">10:39<\/td><td width=\"68\">12:03<\/td><td>\u00a0<\/td><td width=\"68\">\u00a0<\/td><td width=\"68\">\u00a0<\/td><td width=\"68\">18:00<\/td><td width=\"68\">\u00a0<\/td><td width=\"68\">19:42<\/td><td>\u00a0<\/td><\/tr><tr><td>Bidos<\/td><td width=\"68\">\u00a0<\/td><td width=\"68\">\u00a0<\/td><td width=\"68\">07:35<\/td><td width=\"68\">10:47<\/td><td width=\"68\">12:11<\/td><td>\u00a0<\/td><td width=\"68\">\u00a0<\/td><td width=\"68\">\u00a0<\/td><td width=\"68\">18:08<\/td><td width=\"68\">\u00a0<\/td><td width=\"68\">19:50<\/td><td>\u00a0<\/td><\/tr><tr><td>Oloron Sainte Marie<\/td><td width=\"68\">06:16<\/td><td width=\"68\">07:07<\/td><td width=\"68\">07:43<\/td><td width=\"68\">10:56<\/td><td width=\"68\">12:19<\/td><td width=\"68\">13:40<\/td><td width=\"68\">14:20<\/td><td width=\"68\">16:35<\/td><td width=\"68\">18:16<\/td><td width=\"68\">19:09<\/td><td width=\"68\">19:58<\/td><td width=\"68\">21:19<\/td><\/tr><tr><td>Ogeu les Bains<\/td><td>06:25<\/td><td>07:16<\/td><td>07:51<\/td><td>11:04<\/td><td>12:27<\/td><td>&#8211;<\/td><td>14:29<\/td><td>16:44<\/td><td>18:24<\/td><td>19:18<\/td><td>20:06<\/td><td>&#8211;<\/td><\/tr><tr><td>Buzy en B\u00e9arn<\/td><td>06:34<\/td><td>07:25<\/td><td>07:57<\/td><td>11:10<\/td><td>12:33<\/td><td>&#8211;<\/td><td>14:38<\/td><td>16:53<\/td><td>18:32<\/td><td>19:27<\/td><td>20:12<\/td><td>&#8211;<\/td><\/tr><tr><td>Gan<\/td><td>06:45<\/td><td>07:36<\/td><td>08:08<\/td><td>11:21<\/td><td>12:44<\/td><td>&#8211;<\/td><td>14:49<\/td><td>17:04<\/td><td>18:43<\/td><td>19:38<\/td><td>20:23<\/td><td>&#8211;<\/td><\/tr><tr><td>Croix du Prince<\/td><td>06:52<\/td><td>07:43<\/td><td>08:15<\/td><td>11:28<\/td><td>12:51<\/td><td>&#8211;<\/td><td>14:56<\/td><td>17:11<\/td><td>18:50<\/td><td>19:45<\/td><td>20:30<\/td><td>&#8211;<\/td><\/tr><tr><td width=\"187\">Pau<\/td><td>06:55<\/td><td>07:46<\/td><td>08:18<\/td><td>11:31<\/td><td>12:54<\/td><td width=\"68\">14:08<\/td><td>14:59<\/td><td>17:14<\/td><td>18:53<\/td><td>19:48<\/td><td>20:33<\/td><td width=\"68\">21:48<\/td><\/tr><tr><td><em>Dur\u00e9e<\/em><\/td><td><em>00:39<\/em><\/td><td><em>00:39<\/em><\/td><td><em>01:08<\/em><\/td><td><em>02:05<\/em><\/td><td><em>01:08<\/em><\/td><td><em>00:28<\/em><\/td><td><em>00:39<\/em><\/td><td><em>00:39<\/em><\/td><td><em>01:10<\/em><\/td><td><em>00:39<\/em><\/td><td><em>01:59<\/em><\/td><td><em>00:29<\/em><\/td><\/tr><\/tbody><\/table>\t\t\t\t\t\t<\/div>\n\t\t\t\t<\/div>\n\t\t\t\t\t<\/div>\n\t\t<\/div>\n\t\t\t\t\t\t\t<\/div>\n\t\t<\/section>\n\t\t\t\t\t\t<\/div>\n\t\t\t\t\t<\/div>\n\t\t","protected":false},"excerpt":{"rendered":"<p>Les horaires d\u00e9taill\u00e9s des TER\u00a0 Canfranc &gt; Bedous &gt; Oloron &gt; Pau Bedous &gt; Oloron &gt; Pau Horaires du lundi au vendredi du 12\/12\/2021 au 01\/07\/2022 Bedous \u00a0 \u00a0 07:21 \u00a0 12:14 \u00a0 \u00a0 16:05 \u00a0 \u00a0 19:12 \u00a0 Sarrance \u00a0 \u00a0 07:29 \u00a0 12:22 \u00a0 \u00a0 16:13 \u00a0 \u00a0 19:19 \u00a0 Lurbe Saint Christau &hellip;<\/p>\n<p class=\"read-more\"> <a class=\"\" href=\"https:\/\/croc-aspe.com\/?page_id=3333\"> <span class=\"screen-reader-text\">Horaires d\u00e9taill\u00e9s des TER Canfranc > Bedous > Oloron > Pau<\/span> Read More &raquo;<\/a><\/p>\n","protected":false},"author":1,"featured_media":0,"parent":0,"menu_order":0,"comment_status":"closed","ping_status":"closed","template":"","meta":{"om_disable_all_campaigns":false,"_monsterinsights_skip_tracking":false,"_monsterinsights_sitenote_active":false,"_monsterinsights_sitenote_note":"","_monsterinsights_sitenote_category":0,"site-sidebar-layout":"no-sidebar","site-content-layout":"page-builder","ast-main-header-display":"","ast-hfb-above-header-display":"","ast-hfb-below-header-display":"","ast-hfb-mobile-header-display":"","site-post-title":"disabled","ast-breadcrumbs-content":"","ast-featured-img":"disabled","footer-sml-layout":"","theme-transparent-header-meta":"","adv-header-id-meta":"","stick-header-meta":"","header-above-stick-meta":"","header-main-stick-meta":"","header-below-stick-meta":"","footnotes":""},"class_list":["post-3333","page","type-page","status-publish","hentry"],"_links":{"self":[{"href":"https:\/\/croc-aspe.com\/index.php?rest_route=\/wp\/v2\/pages\/3333","targetHints":{"allow":["GET"]}}],"collection":[{"href":"https:\/\/croc-aspe.com\/index.php?rest_route=\/wp\/v2\/pages"}],"about":[{"href":"https:\/\/croc-aspe.com\/index.php?rest_route=\/wp\/v2\/types\/page"}],"author":[{"embeddable":true,"href":"https:\/\/croc-aspe.com\/index.php?rest_route=\/wp\/v2\/users\/1"}],"replies":[{"embeddable":true,"href":"https:\/\/croc-aspe.com\/index.php?rest_route=%2Fwp%2Fv2%2Fcomments&post=3333"}],"version-history":[{"count":14,"href":"https:\/\/croc-aspe.com\/index.php?rest_route=\/wp\/v2\/pages\/3333\/revisions"}],"predecessor-version":[{"id":7457,"href":"https:\/\/croc-aspe.com\/index.php?rest_route=\/wp\/v2\/pages\/3333\/revisions\/7457"}],"wp:attachment":[{"href":"https:\/\/croc-aspe.com\/index.php?rest_route=%2Fwp%2Fv2%2Fmedia&parent=3333"}],"curies":[{"name":"wp","href":"https:\/\/api.w.org\/{rel}","templated":true}]}}