{"id":3250,"date":"2022-04-09T05:11:56","date_gmt":"2022-04-09T05:11:56","guid":{"rendered":"https:\/\/croc-aspe.com\/?page_id=3250"},"modified":"2024-09-22T05:35:23","modified_gmt":"2024-09-22T05:35:23","slug":"10-bonnes-raisons-de-sopposer-a-la-reouverture","status":"publish","type":"page","link":"https:\/\/croc-aspe.com\/?page_id=3250","title":{"rendered":"10 bonnes raisons de s&#8217;opposer \u00e0 la r\u00e9ouverture"},"content":{"rendered":"\t\t<div data-elementor-type=\"wp-page\" data-elementor-id=\"3250\" class=\"elementor elementor-3250\" data-elementor-settings=\"[]\">\n\t\t\t\t\t\t\t<div class=\"elementor-section-wrap\">\n\t\t\t\t\t\t\t<section class=\"elementor-section elementor-top-section elementor-element elementor-element-b3a8c7d elementor-section-boxed elementor-section-height-default elementor-section-height-default\" data-id=\"b3a8c7d\" data-element_type=\"section\">\n\t\t\t\t\t\t<div class=\"elementor-container elementor-column-gap-default\">\n\t\t\t\t\t<div class=\"elementor-column elementor-col-100 elementor-top-column elementor-element elementor-element-c12870f\" data-id=\"c12870f\" data-element_type=\"column\">\n\t\t\t<div class=\"elementor-widget-wrap elementor-element-populated\">\n\t\t\t\t\t\t\t\t<div class=\"elementor-element elementor-element-338b968 elementor-widget elementor-widget-text-editor\" data-id=\"338b968\" data-element_type=\"widget\" data-widget_type=\"text-editor.default\">\n\t\t\t\t<div class=\"elementor-widget-container\">\n\t\t\t<style>\/*! elementor - v3.5.5 - 03-02-2022 *\/\n.elementor-widget-text-editor.elementor-drop-cap-view-stacked .elementor-drop-cap{background-color:#818a91;color:#fff}.elementor-widget-text-editor.elementor-drop-cap-view-framed .elementor-drop-cap{color:#818a91;border:3px solid;background-color:transparent}.elementor-widget-text-editor:not(.elementor-drop-cap-view-default) .elementor-drop-cap{margin-top:8px}.elementor-widget-text-editor:not(.elementor-drop-cap-view-default) .elementor-drop-cap-letter{width:1em;height:1em}.elementor-widget-text-editor .elementor-drop-cap{float:left;text-align:center;line-height:1;font-size:50px}.elementor-widget-text-editor .elementor-drop-cap-letter{display:inline-block}<\/style>\t\t\t\t<p><span style=\"color: #ff0000;\"><strong>10 bonnes raisons de s\u2019opposer \u00e0 la <\/strong><\/span><span style=\"color: #ff0000;\"><strong>r\u00e9ouverture de la ligne ferroviaire\u00a0<\/strong><\/span><\/p><p><span style=\"color: #ff0000;\"><strong>Pau \u2013 Canfranc \u2013 Saragosse<\/strong><\/span><\/p>\t\t\t\t\t\t<\/div>\n\t\t\t\t<\/div>\n\t\t\t\t\t<\/div>\n\t\t<\/div>\n\t\t\t\t\t\t\t<\/div>\n\t\t<\/section>\n\t\t\t\t<section class=\"elementor-section elementor-top-section elementor-element elementor-element-0c585f7 elementor-section-boxed elementor-section-height-default elementor-section-height-default\" data-id=\"0c585f7\" data-element_type=\"section\">\n\t\t\t\t\t\t<div class=\"elementor-container elementor-column-gap-default\">\n\t\t\t\t\t<div class=\"elementor-column elementor-col-100 elementor-top-column elementor-element elementor-element-2f6d27e\" data-id=\"2f6d27e\" data-element_type=\"column\">\n\t\t\t<div class=\"elementor-widget-wrap elementor-element-populated\">\n\t\t\t\t\t\t\t\t<div class=\"elementor-element elementor-element-57ff945 elementor-widget elementor-widget-text-editor\" data-id=\"57ff945\" data-element_type=\"widget\" data-widget_type=\"text-editor.default\">\n\t\t\t\t<div class=\"elementor-widget-container\">\n\t\t\t\t\t\t\t<p><span style=\"color: #0000ff;\"><strong>Voici un &#8220;flyer&#8221; qui explique simplement en 10 arguments les raisons de s&#8217;opposer \u00e0 la r\u00e9ouverture de la ligne ferroviaire.&nbsp;<\/strong><\/span><\/p>\n<p><span style=\"color: #0000ff;\"><strong>Ne pas h\u00e9siter \u00e0 le t\u00e9l\u00e9charger ou \u00e0 demander la version pdf \u00e0 info@croc-aspe.com.<\/strong><\/span><\/p>\n<p><span style=\"color: #0000ff;\"><strong>A imprimer et \u00e0 distribuer dans vos comit\u00e9s de ligne, aux voyageurs des trains de l&#8217;\u00e9toile de Pau et \u00e0 vos politiques et d\u00e9cideurs.<\/strong><\/span><\/p>\t\t\t\t\t\t<\/div>\n\t\t\t\t<\/div>\n\t\t\t\t\t<\/div>\n\t\t<\/div>\n\t\t\t\t\t\t\t<\/div>\n\t\t<\/section>\n\t\t\t\t<section class=\"elementor-section elementor-top-section elementor-element elementor-element-6f80946 elementor-section-boxed elementor-section-height-default elementor-section-height-default\" data-id=\"6f80946\" data-element_type=\"section\">\n\t\t\t\t\t\t<div class=\"elementor-container elementor-column-gap-default\">\n\t\t\t\t\t<div class=\"elementor-column elementor-col-100 elementor-top-column elementor-element elementor-element-11f195b\" data-id=\"11f195b\" data-element_type=\"column\">\n\t\t\t<div class=\"elementor-widget-wrap elementor-element-populated\">\n\t\t\t\t\t\t\t\t<div class=\"elementor-element elementor-element-64b559d elementor-widget elementor-widget-image\" data-id=\"64b559d\" data-element_type=\"widget\" data-widget_type=\"image.default\">\n\t\t\t\t<div class=\"elementor-widget-container\">\n\t\t\t<style>\/*! elementor - v3.5.5 - 03-02-2022 *\/\n.elementor-widget-image{text-align:center}.elementor-widget-image a{display:inline-block}.elementor-widget-image a img[src$=\".svg\"]{width:48px}.elementor-widget-image img{vertical-align:middle;display:inline-block}<\/style>\t\t\t\t\t\t\t\t\t\t\t\t<img loading=\"lazy\" decoding=\"async\" width=\"724\" height=\"1024\" src=\"https:\/\/croc-aspe.com\/wp-content\/uploads\/2024\/09\/10-raisons-de-sopposer-a-la-reouverture_Page_1-724x1024.jpg\" class=\"attachment-large size-large\" alt=\"\" srcset=\"https:\/\/croc-aspe.com\/wp-content\/uploads\/2024\/09\/10-raisons-de-sopposer-a-la-reouverture_Page_1-724x1024.jpg 724w, https:\/\/croc-aspe.com\/wp-content\/uploads\/2024\/09\/10-raisons-de-sopposer-a-la-reouverture_Page_1-212x300.jpg 212w, https:\/\/croc-aspe.com\/wp-content\/uploads\/2024\/09\/10-raisons-de-sopposer-a-la-reouverture_Page_1-768x1086.jpg 768w, https:\/\/croc-aspe.com\/wp-content\/uploads\/2024\/09\/10-raisons-de-sopposer-a-la-reouverture_Page_1-1086x1536.jpg 1086w, https:\/\/croc-aspe.com\/wp-content\/uploads\/2024\/09\/10-raisons-de-sopposer-a-la-reouverture_Page_1-1448x2048.jpg 1448w, https:\/\/croc-aspe.com\/wp-content\/uploads\/2024\/09\/10-raisons-de-sopposer-a-la-reouverture_Page_1.jpg 1654w\" sizes=\"auto, (max-width: 724px) 100vw, 724px\" \/>\t\t\t\t\t\t\t\t\t\t\t\t\t\t\t<\/div>\n\t\t\t\t<\/div>\n\t\t\t\t\t<\/div>\n\t\t<\/div>\n\t\t\t\t\t\t\t<\/div>\n\t\t<\/section>\n\t\t\t\t<section class=\"elementor-section elementor-top-section elementor-element elementor-element-4b766d2 elementor-section-boxed elementor-section-height-default elementor-section-height-default\" data-id=\"4b766d2\" data-element_type=\"section\">\n\t\t\t\t\t\t<div class=\"elementor-container elementor-column-gap-default\">\n\t\t\t\t\t<div class=\"elementor-column elementor-col-100 elementor-top-column elementor-element elementor-element-10cf711\" data-id=\"10cf711\" data-element_type=\"column\">\n\t\t\t<div class=\"elementor-widget-wrap elementor-element-populated\">\n\t\t\t\t\t\t\t\t<div class=\"elementor-element elementor-element-1b97f50 elementor-widget elementor-widget-image\" data-id=\"1b97f50\" data-element_type=\"widget\" data-widget_type=\"image.default\">\n\t\t\t\t<div class=\"elementor-widget-container\">\n\t\t\t\t\t\t\t\t\t\t\t\t\t\t\t<img loading=\"lazy\" decoding=\"async\" width=\"724\" height=\"1024\" src=\"https:\/\/croc-aspe.com\/wp-content\/uploads\/2024\/09\/10-raisons-de-sopposer-a-la-reouverture_Page_2-724x1024.jpg\" class=\"attachment-large size-large\" alt=\"\" srcset=\"https:\/\/croc-aspe.com\/wp-content\/uploads\/2024\/09\/10-raisons-de-sopposer-a-la-reouverture_Page_2-724x1024.jpg 724w, https:\/\/croc-aspe.com\/wp-content\/uploads\/2024\/09\/10-raisons-de-sopposer-a-la-reouverture_Page_2-212x300.jpg 212w, https:\/\/croc-aspe.com\/wp-content\/uploads\/2024\/09\/10-raisons-de-sopposer-a-la-reouverture_Page_2-768x1086.jpg 768w, https:\/\/croc-aspe.com\/wp-content\/uploads\/2024\/09\/10-raisons-de-sopposer-a-la-reouverture_Page_2-1086x1536.jpg 1086w, https:\/\/croc-aspe.com\/wp-content\/uploads\/2024\/09\/10-raisons-de-sopposer-a-la-reouverture_Page_2-1448x2048.jpg 1448w, https:\/\/croc-aspe.com\/wp-content\/uploads\/2024\/09\/10-raisons-de-sopposer-a-la-reouverture_Page_2.jpg 1654w\" sizes=\"auto, (max-width: 724px) 100vw, 724px\" \/>\t\t\t\t\t\t\t\t\t\t\t\t\t\t\t<\/div>\n\t\t\t\t<\/div>\n\t\t\t\t\t<\/div>\n\t\t<\/div>\n\t\t\t\t\t\t\t<\/div>\n\t\t<\/section>\n\t\t\t\t\t\t<\/div>\n\t\t\t\t\t<\/div>\n\t\t","protected":false},"excerpt":{"rendered":"<p>10 bonnes raisons de s\u2019opposer \u00e0 la r\u00e9ouverture de la ligne ferroviaire\u00a0 Pau \u2013 Canfranc \u2013 Saragosse Voici un &#8220;flyer&#8221; qui explique simplement en 10 arguments les raisons de s&#8217;opposer \u00e0 la r\u00e9ouverture de la ligne ferroviaire.&nbsp; Ne pas h\u00e9siter \u00e0 le t\u00e9l\u00e9charger ou \u00e0 demander la version pdf \u00e0 info@croc-aspe.com. A imprimer et \u00e0 &hellip;<\/p>\n<p class=\"read-more\"> <a class=\"\" href=\"https:\/\/croc-aspe.com\/?page_id=3250\"> <span class=\"screen-reader-text\">10 bonnes raisons de s&#8217;opposer \u00e0 la r\u00e9ouverture<\/span> Read More &raquo;<\/a><\/p>\n","protected":false},"author":1,"featured_media":0,"parent":0,"menu_order":0,"comment_status":"closed","ping_status":"closed","template":"","meta":{"om_disable_all_campaigns":false,"_monsterinsights_skip_tracking":false,"_monsterinsights_sitenote_active":false,"_monsterinsights_sitenote_note":"","_monsterinsights_sitenote_category":0,"site-sidebar-layout":"no-sidebar","site-content-layout":"page-builder","ast-main-header-display":"","ast-hfb-above-header-display":"","ast-hfb-below-header-display":"","ast-hfb-mobile-header-display":"","site-post-title":"disabled","ast-breadcrumbs-content":"","ast-featured-img":"disabled","footer-sml-layout":"","theme-transparent-header-meta":"","adv-header-id-meta":"","stick-header-meta":"","header-above-stick-meta":"","header-main-stick-meta":"","header-below-stick-meta":"","footnotes":""},"class_list":["post-3250","page","type-page","status-publish","hentry"],"_links":{"self":[{"href":"https:\/\/croc-aspe.com\/index.php?rest_route=\/wp\/v2\/pages\/3250","targetHints":{"allow":["GET"]}}],"collection":[{"href":"https:\/\/croc-aspe.com\/index.php?rest_route=\/wp\/v2\/pages"}],"about":[{"href":"https:\/\/croc-aspe.com\/index.php?rest_route=\/wp\/v2\/types\/page"}],"author":[{"embeddable":true,"href":"https:\/\/croc-aspe.com\/index.php?rest_route=\/wp\/v2\/users\/1"}],"replies":[{"embeddable":true,"href":"https:\/\/croc-aspe.com\/index.php?rest_route=%2Fwp%2Fv2%2Fcomments&post=3250"}],"version-history":[{"count":32,"href":"https:\/\/croc-aspe.com\/index.php?rest_route=\/wp\/v2\/pages\/3250\/revisions"}],"predecessor-version":[{"id":7212,"href":"https:\/\/croc-aspe.com\/index.php?rest_route=\/wp\/v2\/pages\/3250\/revisions\/7212"}],"wp:attachment":[{"href":"https:\/\/croc-aspe.com\/index.php?rest_route=%2Fwp%2Fv2%2Fmedia&parent=3250"}],"curies":[{"name":"wp","href":"https:\/\/api.w.org\/{rel}","templated":true}]}}