{"id":311,"date":"2022-02-18T09:58:34","date_gmt":"2022-02-18T09:58:34","guid":{"rendered":"http:\/\/croc-aspe.com\/?page_id=311"},"modified":"2024-04-09T09:25:04","modified_gmt":"2024-04-09T09:25:04","slug":"deliberations-du-conseil-regional","status":"publish","type":"page","link":"https:\/\/croc-aspe.com\/?page_id=311","title":{"rendered":"D\u00e9lib\u00e9rations du Conseil R\u00e9gional"},"content":{"rendered":"\t\t<div data-elementor-type=\"wp-page\" data-elementor-id=\"311\" class=\"elementor elementor-311\" data-elementor-settings=\"[]\">\n\t\t\t\t\t\t\t<div class=\"elementor-section-wrap\">\n\t\t\t\t\t\t\t<section class=\"elementor-section elementor-top-section elementor-element elementor-element-7c24de2e elementor-section-boxed elementor-section-height-default elementor-section-height-default\" data-id=\"7c24de2e\" data-element_type=\"section\">\n\t\t\t\t\t\t<div class=\"elementor-container elementor-column-gap-default\">\n\t\t\t\t\t<div class=\"elementor-column elementor-col-100 elementor-top-column elementor-element elementor-element-2f561873\" data-id=\"2f561873\" data-element_type=\"column\">\n\t\t\t<div class=\"elementor-widget-wrap elementor-element-populated\">\n\t\t\t\t\t\t\t\t<div class=\"elementor-element elementor-element-72766ce5 elementor-widget elementor-widget-text-editor\" data-id=\"72766ce5\" data-element_type=\"widget\" data-widget_type=\"text-editor.default\">\n\t\t\t\t<div class=\"elementor-widget-container\">\n\t\t\t<style>\/*! elementor - v3.5.5 - 03-02-2022 *\/\n.elementor-widget-text-editor.elementor-drop-cap-view-stacked .elementor-drop-cap{background-color:#818a91;color:#fff}.elementor-widget-text-editor.elementor-drop-cap-view-framed .elementor-drop-cap{color:#818a91;border:3px solid;background-color:transparent}.elementor-widget-text-editor:not(.elementor-drop-cap-view-default) .elementor-drop-cap{margin-top:8px}.elementor-widget-text-editor:not(.elementor-drop-cap-view-default) .elementor-drop-cap-letter{width:1em;height:1em}.elementor-widget-text-editor .elementor-drop-cap{float:left;text-align:center;line-height:1;font-size:50px}.elementor-widget-text-editor .elementor-drop-cap-letter{display:inline-block}<\/style>\t\t\t\t<p><!-- wp:paragraph --><\/p>\n<p>Dans ce menu, vous trouverez l&#8217;analyse de toutes les d\u00e9lib\u00e9rations du Conseil R\u00e9gional de Nouvelle-Aquitaine sur la ligne Pau &#8211; Canfranc &#8211; Saragosse. Le CROC a identifi\u00e9 313 d\u00e9lib\u00e9rations en &#8220;S\u00e9ance pl\u00e9ni\u00e8re&#8221; et en &#8220;Commission permanente&#8221; de 1986 \u00e0 2023. Le CROC les a toutes analys\u00e9es. On parle des \u00e9tudes et des rapports, des subventions, du d\u00e9broussaillage, et des autocars. De quoi donner des frayeurs aux contribuables n\u00e9o-aquitains.<\/p>\n<p><!-- \/wp:paragraph --><\/p>\n<p><!-- wp:paragraph --><\/p>\n<p>Voici donc la liste de ces 313 d\u00e9lib\u00e9rations qui ont \u00e9t\u00e9 analys\u00e9es.<\/p>\n<p><!-- \/wp:paragraph --><\/p>\t\t\t\t\t\t<\/div>\n\t\t\t\t<\/div>\n\t\t\t\t\t<\/div>\n\t\t<\/div>\n\t\t\t\t\t\t\t<\/div>\n\t\t<\/section>\n\t\t\t\t<section class=\"elementor-section elementor-top-section elementor-element elementor-element-7a27d46 elementor-section-boxed elementor-section-height-default elementor-section-height-default\" data-id=\"7a27d46\" data-element_type=\"section\">\n\t\t\t\t\t\t<div class=\"elementor-container elementor-column-gap-default\">\n\t\t\t\t\t<div class=\"elementor-column elementor-col-100 elementor-top-column elementor-element elementor-element-04d6cbe\" data-id=\"04d6cbe\" data-element_type=\"column\">\n\t\t\t<div class=\"elementor-widget-wrap elementor-element-populated\">\n\t\t\t\t\t\t\t\t<div class=\"elementor-element elementor-element-d12b0c9 elementor-widget elementor-widget-text-editor\" data-id=\"d12b0c9\" data-element_type=\"widget\" data-widget_type=\"text-editor.default\">\n\t\t\t\t<div class=\"elementor-widget-container\">\n\t\t\t\t\t\t\t<table width=\"564\">\n<tbody>\n<tr>\n<td colspan=\"6\" width=\"564\">\n<p><strong><span style=\"color: #0000ff;\">S\u00e9ances pl\u00e9ni\u00e8res<\/span><\/strong><\/p>\n<\/td>\n<\/tr>\n<tr>\n<td width=\"91\">\n<p>1989.972.SP<\/p>\n<\/td>\n<td width=\"95\">\n<p>1993.1379.SP<\/p>\n<\/td>\n<td width=\"95\">\n<p>1994.1006.SP<\/p>\n<\/td>\n<td width=\"95\">\n<p>1994.2181.SP<\/p>\n<\/td>\n<td width=\"95\">\n<p>1995.895.SP<\/p>\n<\/td>\n<td width=\"95\">\n<p>1995.1736.SP<\/p>\n<\/td>\n<\/tr>\n<tr>\n<td width=\"91\">\n<p>1996.2009.SP<\/p>\n<\/td>\n<td width=\"95\">\n<p>1996.2549.SP<\/p>\n<\/td>\n<td width=\"95\">\n<p>1997.2751.SP<\/p>\n<\/td>\n<td width=\"95\">\n<p>1998.2572.SP<\/p>\n<\/td>\n<td width=\"95\">\n<p>1999.02.SP<\/p>\n<\/td>\n<td width=\"95\">\n<p>1999.694.SP<\/p>\n<\/td>\n<\/tr>\n<tr>\n<td width=\"91\">\n<p>1999.1962.SP<\/p>\n<\/td>\n<td width=\"95\">\n<p>1999.2275.SP<\/p>\n<\/td>\n<td width=\"95\">\n<p>1999.2577.SP<\/p>\n<\/td>\n<td width=\"95\">\n<p>2000.627.SP<\/p>\n<\/td>\n<td width=\"95\">\n<p>2000.1220.SP<\/p>\n<\/td>\n<td width=\"95\">\n<p>2000.2919.SP<\/p>\n<\/td>\n<\/tr>\n<tr>\n<td width=\"91\">\n<p>2000.2930.SP<\/p>\n<\/td>\n<td width=\"95\">\n<p>2001.630.SP<\/p>\n<\/td>\n<td width=\"95\">\n<p>2001.1581.SP<\/p>\n<\/td>\n<td width=\"95\">\n<p>2001.2580.SP<\/p>\n<\/td>\n<td width=\"95\">\n<p>2001.3287.SP<\/p>\n<\/td>\n<td width=\"95\">\n<p>2001.3290.SP<\/p>\n<\/td>\n<\/tr>\n<tr>\n<td width=\"91\">\n<p>2002.0306.SP<\/p>\n<\/td>\n<td width=\"95\">\n<p>2002.1606.SP<\/p>\n<\/td>\n<td width=\"95\">\n<p>2002.2553.SP<\/p>\n<\/td>\n<td width=\"95\">\n<p>2002.2554.SP<\/p>\n<\/td>\n<td width=\"95\">\n<p>2002.3284.SP<\/p>\n<\/td>\n<td width=\"95\">\n<p>2002.3288.SP<\/p>\n<\/td>\n<\/tr>\n<tr>\n<td width=\"91\">\n<p>2002.3299.SP<\/p>\n<\/td>\n<td width=\"95\">\n<p>2003.1170.SP<\/p>\n<\/td>\n<td width=\"95\">\n<p>2003.2159.SP<\/p>\n<\/td>\n<td width=\"95\">\n<p>2003.2160.SP<\/p>\n<\/td>\n<td width=\"95\">\n<p>2003.2976.SP<\/p>\n<\/td>\n<td width=\"95\">\n<p>2003.2978.SP<\/p>\n<\/td>\n<\/tr>\n<tr>\n<td width=\"91\">\n<p>2003.2979.SP<\/p>\n<\/td>\n<td width=\"95\">\n<p>2004.1260.SP<\/p>\n<\/td>\n<td width=\"95\">\n<p>2004.3059.SP<\/p>\n<\/td>\n<td width=\"95\">\n<p>2005.0038.SP<\/p>\n<\/td>\n<td width=\"95\">\n<p>2005.0464.SP<\/p>\n<\/td>\n<td width=\"95\">\n<p>2005.1294.SP<\/p>\n<\/td>\n<\/tr>\n<tr>\n<td width=\"91\">\n<p>2006.0929.SP<\/p>\n<\/td>\n<td width=\"95\">\n<p>2006.1780.SP<\/p>\n<\/td>\n<td width=\"95\">\n<p>2006.2780.SP<\/p>\n<\/td>\n<td width=\"95\">\n<p>2006.2781.SP<\/p>\n<\/td>\n<td width=\"95\">\n<p>2007.0227.SP<\/p>\n<\/td>\n<td width=\"95\">\n<p>2007.1149.SP<\/p>\n<\/td>\n<\/tr>\n<tr>\n<td width=\"91\">\n<p>2007.1165.SP<\/p>\n<\/td>\n<td width=\"95\">\n<p>2007.2080.SP<\/p>\n<\/td>\n<td width=\"95\">\n<p>2007.2744.SP<\/p>\n<\/td>\n<td width=\"95\">\n<p>2008.1366.SP<\/p>\n<\/td>\n<td width=\"95\">\n<p>2008.1383.SP<\/p>\n<\/td>\n<td width=\"95\">\n<p>2008.2376.SP<\/p>\n<\/td>\n<\/tr>\n<tr>\n<td width=\"91\">\n<p>2008.2390.SP<\/p>\n<\/td>\n<td width=\"95\">\n<p>2008.2933.SP<\/p>\n<\/td>\n<td width=\"95\">\n<p>2009.1395.SP<\/p>\n<\/td>\n<td width=\"95\">\n<p>2009.1479.SP<\/p>\n<\/td>\n<td width=\"95\">\n<p>2009.2465.SP<\/p>\n<\/td>\n<td width=\"95\">\n<p>2009.3084.SP<\/p>\n<\/td>\n<\/tr>\n<tr>\n<td width=\"91\">\n<p>2009.3095.SP<\/p>\n<\/td>\n<td width=\"95\">\n<p>2009.3127.SP<\/p>\n<\/td>\n<td width=\"95\">\n<p>2010.1344.SP<\/p>\n<\/td>\n<td width=\"95\">\n<p>2010.1352.SP<\/p>\n<\/td>\n<td width=\"95\">\n<p>2010.2325.SP<\/p>\n<\/td>\n<td width=\"95\">\n<p>2010.2326.SP<\/p>\n<\/td>\n<\/tr>\n<tr>\n<td width=\"91\">\n<p>2010.2961.SP<\/p>\n<\/td>\n<td width=\"95\">\n<p>2011.1248.SP<\/p>\n<\/td>\n<td width=\"95\">\n<p>2011.1250.SP<\/p>\n<\/td>\n<td width=\"95\">\n<p>2011.1263.SP<\/p>\n<\/td>\n<td width=\"95\">\n<p>2011.2151.SP<\/p>\n<\/td>\n<td width=\"95\">\n<p>2011.2152.SP<\/p>\n<\/td>\n<\/tr>\n<tr>\n<td width=\"91\">\n<p>\u00a02011.2688.SP<\/p>\n<\/td>\n<td width=\"95\">\n<p>2012.500.SP<\/p>\n<\/td>\n<td width=\"95\">\n<p>2012.1063.SP<\/p>\n<\/td>\n<td width=\"95\">\n<p>2012.1066.SP<\/p>\n<\/td>\n<td width=\"95\">\n<p>2012.1906.SP<\/p>\n<\/td>\n<td width=\"95\">\n<p>2012.2373.SP<\/p>\n<\/td>\n<\/tr>\n<tr>\n<td width=\"91\">\n<p>2012.2399.SP<\/p>\n<\/td>\n<td width=\"95\">\n<p>2013.253.SP<\/p>\n<\/td>\n<td width=\"95\">\n<p>\u00a02013.982.SP<\/p>\n<\/td>\n<td width=\"95\">\n<p>2013.984.SP<\/p>\n<\/td>\n<td width=\"95\">\n<p>2013.999.SP<\/p>\n<\/td>\n<td width=\"95\">\n<p>2013.1780.SP<\/p>\n<\/td>\n<\/tr>\n<tr>\n<td width=\"91\">\n<p>2013.1782.SP<\/p>\n<\/td>\n<td width=\"95\">\n<p>2013.2263.SP<\/p>\n<\/td>\n<td width=\"95\">\n<p>2013.2282.SP<\/p>\n<\/td>\n<td width=\"95\">\n<p>2013.2284.SP<\/p>\n<\/td>\n<td width=\"95\">\n<p>2014.870.SP<\/p>\n<\/td>\n<td width=\"95\">\n<p>2014.872.SP<\/p>\n<\/td>\n<\/tr>\n<tr>\n<td width=\"91\">\n<p>2014.893.SP<\/p>\n<\/td>\n<td width=\"95\">\n<p>2014.2037.SP<\/p>\n<\/td>\n<td width=\"95\">\n<p>2014.1613.SP<\/p>\n<\/td>\n<td width=\"95\">\n<p>2014.1614.SP<\/p>\n<\/td>\n<td width=\"95\">\n<p>2014.2056.SP<\/p>\n<\/td>\n<td width=\"95\">\n<p>2014.2056.SP<\/p>\n<\/td>\n<\/tr>\n<tr>\n<td width=\"91\">\n<p>2015.966.SP<\/p>\n<\/td>\n<td width=\"95\">\n<p>2015.979.SP<\/p>\n<\/td>\n<td width=\"95\">\n<p>2015.990.SP<\/p>\n<\/td>\n<td width=\"95\">\n<p>2015.993.SP<\/p>\n<\/td>\n<td width=\"95\">\n<p>2015.994.SP<\/p>\n<\/td>\n<td width=\"95\">\n<p>2015.1795.SP<\/p>\n<\/td>\n<\/tr>\n<tr>\n<td width=\"91\">\n<p>2016.514.SP<\/p>\n<\/td>\n<td width=\"95\">\n<p>2016.853.SP<\/p>\n<\/td>\n<td width=\"95\">\n<p>2016.1238.SP<\/p>\n<\/td>\n<td width=\"95\">\n<p>2016.1242.SP<\/p>\n<\/td>\n<td width=\"95\">\n<p>2016.2395.SP<\/p>\n<\/td>\n<td width=\"95\">\n<p>2016.2400.SP<\/p>\n<\/td>\n<\/tr>\n<tr>\n<td width=\"91\">\n<p>2016.3139.SP<\/p>\n<\/td>\n<td width=\"95\">\n<p>2017.3.SP<\/p>\n<\/td>\n<td width=\"95\">\n<p>2017.1078.SP<\/p>\n<\/td>\n<td width=\"95\">\n<p>2017.1137.SP<\/p>\n<\/td>\n<td width=\"95\">\n<p>2017.2045.SP<\/p>\n<\/td>\n<td width=\"95\">\n<p>2017.2045.SP<\/p>\n<\/td>\n<\/tr>\n<tr>\n<td width=\"91\">\n<p>2017.2048.SP<\/p>\n<\/td>\n<td width=\"95\">\n<p>2017.2049.SP<\/p>\n<\/td>\n<td width=\"95\">\n<p>2017.2593.SP<\/p>\n<\/td>\n<td width=\"95\">\n<p>2017.2611.SP<\/p>\n<\/td>\n<td width=\"95\">\n<p>2018.1130.SP<\/p>\n<\/td>\n<td width=\"95\">\n<p>2018.1133.SP<\/p>\n<\/td>\n<\/tr>\n<tr>\n<td width=\"91\">\n<p>2018.1134.SP<\/p>\n<\/td>\n<td width=\"95\">\n<p>2018.1135.SP<\/p>\n<\/td>\n<td width=\"95\">\n<p>2018.1135.SP<\/p>\n<\/td>\n<td width=\"95\">\n<p>2018.1902.SP<\/p>\n<\/td>\n<td width=\"95\">\n<p>2018.1902.SP<\/p>\n<\/td>\n<td width=\"95\">\n<p>2018.2457.SP<\/p>\n<\/td>\n<\/tr>\n<tr>\n<td width=\"91\">\n<p>2019.615.SP<\/p>\n<\/td>\n<td width=\"95\">\n<p>2019.616.SP<\/p>\n<\/td>\n<td width=\"95\">\n<p>2019.960.SP<\/p>\n<\/td>\n<td width=\"95\">\n<p>2019.971.SP<\/p>\n<\/td>\n<td width=\"95\">\n<p>2019.972.SP<\/p>\n<\/td>\n<td width=\"95\">\n<p>2019.1021.SP<\/p>\n<\/td>\n<\/tr>\n<tr>\n<td width=\"91\">\n<p>2019.1755.SP<\/p>\n<\/td>\n<td width=\"95\">\n<p>2019.2246.SP<\/p>\n<\/td>\n<td width=\"95\">\n<p>2020.1122.SP<\/p>\n<\/td>\n<td width=\"95\">\n<p>2020.1123.SP<\/p>\n<\/td>\n<td width=\"95\">\n<p>2020.1453.SP<\/p>\n<\/td>\n<td width=\"95\">\n<p>2020.1852.SP<\/p>\n<\/td>\n<\/tr>\n<tr>\n<td width=\"91\">\n<p>2020.1865.SP<\/p>\n<\/td>\n<td width=\"95\">\n<p>2020.2278.SP<\/p>\n<\/td>\n<td width=\"95\">\n<p>2020.2280.SP<\/p>\n<\/td>\n<td width=\"95\">\n<p>2020.2962.SP<\/p>\n<\/td>\n<td width=\"95\">\n<p>2021.516.SP<\/p>\n<\/td>\n<td width=\"95\">\n<p>2021.554.SP<\/p>\n<\/td>\n<\/tr>\n<tr>\n<td width=\"91\">\n<p>2021.554.SP<\/p>\n<\/td>\n<td width=\"95\">\n<p>2021.1239.SP<\/p>\n<\/td>\n<td width=\"95\">\n<p>2021.1289.SP<\/p>\n<\/td>\n<td width=\"95\">\n<p>2021.2097.SP<\/p>\n<\/td>\n<td width=\"95\">\n<p>2022.2.SP<\/p>\n<\/td>\n<td width=\"95\">\n<p>2022.946.SP<\/p>\n<\/td>\n<\/tr>\n<tr>\n<td width=\"91\">\n<p>2022.974.SP<\/p>\n<\/td>\n<td width=\"95\">\n<p>2022.1518.SP<\/p>\n<\/td>\n<td width=\"95\">\n<p>2022.1722.SP<\/p>\n<\/td>\n<td width=\"95\">\n<p>2022.1727.SP<\/p>\n<\/td>\n<td width=\"95\">\n<p>2022.2163.SP<\/p>\n<\/td>\n<td width=\"95\">\n<p>2023.993.SP<\/p>\n<\/td>\n<\/tr>\n<tr>\n<td width=\"91\">\n<p>2023.999.SP<\/p>\n<\/td>\n<td width=\"95\">\n<p>2023.1719.SP<\/p>\n<\/td>\n<td width=\"95\">\n<p>2023.1751.SP<\/p>\n<\/td>\n<td width=\"95\">\n<p>2023.2083.SP<\/p>\n<\/td>\n<td width=\"95\">\n<p>2023.2095.SP<\/p>\n<\/td>\n<td width=\"95\">\n<p>2023.2111.SP<\/p>\n<\/td>\n<\/tr>\n<tr>\n<td width=\"91\">\n<p>2023.2111.SP<\/p>\n<\/td>\n<td width=\"95\">\u00a0<\/td>\n<td width=\"95\">\u00a0<\/td>\n<td width=\"95\">\u00a0<\/td>\n<td width=\"95\">\u00a0<\/td>\n<td width=\"95\">\u00a0<\/td>\n<\/tr>\n<\/tbody>\n<\/table>\t\t\t\t\t\t<\/div>\n\t\t\t\t<\/div>\n\t\t\t\t\t<\/div>\n\t\t<\/div>\n\t\t\t\t\t\t\t<\/div>\n\t\t<\/section>\n\t\t\t\t<section class=\"elementor-section elementor-top-section elementor-element elementor-element-149e203 elementor-section-boxed elementor-section-height-default elementor-section-height-default\" data-id=\"149e203\" data-element_type=\"section\">\n\t\t\t\t\t\t<div class=\"elementor-container elementor-column-gap-default\">\n\t\t\t\t\t<div class=\"elementor-column elementor-col-100 elementor-top-column elementor-element elementor-element-e797521\" data-id=\"e797521\" data-element_type=\"column\">\n\t\t\t<div class=\"elementor-widget-wrap\">\n\t\t\t\t\t\t\t\t\t<\/div>\n\t\t<\/div>\n\t\t\t\t\t\t\t<\/div>\n\t\t<\/section>\n\t\t\t\t<section class=\"elementor-section elementor-top-section elementor-element elementor-element-f41f57a elementor-section-boxed elementor-section-height-default elementor-section-height-default\" data-id=\"f41f57a\" data-element_type=\"section\">\n\t\t\t\t\t\t<div class=\"elementor-container elementor-column-gap-default\">\n\t\t\t\t\t<div class=\"elementor-column elementor-col-100 elementor-top-column elementor-element elementor-element-ff8df9b\" data-id=\"ff8df9b\" data-element_type=\"column\">\n\t\t\t<div class=\"elementor-widget-wrap elementor-element-populated\">\n\t\t\t\t\t\t\t\t<div class=\"elementor-element elementor-element-efd2f34 elementor-widget elementor-widget-text-editor\" data-id=\"efd2f34\" data-element_type=\"widget\" data-widget_type=\"text-editor.default\">\n\t\t\t\t<div class=\"elementor-widget-container\">\n\t\t\t\t\t\t\t<table width=\"550\">\n<tbody>\n<tr>\n<td colspan=\"6\" width=\"550\">\n<p><span style=\"color: #0000ff;\"><strong>Commissions permanentes<\/strong><\/span><\/p>\n<\/td>\n<\/tr>\n<tr>\n<td width=\"92\">\n<p>1986.1013.CP<\/p>\n<\/td>\n<td width=\"92\">\n<p>1991.411.CP<\/p>\n<\/td>\n<td width=\"92\">\n<p>1994.615.CP<\/p>\n<\/td>\n<td width=\"92\">\n<p>1995.693.CP<\/p>\n<\/td>\n<td width=\"92\">\n<p>1996.1764.CP<\/p>\n<\/td>\n<td width=\"92\">\n<p>1999.295.CP<\/p>\n<\/td>\n<\/tr>\n<tr>\n<td width=\"92\">\n<p>1999.1370.CP<\/p>\n<\/td>\n<td width=\"92\">\n<p>2000.1710.CP<\/p>\n<\/td>\n<td width=\"92\">\n<p>2000.1989.CP<\/p>\n<\/td>\n<td width=\"92\">\n<p>2001.1367.CP<\/p>\n<\/td>\n<td width=\"92\">\n<p>2001.1923.CP<\/p>\n<\/td>\n<td width=\"92\">\n<p>2004.0575.CP<\/p>\n<\/td>\n<\/tr>\n<tr>\n<td width=\"92\">\n<p>2004.0577.CP<\/p>\n<\/td>\n<td width=\"92\">\n<p>2004.2183.CP<\/p>\n<\/td>\n<td width=\"92\">\n<p>2005.1167.CP<\/p>\n<\/td>\n<td width=\"92\">\n<p>2007.1860.CP<\/p>\n<\/td>\n<td width=\"92\">\n<p>2007.2356.CP<\/p>\n<\/td>\n<td width=\"92\">\n<p>2007.2576.CP<\/p>\n<\/td>\n<\/tr>\n<tr>\n<td width=\"92\">\n<p>2008.0773.CP<\/p>\n<\/td>\n<td width=\"92\">\n<p>2008.1138.CP<\/p>\n<\/td>\n<td width=\"92\">\n<p>2008.1139.CP<\/p>\n<\/td>\n<td width=\"92\">\n<p>2008.1668.CP<\/p>\n<\/td>\n<td width=\"92\">\n<p>2008.2692.CP<\/p>\n<\/td>\n<td width=\"92\">\n<p>2009.0934.CP<\/p>\n<\/td>\n<\/tr>\n<tr>\n<td width=\"92\">\n<p>2009.1265.CP<\/p>\n<\/td>\n<td width=\"92\">\n<p>2009.1714.CP<\/p>\n<\/td>\n<td width=\"92\">\n<p>2009.2795.CP<\/p>\n<\/td>\n<td width=\"92\">\n<p>2010.0999.CP<\/p>\n<\/td>\n<td width=\"92\">\n<p>2010.2245.CP<\/p>\n<\/td>\n<td width=\"92\">\n<p>2011.1481.CP<\/p>\n<\/td>\n<\/tr>\n<tr>\n<td width=\"92\">\n<p>2011.1492.CP<\/p>\n<\/td>\n<td width=\"92\">\n<p>\u00a02011.1677.CP<\/p>\n<\/td>\n<td width=\"92\">\n<p>2011.1903.CP<\/p>\n<\/td>\n<td width=\"92\">\n<p>2011.1909.CP<\/p>\n<\/td>\n<td width=\"92\">\n<p>2012.172.CP<\/p>\n<\/td>\n<td width=\"92\">\n<p>2012.1457.CP<\/p>\n<\/td>\n<\/tr>\n<tr>\n<td width=\"92\">\n<p>2012.1673.CP<\/p>\n<\/td>\n<td width=\"92\">\n<p>2012.2152.CP<\/p>\n<\/td>\n<td width=\"92\">\n<p>2012.2332.CP<\/p>\n<\/td>\n<td width=\"92\">\n<p>2013.99.CP<\/p>\n<\/td>\n<td width=\"92\">\n<p>2013.170.CP<\/p>\n<\/td>\n<td width=\"92\">\n<p>2013.1197.CP<\/p>\n<\/td>\n<\/tr>\n<tr>\n<td width=\"92\">\n<p>2013.1198.CP<\/p>\n<\/td>\n<td width=\"92\">\n<p>2013.1562.CP<\/p>\n<\/td>\n<td width=\"92\">\n<p>2013.2022.CP<\/p>\n<\/td>\n<td width=\"92\">\n<p>2013.2025.CP<\/p>\n<\/td>\n<td width=\"92\">\n<p>2014.121.CP<\/p>\n<\/td>\n<td width=\"92\">\n<p>2014.262.CP<\/p>\n<\/td>\n<\/tr>\n<tr>\n<td width=\"92\">\n<p>2014.755.CP<\/p>\n<\/td>\n<td width=\"92\">\n<p>2014.1222.CP<\/p>\n<\/td>\n<td width=\"92\">\n<p>2014.1440.CP<\/p>\n<\/td>\n<td width=\"92\">\n<p>2014.1451.CP<\/p>\n<\/td>\n<td width=\"92\">\n<p>2014.1824.CP<\/p>\n<\/td>\n<td width=\"92\">\n<p>2014.1826.CP<\/p>\n<\/td>\n<\/tr>\n<tr>\n<td width=\"92\">\n<p>2015.189.CP<\/p>\n<\/td>\n<td width=\"92\">\n<p>2015.2033.CP<\/p>\n<\/td>\n<td width=\"92\">\n<p>2015.2039.CP<\/p>\n<\/td>\n<td width=\"92\">\n<p>2016.326.CP<\/p>\n<\/td>\n<td width=\"92\">\n<p>2016.509.CP<\/p>\n<\/td>\n<td width=\"92\">\n<p>2016.1091.CP<\/p>\n<\/td>\n<\/tr>\n<tr>\n<td width=\"92\">\n<p>2016.1095.CP<\/p>\n<\/td>\n<td width=\"92\">\n<p>2016.1099.CP<\/p>\n<\/td>\n<td width=\"92\">\n<p>2016.1582.CP<\/p>\n<\/td>\n<td width=\"92\">\n<p>2016.1589.CP<\/p>\n<\/td>\n<td width=\"92\">\n<p>2016.2139.CP<\/p>\n<\/td>\n<td width=\"92\">\n<p>2016.2226.CP<\/p>\n<\/td>\n<\/tr>\n<tr>\n<td width=\"92\">\n<p>2016.2835.CP<\/p>\n<\/td>\n<td width=\"92\">\n<p>2017.162.CP<\/p>\n<\/td>\n<td width=\"92\">\n<p>2017.273.CP<\/p>\n<\/td>\n<td width=\"92\">\n<p>2017.429.CP<\/p>\n<\/td>\n<td width=\"92\">\n<p>2017.960.CP<\/p>\n<\/td>\n<td width=\"92\">\n<p>2017.1442.CP<\/p>\n<\/td>\n<\/tr>\n<tr>\n<td width=\"92\">\n<p>2017.1443.CP<\/p>\n<\/td>\n<td width=\"92\">\n<p>2017.1860.CP<\/p>\n<\/td>\n<td width=\"92\">\n<p>2017.2345.CP<\/p>\n<\/td>\n<td width=\"92\">\n<p>2017.2346.CP<\/p>\n<\/td>\n<td width=\"92\">\n<p>2017.2353.CP<\/p>\n<\/td>\n<td width=\"92\">\n<p>2017.2366.CP<\/p>\n<\/td>\n<\/tr>\n<tr>\n<td width=\"92\">\n<p>2017.2368.CP<\/p>\n<\/td>\n<td width=\"92\">\n<p>2018.126.CP<\/p>\n<\/td>\n<td width=\"92\">\n<p>2018.762.CP<\/p>\n<\/td>\n<td width=\"92\">\n<p>2018.763.CP<\/p>\n<\/td>\n<td width=\"92\">\n<p>2018.1376.CP<\/p>\n<\/td>\n<td width=\"92\">\n<p>2018.1433.CP<\/p>\n<\/td>\n<\/tr>\n<tr>\n<td width=\"92\">\n<p>2018.1840.CP<\/p>\n<\/td>\n<td width=\"92\">\n<p>2018.1843.CP<\/p>\n<\/td>\n<td width=\"92\">\n<p>2018.2035.CP<\/p>\n<\/td>\n<td width=\"92\">\n<p>2018.2269.CP<\/p>\n<\/td>\n<td width=\"92\">\n<p>2018.2273.CP<\/p>\n<\/td>\n<td width=\"92\">\n<p>2019.5.CP<\/p>\n<\/td>\n<\/tr>\n<tr>\n<td width=\"92\">\n<p>2019.883.CP<\/p>\n<\/td>\n<td width=\"92\">\n<p>2019.1269.CP<\/p>\n<\/td>\n<td width=\"92\">\n<p>2019.2110.CP<\/p>\n<\/td>\n<td width=\"92\">\n<p>2019.2116.CP<\/p>\n<\/td>\n<td width=\"92\">\n<p>2020.195.CP<\/p>\n<\/td>\n<td width=\"92\">\n<p>2020.202.CP<\/p>\n<\/td>\n<\/tr>\n<tr>\n<td width=\"92\">\n<p>2020.687.CP<\/p>\n<\/td>\n<td width=\"92\">\n<p>2020.1087.CP<\/p>\n<\/td>\n<td width=\"92\">\n<p>2020.1362.CP<\/p>\n<\/td>\n<td width=\"92\">\n<p>2020.2157.CP<\/p>\n<\/td>\n<td width=\"92\">\n<p>2020.2161.CP<\/p>\n<\/td>\n<td width=\"92\">\n<p>2021.176.CP<\/p>\n<\/td>\n<\/tr>\n<tr>\n<td width=\"92\">\n<p>2021.179.CP<\/p>\n<\/td>\n<td width=\"92\">\n<p>2021.479.CP<\/p>\n<\/td>\n<td width=\"92\">\n<p>2021.733.CP<\/p>\n<\/td>\n<td width=\"92\">\n<p>2021.733.CP<\/p>\n<\/td>\n<td width=\"92\">\n<p>2021.1116.CP<\/p>\n<\/td>\n<td width=\"92\">\n<p>2021.1119.CP<\/p>\n<\/td>\n<\/tr>\n<tr>\n<td width=\"92\">\n<p>2021.1119.CP<\/p>\n<\/td>\n<td width=\"92\">\n<p>2021.1120.CP<\/p>\n<\/td>\n<td width=\"92\">\n<p>2021.1120.CP<\/p>\n<\/td>\n<td width=\"92\">\n<p>2021.1168.CP<\/p>\n<\/td>\n<td width=\"92\">\n<p>2021.1168.CP<\/p>\n<\/td>\n<td width=\"92\">\n<p>2021.1606.CP<\/p>\n<\/td>\n<\/tr>\n<tr>\n<td width=\"92\">\n<p>2021.1952.CP<\/p>\n<\/td>\n<td width=\"92\">\n<p>2021.2037.CP<\/p>\n<\/td>\n<td width=\"92\">\n<p>2021.2037.CP<\/p>\n<\/td>\n<td width=\"92\">\n<p>2022.93.CP<\/p>\n<\/td>\n<td width=\"92\">\n<p>2022.383.CP<\/p>\n<\/td>\n<td width=\"92\">\n<p>2022.872.CP<\/p>\n<\/td>\n<\/tr>\n<tr>\n<td width=\"92\">\n<p>2022.877.CP<\/p>\n<\/td>\n<td width=\"92\">\n<p>2022.877.CP<\/p>\n<\/td>\n<td width=\"92\">\n<p>2022.1653.CP<\/p>\n<\/td>\n<td width=\"92\">\n<p>2022.1653.CP<\/p>\n<\/td>\n<td width=\"92\">\n<p>2022.1658.CP<\/p>\n<\/td>\n<td width=\"92\">\n<p>2022.1658.CP<\/p>\n<\/td>\n<\/tr>\n<tr>\n<td width=\"92\">\n<p>2022.2038.CP<\/p>\n<\/td>\n<td width=\"92\">\n<p>2022.2038.CP<\/p>\n<\/td>\n<td width=\"92\">\n<p>2022.2114.CP<\/p>\n<\/td>\n<td width=\"92\">\n<p>2022.2116.CP<\/p>\n<\/td>\n<td width=\"92\">\n<p>2022.2120.CP<\/p>\n<\/td>\n<td width=\"92\">\n<p>2022.2120.CP<\/p>\n<\/td>\n<\/tr>\n<tr>\n<td width=\"92\">\n<p>2023.430.CP<\/p>\n<\/td>\n<td width=\"92\">\n<p>2023.433.CP<\/p>\n<\/td>\n<td width=\"92\">\n<p>2023.708.CP<\/p>\n<\/td>\n<td width=\"92\">\n<p>2023.933.CP<\/p>\n<\/td>\n<td width=\"92\">\n<p>2023.1279.CP<\/p>\n<\/td>\n<td width=\"92\">\n<p>2023.1279.CP<\/p>\n<\/td>\n<\/tr>\n<tr>\n<td width=\"92\">\n<p>2023.1628.CP<\/p>\n<\/td>\n<td width=\"92\">\n<p>2023.1629.CP<\/p>\n<\/td>\n<td width=\"92\">\n<p>2023.1629.CP<\/p>\n<\/td>\n<td width=\"92\">\n<p>2023.1636.CP<\/p>\n<\/td>\n<td width=\"92\">\n<p>2023.1636.CP<\/p>\n<\/td>\n<td width=\"92\">\n<p>2023.1982.CP<\/p>\n<\/td>\n<\/tr>\n<tr>\n<td width=\"92\">\n<p>2023.1982.CP<\/p>\n<\/td>\n<td width=\"92\">\n<p>2023.1997.CP<\/p>\n<\/td>\n<td width=\"92\">\n<p>2023.2054.CP<\/p>\n<\/td>\n<td width=\"92\">\n<p>2023.2055.CP<\/p>\n<\/td>\n<td width=\"92\">\n<p>2023.2063.CP<\/p>\n<\/td>\n<td width=\"92\">\n<p>2023.2063.CP<\/p>\n<\/td>\n<\/tr>\n<\/tbody>\n<\/table>\t\t\t\t\t\t<\/div>\n\t\t\t\t<\/div>\n\t\t\t\t\t<\/div>\n\t\t<\/div>\n\t\t\t\t\t\t\t<\/div>\n\t\t<\/section>\n\t\t\t\t\t\t<\/div>\n\t\t\t\t\t<\/div>\n\t\t","protected":false},"excerpt":{"rendered":"<p>Dans ce menu, vous trouverez l&#8217;analyse de toutes les d\u00e9lib\u00e9rations du Conseil R\u00e9gional de Nouvelle-Aquitaine sur la ligne Pau &#8211; Canfranc &#8211; Saragosse. Le CROC a identifi\u00e9 313 d\u00e9lib\u00e9rations en &#8220;S\u00e9ance pl\u00e9ni\u00e8re&#8221; et en &#8220;Commission permanente&#8221; de 1986 \u00e0 2023. Le CROC les a toutes analys\u00e9es. On parle des \u00e9tudes et des rapports, des subventions, &hellip;<\/p>\n<p class=\"read-more\"> <a class=\"\" href=\"https:\/\/croc-aspe.com\/?page_id=311\"> <span class=\"screen-reader-text\">D\u00e9lib\u00e9rations du Conseil R\u00e9gional<\/span> Read More &raquo;<\/a><\/p>\n","protected":false},"author":1,"featured_media":0,"parent":0,"menu_order":0,"comment_status":"closed","ping_status":"closed","template":"","meta":{"om_disable_all_campaigns":false,"_monsterinsights_skip_tracking":false,"_monsterinsights_sitenote_active":false,"_monsterinsights_sitenote_note":"","_monsterinsights_sitenote_category":0,"site-sidebar-layout":"default","site-content-layout":"default","ast-main-header-display":"","ast-hfb-above-header-display":"","ast-hfb-below-header-display":"","ast-hfb-mobile-header-display":"","site-post-title":"","ast-breadcrumbs-content":"","ast-featured-img":"","footer-sml-layout":"","theme-transparent-header-meta":"","adv-header-id-meta":"","stick-header-meta":"","header-above-stick-meta":"","header-main-stick-meta":"","header-below-stick-meta":"","footnotes":""},"class_list":["post-311","page","type-page","status-publish","hentry"],"_links":{"self":[{"href":"https:\/\/croc-aspe.com\/index.php?rest_route=\/wp\/v2\/pages\/311","targetHints":{"allow":["GET"]}}],"collection":[{"href":"https:\/\/croc-aspe.com\/index.php?rest_route=\/wp\/v2\/pages"}],"about":[{"href":"https:\/\/croc-aspe.com\/index.php?rest_route=\/wp\/v2\/types\/page"}],"author":[{"embeddable":true,"href":"https:\/\/croc-aspe.com\/index.php?rest_route=\/wp\/v2\/users\/1"}],"replies":[{"embeddable":true,"href":"https:\/\/croc-aspe.com\/index.php?rest_route=%2Fwp%2Fv2%2Fcomments&post=311"}],"version-history":[{"count":61,"href":"https:\/\/croc-aspe.com\/index.php?rest_route=\/wp\/v2\/pages\/311\/revisions"}],"predecessor-version":[{"id":6970,"href":"https:\/\/croc-aspe.com\/index.php?rest_route=\/wp\/v2\/pages\/311\/revisions\/6970"}],"wp:attachment":[{"href":"https:\/\/croc-aspe.com\/index.php?rest_route=%2Fwp%2Fv2%2Fmedia&parent=311"}],"curies":[{"name":"wp","href":"https:\/\/api.w.org\/{rel}","templated":true}]}}