{"id":2562,"date":"2022-03-06T09:12:52","date_gmt":"2022-03-06T09:12:52","guid":{"rendered":"https:\/\/croc-aspe.com\/?page_id=2562"},"modified":"2022-06-05T04:53:02","modified_gmt":"2022-06-05T04:53:02","slug":"biographie-emile-millet","status":"publish","type":"page","link":"https:\/\/croc-aspe.com\/?page_id=2562","title":{"rendered":"Biographie Emile Millet"},"content":{"rendered":"\t\t<div data-elementor-type=\"wp-page\" data-elementor-id=\"2562\" class=\"elementor elementor-2562\" data-elementor-settings=\"[]\">\n\t\t\t\t\t\t\t<div class=\"elementor-section-wrap\">\n\t\t\t\t\t\t\t<section class=\"elementor-section elementor-top-section elementor-element elementor-element-2d4e86fb elementor-section-boxed elementor-section-height-default elementor-section-height-default\" data-id=\"2d4e86fb\" data-element_type=\"section\">\n\t\t\t\t\t\t<div class=\"elementor-container elementor-column-gap-default\">\n\t\t\t\t\t<div class=\"elementor-column elementor-col-100 elementor-top-column elementor-element elementor-element-7d035797\" data-id=\"7d035797\" data-element_type=\"column\">\n\t\t\t<div class=\"elementor-widget-wrap elementor-element-populated\">\n\t\t\t\t\t\t\t\t<div class=\"elementor-element elementor-element-5845378c elementor-widget elementor-widget-text-editor\" data-id=\"5845378c\" data-element_type=\"widget\" data-widget_type=\"text-editor.default\">\n\t\t\t\t<div class=\"elementor-widget-container\">\n\t\t\t<style>\/*! elementor - v3.5.5 - 03-02-2022 *\/\n.elementor-widget-text-editor.elementor-drop-cap-view-stacked .elementor-drop-cap{background-color:#818a91;color:#fff}.elementor-widget-text-editor.elementor-drop-cap-view-framed .elementor-drop-cap{color:#818a91;border:3px solid;background-color:transparent}.elementor-widget-text-editor:not(.elementor-drop-cap-view-default) .elementor-drop-cap{margin-top:8px}.elementor-widget-text-editor:not(.elementor-drop-cap-view-default) .elementor-drop-cap-letter{width:1em;height:1em}.elementor-widget-text-editor .elementor-drop-cap{float:left;text-align:center;line-height:1;font-size:50px}.elementor-widget-text-editor .elementor-drop-cap-letter{display:inline-block}<\/style>\t\t\t\t<p><b><\/b><b><span lang=\"ES\" style=\"font-size: 14.0pt; mso-ansi-language: ES;\"><strong>Emile Millet (12\/01\/1837 Paris I<sup>er<\/sup>\u00a0&#8211; 24\/02\/1922 Bordeaux)<\/strong><\/span><\/b><\/p>\t\t\t\t\t\t<\/div>\n\t\t\t\t<\/div>\n\t\t\t\t\t<\/div>\n\t\t<\/div>\n\t\t\t\t\t\t\t<\/div>\n\t\t<\/section>\n\t\t\t\t<section class=\"elementor-section elementor-top-section elementor-element elementor-element-5551eeb2 elementor-section-boxed elementor-section-height-default elementor-section-height-default\" data-id=\"5551eeb2\" data-element_type=\"section\">\n\t\t\t\t\t\t<div class=\"elementor-container elementor-column-gap-default\">\n\t\t\t\t\t<div class=\"elementor-column elementor-col-100 elementor-top-column elementor-element elementor-element-31ac5315\" data-id=\"31ac5315\" data-element_type=\"column\">\n\t\t\t<div class=\"elementor-widget-wrap elementor-element-populated\">\n\t\t\t\t\t\t\t\t<div class=\"elementor-element elementor-element-c2ec4dd elementor-widget elementor-widget-text-editor\" data-id=\"c2ec4dd\" data-element_type=\"widget\" data-widget_type=\"text-editor.default\">\n\t\t\t\t<div class=\"elementor-widget-container\">\n\t\t\t\t\t\t\t<p>Polytechnicien, Ing\u00e9nieur en chef du mat\u00e9riel et de la traction \u00e0 la Compagnie du Midi, Ing\u00e9nieur honoraire de la Chambre de Commerce de Bordeaux, Chevalier de la L\u00e9gion d&#8217;Honneur en 1881 puis Officier en 1896<\/p>\t\t\t\t\t\t<\/div>\n\t\t\t\t<\/div>\n\t\t\t\t\t<\/div>\n\t\t<\/div>\n\t\t\t\t\t\t\t<\/div>\n\t\t<\/section>\n\t\t\t\t<section class=\"elementor-section elementor-top-section elementor-element elementor-element-34f861f6 elementor-section-boxed elementor-section-height-default elementor-section-height-default\" data-id=\"34f861f6\" data-element_type=\"section\">\n\t\t\t\t\t\t<div class=\"elementor-container elementor-column-gap-default\">\n\t\t\t\t\t<div class=\"elementor-column elementor-col-100 elementor-top-column elementor-element elementor-element-1f446a05\" data-id=\"1f446a05\" data-element_type=\"column\">\n\t\t\t<div class=\"elementor-widget-wrap elementor-element-populated\">\n\t\t\t\t\t\t\t\t<div class=\"elementor-element elementor-element-33ea8caf elementor-widget elementor-widget-text-editor\" data-id=\"33ea8caf\" data-element_type=\"widget\" data-widget_type=\"text-editor.default\">\n\t\t\t\t<div class=\"elementor-widget-container\">\n\t\t\t\t\t\t\t<p>Emile Millet fut d\u2019abord ing\u00e9nieur dans des usines sid\u00e9rurgiques en Belgique puis ing\u00e9nieur en chef \u00e0 la Compagnie du Midi. Il fut \u00e0 l\u2019origine de la r\u00e9alisation de locomotives et de mat\u00e9riel de traction pour la Compagnie du Midi.<\/p><p>Il d\u00e9crivit dans la revue &#8220;La Nature&#8221; le syst\u00e8me d\u2019\u00e9lectrification avec toutes les usines hydro-\u00e9lectriques qui allaient \u00eatre mis en fonctionnement dans les Pyr\u00e9n\u00e9es pour alimenter le r\u00e9seau des lignes de la Compagnie du Midi.<\/p>\t\t\t\t\t\t<\/div>\n\t\t\t\t<\/div>\n\t\t\t\t\t<\/div>\n\t\t<\/div>\n\t\t\t\t\t\t\t<\/div>\n\t\t<\/section>\n\t\t\t\t<section class=\"elementor-section elementor-top-section elementor-element elementor-element-29739462 elementor-section-boxed elementor-section-height-default elementor-section-height-default\" data-id=\"29739462\" data-element_type=\"section\">\n\t\t\t\t\t\t<div class=\"elementor-container elementor-column-gap-default\">\n\t\t\t\t\t<div class=\"elementor-column elementor-col-50 elementor-top-column elementor-element elementor-element-4639cdfa\" data-id=\"4639cdfa\" data-element_type=\"column\">\n\t\t\t<div class=\"elementor-widget-wrap elementor-element-populated\">\n\t\t\t\t\t\t\t\t<div class=\"elementor-element elementor-element-5619cc99 elementor-button-success elementor-align-center elementor-widget elementor-widget-button\" data-id=\"5619cc99\" data-element_type=\"widget\" data-widget_type=\"button.default\">\n\t\t\t\t<div class=\"elementor-widget-container\">\n\t\t\t\t\t<div class=\"elementor-button-wrapper\">\n\t\t\t<a href=\"https:\/\/croc-aspe.com\/?page_id=2557\" class=\"elementor-button-link elementor-button elementor-size-sm\" role=\"button\">\n\t\t\t\t\t\t<span class=\"elementor-button-content-wrapper\">\n\t\t\t\t\t\t<span class=\"elementor-button-text\">Quelques citations d'Emile Millet<\/span>\n\t\t<\/span>\n\t\t\t\t\t<\/a>\n\t\t<\/div>\n\t\t\t\t<\/div>\n\t\t\t\t<\/div>\n\t\t\t\t\t<\/div>\n\t\t<\/div>\n\t\t\t\t<div class=\"elementor-column elementor-col-50 elementor-top-column elementor-element elementor-element-701af129\" data-id=\"701af129\" data-element_type=\"column\">\n\t\t\t<div class=\"elementor-widget-wrap elementor-element-populated\">\n\t\t\t\t\t\t\t\t<div class=\"elementor-element elementor-element-2a8e7945 elementor-align-center elementor-widget elementor-widget-button\" data-id=\"2a8e7945\" data-element_type=\"widget\" data-widget_type=\"button.default\">\n\t\t\t\t<div class=\"elementor-widget-container\">\n\t\t\t\t\t<div class=\"elementor-button-wrapper\">\n\t\t\t<a href=\"https:\/\/croc-aspe.com\/?page_id=3939\" class=\"elementor-button-link elementor-button elementor-size-sm\" role=\"button\">\n\t\t\t\t\t\t<span class=\"elementor-button-content-wrapper\">\n\t\t\t\t\t\t<span class=\"elementor-button-text\">Retour aux personnages<\/span>\n\t\t<\/span>\n\t\t\t\t\t<\/a>\n\t\t<\/div>\n\t\t\t\t<\/div>\n\t\t\t\t<\/div>\n\t\t\t\t\t<\/div>\n\t\t<\/div>\n\t\t\t\t\t\t\t<\/div>\n\t\t<\/section>\n\t\t\t\t\t\t<\/div>\n\t\t\t\t\t<\/div>\n\t\t","protected":false},"excerpt":{"rendered":"<p>Emile Millet (12\/01\/1837 Paris Ier\u00a0&#8211; 24\/02\/1922 Bordeaux) Polytechnicien, Ing\u00e9nieur en chef du mat\u00e9riel et de la traction \u00e0 la Compagnie du Midi, Ing\u00e9nieur honoraire de la Chambre de Commerce de Bordeaux, Chevalier de la L\u00e9gion d&#8217;Honneur en 1881 puis Officier en 1896 Emile Millet fut d\u2019abord ing\u00e9nieur dans des usines sid\u00e9rurgiques en Belgique puis ing\u00e9nieur &hellip;<\/p>\n<p class=\"read-more\"> <a class=\"\" href=\"https:\/\/croc-aspe.com\/?page_id=2562\"> <span class=\"screen-reader-text\">Biographie Emile Millet<\/span> Read More &raquo;<\/a><\/p>\n","protected":false},"author":1,"featured_media":0,"parent":0,"menu_order":0,"comment_status":"closed","ping_status":"closed","template":"","meta":{"om_disable_all_campaigns":false,"_monsterinsights_skip_tracking":false,"_monsterinsights_sitenote_active":false,"_monsterinsights_sitenote_note":"","_monsterinsights_sitenote_category":0,"site-sidebar-layout":"no-sidebar","site-content-layout":"page-builder","ast-main-header-display":"","ast-hfb-above-header-display":"","ast-hfb-below-header-display":"","ast-hfb-mobile-header-display":"","site-post-title":"disabled","ast-breadcrumbs-content":"","ast-featured-img":"disabled","footer-sml-layout":"","theme-transparent-header-meta":"","adv-header-id-meta":"","stick-header-meta":"","header-above-stick-meta":"","header-main-stick-meta":"","header-below-stick-meta":"","footnotes":""},"class_list":["post-2562","page","type-page","status-publish","hentry"],"_links":{"self":[{"href":"https:\/\/croc-aspe.com\/index.php?rest_route=\/wp\/v2\/pages\/2562","targetHints":{"allow":["GET"]}}],"collection":[{"href":"https:\/\/croc-aspe.com\/index.php?rest_route=\/wp\/v2\/pages"}],"about":[{"href":"https:\/\/croc-aspe.com\/index.php?rest_route=\/wp\/v2\/types\/page"}],"author":[{"embeddable":true,"href":"https:\/\/croc-aspe.com\/index.php?rest_route=\/wp\/v2\/users\/1"}],"replies":[{"embeddable":true,"href":"https:\/\/croc-aspe.com\/index.php?rest_route=%2Fwp%2Fv2%2Fcomments&post=2562"}],"version-history":[{"count":17,"href":"https:\/\/croc-aspe.com\/index.php?rest_route=\/wp\/v2\/pages\/2562\/revisions"}],"predecessor-version":[{"id":4024,"href":"https:\/\/croc-aspe.com\/index.php?rest_route=\/wp\/v2\/pages\/2562\/revisions\/4024"}],"wp:attachment":[{"href":"https:\/\/croc-aspe.com\/index.php?rest_route=%2Fwp%2Fv2%2Fmedia&parent=2562"}],"curies":[{"name":"wp","href":"https:\/\/api.w.org\/{rel}","templated":true}]}}