{"id":1654,"date":"2022-02-21T05:43:29","date_gmt":"2022-02-21T05:43:29","guid":{"rendered":"https:\/\/croc-aspe.com\/?page_id=1654"},"modified":"2025-11-19T05:35:43","modified_gmt":"2025-11-19T05:35:43","slug":"lassociation-croc","status":"publish","type":"page","link":"https:\/\/croc-aspe.com\/?page_id=1654","title":{"rendered":"L&#8217;association CROC"},"content":{"rendered":"\t\t<div data-elementor-type=\"wp-page\" data-elementor-id=\"1654\" class=\"elementor elementor-1654\" data-elementor-settings=\"[]\">\n\t\t\t\t\t\t\t<div class=\"elementor-section-wrap\">\n\t\t\t\t\t\t\t<section class=\"elementor-section elementor-top-section elementor-element elementor-element-015e41d elementor-section-boxed elementor-section-height-default elementor-section-height-default\" data-id=\"015e41d\" data-element_type=\"section\">\n\t\t\t\t\t\t<div class=\"elementor-container elementor-column-gap-default\">\n\t\t\t\t\t<div class=\"elementor-column elementor-col-100 elementor-top-column elementor-element elementor-element-6893a8d\" data-id=\"6893a8d\" data-element_type=\"column\">\n\t\t\t<div class=\"elementor-widget-wrap elementor-element-populated\">\n\t\t\t\t\t\t\t\t<div class=\"elementor-element elementor-element-81d6f0f elementor-widget elementor-widget-text-editor\" data-id=\"81d6f0f\" data-element_type=\"widget\" data-widget_type=\"text-editor.default\">\n\t\t\t\t<div class=\"elementor-widget-container\">\n\t\t\t<style>\/*! elementor - v3.5.5 - 03-02-2022 *\/\n.elementor-widget-text-editor.elementor-drop-cap-view-stacked .elementor-drop-cap{background-color:#818a91;color:#fff}.elementor-widget-text-editor.elementor-drop-cap-view-framed .elementor-drop-cap{color:#818a91;border:3px solid;background-color:transparent}.elementor-widget-text-editor:not(.elementor-drop-cap-view-default) .elementor-drop-cap{margin-top:8px}.elementor-widget-text-editor:not(.elementor-drop-cap-view-default) .elementor-drop-cap-letter{width:1em;height:1em}.elementor-widget-text-editor .elementor-drop-cap{float:left;text-align:center;line-height:1;font-size:50px}.elementor-widget-text-editor .elementor-drop-cap-letter{display:inline-block}<\/style>\t\t\t\t<p><strong><span style=\"color: #ff0000;\">L&#8217;association CROC<\/span><\/strong><\/p>\t\t\t\t\t\t<\/div>\n\t\t\t\t<\/div>\n\t\t\t\t\t<\/div>\n\t\t<\/div>\n\t\t\t\t\t\t\t<\/div>\n\t\t<\/section>\n\t\t\t\t<section class=\"elementor-section elementor-top-section elementor-element elementor-element-8a406d6 elementor-section-boxed elementor-section-height-default elementor-section-height-default\" data-id=\"8a406d6\" data-element_type=\"section\">\n\t\t\t\t\t\t<div class=\"elementor-container elementor-column-gap-default\">\n\t\t\t\t\t<div class=\"elementor-column elementor-col-100 elementor-top-column elementor-element elementor-element-0e28543\" data-id=\"0e28543\" data-element_type=\"column\">\n\t\t\t<div class=\"elementor-widget-wrap elementor-element-populated\">\n\t\t\t\t\t\t\t\t<div class=\"elementor-element elementor-element-e9b15b8 elementor-widget elementor-widget-text-editor\" data-id=\"e9b15b8\" data-element_type=\"widget\" data-widget_type=\"text-editor.default\">\n\t\t\t\t<div class=\"elementor-widget-container\">\n\t\t\t\t\t\t\t<p>L&#8217;association CROC &#8220;Contre la R\u00e9ouverture d&#8217;Oloron Canfranc&#8221; est une association loi 1901 cr\u00e9\u00e9e le 29 mars 2013.<\/p><p>L&#8217;objet de l&#8217;association est le suivant : &#8220;\u0153uvrer au maintien de de la desserte par autocar de la ligne Oloron-Bedous et de lutter contre le projet de r\u00e9ouverture de la liaison ferroviaire Oloron-Bedous et de son prolongement vers Canfranc ; l&#8217;association consid\u00e8re que ledit projet entrainerait, d&#8217;une part, une d\u00e9t\u00e9rioration de la qualit\u00e9 du service public pour les usagers, d&#8217;autre part, une d\u00e9pense publique disproportionn\u00e9e et injustifi\u00e9e&#8221;<\/p>\t\t\t\t\t\t<\/div>\n\t\t\t\t<\/div>\n\t\t\t\t\t<\/div>\n\t\t<\/div>\n\t\t\t\t\t\t\t<\/div>\n\t\t<\/section>\n\t\t\t\t<section class=\"elementor-section elementor-top-section elementor-element elementor-element-6992bbe elementor-section-boxed elementor-section-height-default elementor-section-height-default\" data-id=\"6992bbe\" data-element_type=\"section\">\n\t\t\t\t\t\t<div class=\"elementor-container elementor-column-gap-default\">\n\t\t\t\t\t<div class=\"elementor-column elementor-col-100 elementor-top-column elementor-element elementor-element-193cdbe\" data-id=\"193cdbe\" data-element_type=\"column\">\n\t\t\t<div class=\"elementor-widget-wrap elementor-element-populated\">\n\t\t\t\t\t\t\t\t<div class=\"elementor-element elementor-element-9c1055e elementor-widget elementor-widget-image\" data-id=\"9c1055e\" data-element_type=\"widget\" data-widget_type=\"image.default\">\n\t\t\t\t<div class=\"elementor-widget-container\">\n\t\t\t<style>\/*! elementor - v3.5.5 - 03-02-2022 *\/\n.elementor-widget-image{text-align:center}.elementor-widget-image a{display:inline-block}.elementor-widget-image a img[src$=\".svg\"]{width:48px}.elementor-widget-image img{vertical-align:middle;display:inline-block}<\/style>\t\t\t\t\t\t\t\t\t\t\t\t<img loading=\"lazy\" decoding=\"async\" width=\"1024\" height=\"576\" src=\"https:\/\/croc-aspe.com\/wp-content\/uploads\/2025\/11\/IMG_20251018_175228-1024x576.jpg\" class=\"attachment-large size-large\" alt=\"\" srcset=\"https:\/\/croc-aspe.com\/wp-content\/uploads\/2025\/11\/IMG_20251018_175228-1024x576.jpg 1024w, https:\/\/croc-aspe.com\/wp-content\/uploads\/2025\/11\/IMG_20251018_175228-300x169.jpg 300w, https:\/\/croc-aspe.com\/wp-content\/uploads\/2025\/11\/IMG_20251018_175228-768x432.jpg 768w, https:\/\/croc-aspe.com\/wp-content\/uploads\/2025\/11\/IMG_20251018_175228-1536x864.jpg 1536w, https:\/\/croc-aspe.com\/wp-content\/uploads\/2025\/11\/IMG_20251018_175228.jpg 1600w\" sizes=\"auto, (max-width: 1024px) 100vw, 1024px\" \/>\t\t\t\t\t\t\t\t\t\t\t\t\t\t\t<\/div>\n\t\t\t\t<\/div>\n\t\t\t\t\t<\/div>\n\t\t<\/div>\n\t\t\t\t\t\t\t<\/div>\n\t\t<\/section>\n\t\t\t\t\t\t<\/div>\n\t\t\t\t\t<\/div>\n\t\t","protected":false},"excerpt":{"rendered":"<p>L&#8217;association CROC L&#8217;association CROC &#8220;Contre la R\u00e9ouverture d&#8217;Oloron Canfranc&#8221; est une association loi 1901 cr\u00e9\u00e9e le 29 mars 2013. L&#8217;objet de l&#8217;association est le suivant : &#8220;\u0153uvrer au maintien de de la desserte par autocar de la ligne Oloron-Bedous et de lutter contre le projet de r\u00e9ouverture de la liaison ferroviaire Oloron-Bedous et de son &hellip;<\/p>\n<p class=\"read-more\"> <a class=\"\" href=\"https:\/\/croc-aspe.com\/?page_id=1654\"> <span class=\"screen-reader-text\">L&#8217;association CROC<\/span> Read More &raquo;<\/a><\/p>\n","protected":false},"author":1,"featured_media":0,"parent":0,"menu_order":0,"comment_status":"closed","ping_status":"closed","template":"","meta":{"om_disable_all_campaigns":false,"_monsterinsights_skip_tracking":false,"_monsterinsights_sitenote_active":false,"_monsterinsights_sitenote_note":"","_monsterinsights_sitenote_category":0,"site-sidebar-layout":"no-sidebar","site-content-layout":"page-builder","ast-main-header-display":"","ast-hfb-above-header-display":"","ast-hfb-below-header-display":"","ast-hfb-mobile-header-display":"","site-post-title":"disabled","ast-breadcrumbs-content":"","ast-featured-img":"disabled","footer-sml-layout":"","theme-transparent-header-meta":"","adv-header-id-meta":"","stick-header-meta":"","header-above-stick-meta":"","header-main-stick-meta":"","header-below-stick-meta":"","footnotes":""},"class_list":["post-1654","page","type-page","status-publish","hentry"],"_links":{"self":[{"href":"https:\/\/croc-aspe.com\/index.php?rest_route=\/wp\/v2\/pages\/1654","targetHints":{"allow":["GET"]}}],"collection":[{"href":"https:\/\/croc-aspe.com\/index.php?rest_route=\/wp\/v2\/pages"}],"about":[{"href":"https:\/\/croc-aspe.com\/index.php?rest_route=\/wp\/v2\/types\/page"}],"author":[{"embeddable":true,"href":"https:\/\/croc-aspe.com\/index.php?rest_route=\/wp\/v2\/users\/1"}],"replies":[{"embeddable":true,"href":"https:\/\/croc-aspe.com\/index.php?rest_route=%2Fwp%2Fv2%2Fcomments&post=1654"}],"version-history":[{"count":24,"href":"https:\/\/croc-aspe.com\/index.php?rest_route=\/wp\/v2\/pages\/1654\/revisions"}],"predecessor-version":[{"id":8486,"href":"https:\/\/croc-aspe.com\/index.php?rest_route=\/wp\/v2\/pages\/1654\/revisions\/8486"}],"wp:attachment":[{"href":"https:\/\/croc-aspe.com\/index.php?rest_route=%2Fwp%2Fv2%2Fmedia&parent=1654"}],"curies":[{"name":"wp","href":"https:\/\/api.w.org\/{rel}","templated":true}]}}