{"id":1431,"date":"2022-02-20T18:42:46","date_gmt":"2022-02-20T18:42:46","guid":{"rendered":"https:\/\/croc-aspe.com\/?page_id=1431"},"modified":"2022-06-05T04:59:36","modified_gmt":"2022-06-05T04:59:36","slug":"biographie-maurice-parde","status":"publish","type":"page","link":"https:\/\/croc-aspe.com\/?page_id=1431","title":{"rendered":"Biographie Maurice Pard\u00e9"},"content":{"rendered":"\t\t<div data-elementor-type=\"wp-page\" data-elementor-id=\"1431\" class=\"elementor elementor-1431\" data-elementor-settings=\"[]\">\n\t\t\t\t\t\t\t<div class=\"elementor-section-wrap\">\n\t\t\t\t\t\t\t<section class=\"elementor-section elementor-top-section elementor-element elementor-element-238c7b10 elementor-section-boxed elementor-section-height-default elementor-section-height-default\" data-id=\"238c7b10\" data-element_type=\"section\">\n\t\t\t\t\t\t<div class=\"elementor-container elementor-column-gap-default\">\n\t\t\t\t\t<div class=\"elementor-column elementor-col-100 elementor-top-column elementor-element elementor-element-1d39aedb\" data-id=\"1d39aedb\" data-element_type=\"column\">\n\t\t\t<div class=\"elementor-widget-wrap elementor-element-populated\">\n\t\t\t\t\t\t\t\t<div class=\"elementor-element elementor-element-4da94aaf elementor-widget elementor-widget-text-editor\" data-id=\"4da94aaf\" data-element_type=\"widget\" data-widget_type=\"text-editor.default\">\n\t\t\t\t<div class=\"elementor-widget-container\">\n\t\t\t<style>\/*! elementor - v3.5.5 - 03-02-2022 *\/\n.elementor-widget-text-editor.elementor-drop-cap-view-stacked .elementor-drop-cap{background-color:#818a91;color:#fff}.elementor-widget-text-editor.elementor-drop-cap-view-framed .elementor-drop-cap{color:#818a91;border:3px solid;background-color:transparent}.elementor-widget-text-editor:not(.elementor-drop-cap-view-default) .elementor-drop-cap{margin-top:8px}.elementor-widget-text-editor:not(.elementor-drop-cap-view-default) .elementor-drop-cap-letter{width:1em;height:1em}.elementor-widget-text-editor .elementor-drop-cap{float:left;text-align:center;line-height:1;font-size:50px}.elementor-widget-text-editor .elementor-drop-cap-letter{display:inline-block}<\/style>\t\t\t\t<p><b><\/b><b><span lang=\"ES\" style=\"font-size: 14.0pt; mso-ansi-language: ES;\"><strong>Maurice Pard\u00e9 (04\/12\/1893 Senlis &#8211; 14\/06\/1973 Nancy)<\/strong><\/span><\/b><\/p>\t\t\t\t\t\t<\/div>\n\t\t\t\t<\/div>\n\t\t\t\t\t<\/div>\n\t\t<\/div>\n\t\t\t\t\t\t\t<\/div>\n\t\t<\/section>\n\t\t\t\t<section class=\"elementor-section elementor-top-section elementor-element elementor-element-92d874c elementor-section-boxed elementor-section-height-default elementor-section-height-default\" data-id=\"92d874c\" data-element_type=\"section\">\n\t\t\t\t\t\t<div class=\"elementor-container elementor-column-gap-default\">\n\t\t\t\t\t<div class=\"elementor-column elementor-col-100 elementor-top-column elementor-element elementor-element-a77aa35\" data-id=\"a77aa35\" data-element_type=\"column\">\n\t\t\t<div class=\"elementor-widget-wrap elementor-element-populated\">\n\t\t\t\t\t\t\t\t<div class=\"elementor-element elementor-element-4eaa561 elementor-widget elementor-widget-text-editor\" data-id=\"4eaa561\" data-element_type=\"widget\" data-widget_type=\"text-editor.default\">\n\t\t\t\t<div class=\"elementor-widget-container\">\n\t\t\t\t\t\t\t<p>G\u00e9ographe sp\u00e9cialiste de potamologie, Fondateur de l&#8217;Institut de G\u00e9ographie Alpine de Grenoble, Professeur \u00e0 la Facult\u00e9 des Sciences de Grenoble, Chevalier de la L\u00e9gion d&#8217;Honneur en 1950 puis Officier en 1965<\/p>\t\t\t\t\t\t<\/div>\n\t\t\t\t<\/div>\n\t\t\t\t\t<\/div>\n\t\t<\/div>\n\t\t\t\t\t\t\t<\/div>\n\t\t<\/section>\n\t\t\t\t<section class=\"elementor-section elementor-top-section elementor-element elementor-element-7983db9 elementor-section-boxed elementor-section-height-default elementor-section-height-default\" data-id=\"7983db9\" data-element_type=\"section\">\n\t\t\t\t\t\t<div class=\"elementor-container elementor-column-gap-default\">\n\t\t\t\t\t<div class=\"elementor-column elementor-col-100 elementor-top-column elementor-element elementor-element-364ffc6\" data-id=\"364ffc6\" data-element_type=\"column\">\n\t\t\t<div class=\"elementor-widget-wrap elementor-element-populated\">\n\t\t\t\t\t\t\t\t<div class=\"elementor-element elementor-element-8a94a2b elementor-widget elementor-widget-text-editor\" data-id=\"8a94a2b\" data-element_type=\"widget\" data-widget_type=\"text-editor.default\">\n\t\t\t\t<div class=\"elementor-widget-container\">\n\t\t\t\t\t\t\t<p>Maurice Pard\u00e9 fut un g\u00e9ographe \u00e0 l\u2019origine de la cr\u00e9ation de la potamologie, science qui \u00e9tudie les cours d\u2019eau. Il est toujours consid\u00e9r\u00e9 comme l\u2019un des meilleurs sp\u00e9cialistes fran\u00e7ais de l\u2019hydrologie et ses nombreuses \u00e9tudes et publications furent de renomm\u00e9e mondiale. Ses travaux sur les crues et les d\u00e9bits des rivi\u00e8res ont \u00e9t\u00e9 utilis\u00e9es par les constructeurs des centrales hydro\u00e9lectriques.<\/p><p>Il f\u00fbt lucide et compris que le transpyr\u00e9n\u00e9en occidental n\u2019allait pas \u00eatre une r\u00e9ussite. Il insista sur la valeur \u00e9norme des pentes avec l\u2019impossibilit\u00e9 de pouvoir avoir de la grande vitesse sur cette ligne ferroviaire. Il pensa que l&#8217;on ne ferait pas passer des trains qui roulent de 85 \u00e0 99km\/h par cette voie lente. Il souligna la n\u00e9cessit\u00e9 de frais suppl\u00e9mentaires pour atteler des remorques de marchandises.<\/p>\t\t\t\t\t\t<\/div>\n\t\t\t\t<\/div>\n\t\t\t\t\t<\/div>\n\t\t<\/div>\n\t\t\t\t\t\t\t<\/div>\n\t\t<\/section>\n\t\t\t\t<section class=\"elementor-section elementor-top-section elementor-element elementor-element-b1bb7f3 elementor-section-boxed elementor-section-height-default elementor-section-height-default\" data-id=\"b1bb7f3\" data-element_type=\"section\">\n\t\t\t\t\t\t<div class=\"elementor-container elementor-column-gap-default\">\n\t\t\t\t\t<div class=\"elementor-column elementor-col-100 elementor-top-column elementor-element elementor-element-6479443\" data-id=\"6479443\" data-element_type=\"column\">\n\t\t\t<div class=\"elementor-widget-wrap\">\n\t\t\t\t\t\t\t\t\t<\/div>\n\t\t<\/div>\n\t\t\t\t\t\t\t<\/div>\n\t\t<\/section>\n\t\t\t\t<section class=\"elementor-section elementor-top-section elementor-element elementor-element-52bab8c1 elementor-section-boxed elementor-section-height-default elementor-section-height-default\" data-id=\"52bab8c1\" data-element_type=\"section\">\n\t\t\t\t\t\t<div class=\"elementor-container elementor-column-gap-default\">\n\t\t\t\t\t<div class=\"elementor-column elementor-col-50 elementor-top-column elementor-element elementor-element-6e20f18e\" data-id=\"6e20f18e\" data-element_type=\"column\">\n\t\t\t<div class=\"elementor-widget-wrap elementor-element-populated\">\n\t\t\t\t\t\t\t\t<div class=\"elementor-element elementor-element-6167bd8f elementor-button-success elementor-align-center elementor-widget elementor-widget-button\" data-id=\"6167bd8f\" data-element_type=\"widget\" data-widget_type=\"button.default\">\n\t\t\t\t<div class=\"elementor-widget-container\">\n\t\t\t\t\t<div class=\"elementor-button-wrapper\">\n\t\t\t<a href=\"https:\/\/croc-aspe.com\/?page_id=1436\" class=\"elementor-button-link elementor-button elementor-size-sm\" role=\"button\">\n\t\t\t\t\t\t<span class=\"elementor-button-content-wrapper\">\n\t\t\t\t\t\t<span class=\"elementor-button-text\">Quelques citations de Maurice Pard\u00e9<\/span>\n\t\t<\/span>\n\t\t\t\t\t<\/a>\n\t\t<\/div>\n\t\t\t\t<\/div>\n\t\t\t\t<\/div>\n\t\t\t\t\t<\/div>\n\t\t<\/div>\n\t\t\t\t<div class=\"elementor-column elementor-col-50 elementor-top-column elementor-element elementor-element-5a92f89d\" data-id=\"5a92f89d\" data-element_type=\"column\">\n\t\t\t<div class=\"elementor-widget-wrap elementor-element-populated\">\n\t\t\t\t\t\t\t\t<div class=\"elementor-element elementor-element-59fe5734 elementor-align-center elementor-widget elementor-widget-button\" data-id=\"59fe5734\" data-element_type=\"widget\" data-widget_type=\"button.default\">\n\t\t\t\t<div class=\"elementor-widget-container\">\n\t\t\t\t\t<div class=\"elementor-button-wrapper\">\n\t\t\t<a href=\"https:\/\/croc-aspe.com\/?page_id=3947\" class=\"elementor-button-link elementor-button elementor-size-sm\" role=\"button\">\n\t\t\t\t\t\t<span class=\"elementor-button-content-wrapper\">\n\t\t\t\t\t\t<span class=\"elementor-button-text\">Retour aux personnages<\/span>\n\t\t<\/span>\n\t\t\t\t\t<\/a>\n\t\t<\/div>\n\t\t\t\t<\/div>\n\t\t\t\t<\/div>\n\t\t\t\t\t<\/div>\n\t\t<\/div>\n\t\t\t\t\t\t\t<\/div>\n\t\t<\/section>\n\t\t\t\t\t\t<\/div>\n\t\t\t\t\t<\/div>\n\t\t","protected":false},"excerpt":{"rendered":"<p>Maurice Pard\u00e9 (04\/12\/1893 Senlis &#8211; 14\/06\/1973 Nancy) G\u00e9ographe sp\u00e9cialiste de potamologie, Fondateur de l&#8217;Institut de G\u00e9ographie Alpine de Grenoble, Professeur \u00e0 la Facult\u00e9 des Sciences de Grenoble, Chevalier de la L\u00e9gion d&#8217;Honneur en 1950 puis Officier en 1965 Maurice Pard\u00e9 fut un g\u00e9ographe \u00e0 l\u2019origine de la cr\u00e9ation de la potamologie, science qui \u00e9tudie les &hellip;<\/p>\n<p class=\"read-more\"> <a class=\"\" href=\"https:\/\/croc-aspe.com\/?page_id=1431\"> <span class=\"screen-reader-text\">Biographie Maurice Pard\u00e9<\/span> Read More &raquo;<\/a><\/p>\n","protected":false},"author":1,"featured_media":0,"parent":0,"menu_order":0,"comment_status":"closed","ping_status":"closed","template":"","meta":{"om_disable_all_campaigns":false,"_monsterinsights_skip_tracking":false,"_monsterinsights_sitenote_active":false,"_monsterinsights_sitenote_note":"","_monsterinsights_sitenote_category":0,"site-sidebar-layout":"no-sidebar","site-content-layout":"page-builder","ast-main-header-display":"","ast-hfb-above-header-display":"","ast-hfb-below-header-display":"","ast-hfb-mobile-header-display":"","site-post-title":"disabled","ast-breadcrumbs-content":"","ast-featured-img":"disabled","footer-sml-layout":"","theme-transparent-header-meta":"","adv-header-id-meta":"","stick-header-meta":"","header-above-stick-meta":"","header-main-stick-meta":"","header-below-stick-meta":"","footnotes":""},"class_list":["post-1431","page","type-page","status-publish","hentry"],"_links":{"self":[{"href":"https:\/\/croc-aspe.com\/index.php?rest_route=\/wp\/v2\/pages\/1431","targetHints":{"allow":["GET"]}}],"collection":[{"href":"https:\/\/croc-aspe.com\/index.php?rest_route=\/wp\/v2\/pages"}],"about":[{"href":"https:\/\/croc-aspe.com\/index.php?rest_route=\/wp\/v2\/types\/page"}],"author":[{"embeddable":true,"href":"https:\/\/croc-aspe.com\/index.php?rest_route=\/wp\/v2\/users\/1"}],"replies":[{"embeddable":true,"href":"https:\/\/croc-aspe.com\/index.php?rest_route=%2Fwp%2Fv2%2Fcomments&post=1431"}],"version-history":[{"count":20,"href":"https:\/\/croc-aspe.com\/index.php?rest_route=\/wp\/v2\/pages\/1431\/revisions"}],"predecessor-version":[{"id":4069,"href":"https:\/\/croc-aspe.com\/index.php?rest_route=\/wp\/v2\/pages\/1431\/revisions\/4069"}],"wp:attachment":[{"href":"https:\/\/croc-aspe.com\/index.php?rest_route=%2Fwp%2Fv2%2Fmedia&parent=1431"}],"curies":[{"name":"wp","href":"https:\/\/api.w.org\/{rel}","templated":true}]}}