{"id":1426,"date":"2022-02-20T18:40:22","date_gmt":"2022-02-20T18:40:22","guid":{"rendered":"https:\/\/croc-aspe.com\/?page_id=1426"},"modified":"2022-06-05T04:54:19","modified_gmt":"2022-06-05T04:54:19","slug":"biographie-eusebio-page-y-albareda","status":"publish","type":"page","link":"https:\/\/croc-aspe.com\/?page_id=1426","title":{"rendered":"Biographie Eusebio Page y Albareda"},"content":{"rendered":"\t\t<div data-elementor-type=\"wp-page\" data-elementor-id=\"1426\" class=\"elementor elementor-1426\" data-elementor-settings=\"[]\">\n\t\t\t\t\t\t\t<div class=\"elementor-section-wrap\">\n\t\t\t\t\t\t\t<section class=\"elementor-section elementor-top-section elementor-element elementor-element-4f1efb84 elementor-section-boxed elementor-section-height-default elementor-section-height-default\" data-id=\"4f1efb84\" data-element_type=\"section\">\n\t\t\t\t\t\t<div class=\"elementor-container elementor-column-gap-default\">\n\t\t\t\t\t<div class=\"elementor-column elementor-col-100 elementor-top-column elementor-element elementor-element-60b59e89\" data-id=\"60b59e89\" data-element_type=\"column\">\n\t\t\t<div class=\"elementor-widget-wrap elementor-element-populated\">\n\t\t\t\t\t\t\t\t<div class=\"elementor-element elementor-element-3b6f84a6 elementor-widget elementor-widget-text-editor\" data-id=\"3b6f84a6\" data-element_type=\"widget\" data-widget_type=\"text-editor.default\">\n\t\t\t\t<div class=\"elementor-widget-container\">\n\t\t\t<style>\/*! elementor - v3.5.5 - 03-02-2022 *\/\n.elementor-widget-text-editor.elementor-drop-cap-view-stacked .elementor-drop-cap{background-color:#818a91;color:#fff}.elementor-widget-text-editor.elementor-drop-cap-view-framed .elementor-drop-cap{color:#818a91;border:3px solid;background-color:transparent}.elementor-widget-text-editor:not(.elementor-drop-cap-view-default) .elementor-drop-cap{margin-top:8px}.elementor-widget-text-editor:not(.elementor-drop-cap-view-default) .elementor-drop-cap-letter{width:1em;height:1em}.elementor-widget-text-editor .elementor-drop-cap{float:left;text-align:center;line-height:1;font-size:50px}.elementor-widget-text-editor .elementor-drop-cap-letter{display:inline-block}<\/style>\t\t\t\t<p><b><\/b><b><span lang=\"ES\" style=\"font-size: 14.0pt; mso-ansi-language: ES;\"><strong>Eusebio Page y Albareda (06\/12\/1826 Cadix &#8211; 06\/02\/1900 Madrid)<\/strong><\/span><\/b><\/p>\t\t\t\t\t\t<\/div>\n\t\t\t\t<\/div>\n\t\t\t\t\t<\/div>\n\t\t<\/div>\n\t\t\t\t\t\t\t<\/div>\n\t\t<\/section>\n\t\t\t\t<section class=\"elementor-section elementor-top-section elementor-element elementor-element-e59a2c8 elementor-section-boxed elementor-section-height-default elementor-section-height-default\" data-id=\"e59a2c8\" data-element_type=\"section\">\n\t\t\t\t\t\t<div class=\"elementor-container elementor-column-gap-default\">\n\t\t\t\t\t<div class=\"elementor-column elementor-col-100 elementor-top-column elementor-element elementor-element-9c10239\" data-id=\"9c10239\" data-element_type=\"column\">\n\t\t\t<div class=\"elementor-widget-wrap elementor-element-populated\">\n\t\t\t\t\t\t\t\t<div class=\"elementor-element elementor-element-6682389 elementor-widget elementor-widget-text-editor\" data-id=\"6682389\" data-element_type=\"widget\" data-widget_type=\"text-editor.default\">\n\t\t\t\t<div class=\"elementor-widget-container\">\n\t\t\t\t\t\t\t<p>Ing\u00e9nieur en g\u00e9nie civil des chemins de fer, D\u00e9put\u00e9 de Alcal\u00e1 de Henares de 1872 \u00e0 1880, S\u00e9nateur de Castell\u00f3n de la Plana de 1881 \u00e0 1884 puis de Logro\u00f1o de 1886 \u00e0 1890, S\u00e9nateur \u00e0 vie de 1890 \u00e0 1900<\/p>\t\t\t\t\t\t<\/div>\n\t\t\t\t<\/div>\n\t\t\t\t\t<\/div>\n\t\t<\/div>\n\t\t\t\t\t\t\t<\/div>\n\t\t<\/section>\n\t\t\t\t<section class=\"elementor-section elementor-top-section elementor-element elementor-element-cc139c8 elementor-section-boxed elementor-section-height-default elementor-section-height-default\" data-id=\"cc139c8\" data-element_type=\"section\">\n\t\t\t\t\t\t<div class=\"elementor-container elementor-column-gap-default\">\n\t\t\t\t\t<div class=\"elementor-column elementor-col-100 elementor-top-column elementor-element elementor-element-60641f7\" data-id=\"60641f7\" data-element_type=\"column\">\n\t\t\t<div class=\"elementor-widget-wrap elementor-element-populated\">\n\t\t\t\t\t\t\t\t<div class=\"elementor-element elementor-element-404f21d elementor-widget elementor-widget-text-editor\" data-id=\"404f21d\" data-element_type=\"widget\" data-widget_type=\"text-editor.default\">\n\t\t\t\t<div class=\"elementor-widget-container\">\n\t\t\t\t\t\t\t<p>C\u00e9l\u00e8bre ing\u00e9nieur en g\u00e9nie civil qui devint politicien, Eusebio Page fut \u00e0 l\u2019origine de la construction de nombreuses lignes de chemin de fer, dont les lignes d\u2019Aranjuez \u00e0 Almansa et de Castillejo \u00e0 Tol\u00e8de. A partir de 1859, il s\u2019employa au d\u00e9veloppement du r\u00e9seau ferr\u00e9 du Portugal en r\u00e9alisant les lignes de Porto et Badajoz allant jusqu\u2019aux fronti\u00e8res avec l\u2019Espagne. A ce propos, il convertit la centaine de kilom\u00e8tres du r\u00e9seau portugais, initialement \u00e0 l\u2019\u00e9cartement normal de 1,435m vers l\u2019\u00e9cartement ib\u00e9rique de 1,672m. Il \u00e9crivit \u00e9galement de tr\u00e8s nombreux articles techniques dans la revue de g\u00e9nie civil Revista de Obras P\u00fablicas, revue toujours \u00e9dit\u00e9e actuellement et publia le trait\u00e9 &#8220;El ferro-rail&#8221; qui fut une r\u00e9f\u00e9rence technique du ferroviaire espagnol \u00e0 la fin du XIX<sup>\u00e8me<\/sup> si\u00e8cle.<\/p><p>En 1877, il participa \u00e0 la commission internationale d\u2019\u00e9tudes ferroviaires des Pyr\u00e9n\u00e9es Centrales en collaboration avec l\u2019ing\u00e9nieur fran\u00e7ais Eug\u00e8ne Decomble.<\/p>\t\t\t\t\t\t<\/div>\n\t\t\t\t<\/div>\n\t\t\t\t\t<\/div>\n\t\t<\/div>\n\t\t\t\t\t\t\t<\/div>\n\t\t<\/section>\n\t\t\t\t<section class=\"elementor-section elementor-top-section elementor-element elementor-element-7cb69339 elementor-section-boxed elementor-section-height-default elementor-section-height-default\" data-id=\"7cb69339\" data-element_type=\"section\">\n\t\t\t\t\t\t<div class=\"elementor-container elementor-column-gap-default\">\n\t\t\t\t\t<div class=\"elementor-column elementor-col-100 elementor-top-column elementor-element elementor-element-3558725e\" data-id=\"3558725e\" data-element_type=\"column\">\n\t\t\t<div class=\"elementor-widget-wrap\">\n\t\t\t\t\t\t\t\t\t<\/div>\n\t\t<\/div>\n\t\t\t\t\t\t\t<\/div>\n\t\t<\/section>\n\t\t\t\t<section class=\"elementor-section elementor-top-section elementor-element elementor-element-1ddca1a4 elementor-section-boxed elementor-section-height-default elementor-section-height-default\" data-id=\"1ddca1a4\" data-element_type=\"section\">\n\t\t\t\t\t\t<div class=\"elementor-container elementor-column-gap-default\">\n\t\t\t\t\t<div class=\"elementor-column elementor-col-50 elementor-top-column elementor-element elementor-element-200a9cec\" data-id=\"200a9cec\" data-element_type=\"column\">\n\t\t\t<div class=\"elementor-widget-wrap\">\n\t\t\t\t\t\t\t\t\t<\/div>\n\t\t<\/div>\n\t\t\t\t<div class=\"elementor-column elementor-col-50 elementor-top-column elementor-element elementor-element-789f6f9\" data-id=\"789f6f9\" data-element_type=\"column\">\n\t\t\t<div class=\"elementor-widget-wrap elementor-element-populated\">\n\t\t\t\t\t\t\t\t<div class=\"elementor-element elementor-element-8dcf6da elementor-align-center elementor-widget elementor-widget-button\" data-id=\"8dcf6da\" data-element_type=\"widget\" data-widget_type=\"button.default\">\n\t\t\t\t<div class=\"elementor-widget-container\">\n\t\t\t\t\t<div class=\"elementor-button-wrapper\">\n\t\t\t<a href=\"https:\/\/croc-aspe.com\/?page_id=3939\" class=\"elementor-button-link elementor-button elementor-size-sm\" role=\"button\">\n\t\t\t\t\t\t<span class=\"elementor-button-content-wrapper\">\n\t\t\t\t\t\t<span class=\"elementor-button-text\">Retour aux personnages<\/span>\n\t\t<\/span>\n\t\t\t\t\t<\/a>\n\t\t<\/div>\n\t\t\t\t<\/div>\n\t\t\t\t<\/div>\n\t\t\t\t\t<\/div>\n\t\t<\/div>\n\t\t\t\t\t\t\t<\/div>\n\t\t<\/section>\n\t\t\t\t\t\t<\/div>\n\t\t\t\t\t<\/div>\n\t\t","protected":false},"excerpt":{"rendered":"<p>Eusebio Page y Albareda (06\/12\/1826 Cadix &#8211; 06\/02\/1900 Madrid) Ing\u00e9nieur en g\u00e9nie civil des chemins de fer, D\u00e9put\u00e9 de Alcal\u00e1 de Henares de 1872 \u00e0 1880, S\u00e9nateur de Castell\u00f3n de la Plana de 1881 \u00e0 1884 puis de Logro\u00f1o de 1886 \u00e0 1890, S\u00e9nateur \u00e0 vie de 1890 \u00e0 1900 C\u00e9l\u00e8bre ing\u00e9nieur en g\u00e9nie civil &hellip;<\/p>\n<p class=\"read-more\"> <a class=\"\" href=\"https:\/\/croc-aspe.com\/?page_id=1426\"> <span class=\"screen-reader-text\">Biographie Eusebio Page y Albareda<\/span> Read More &raquo;<\/a><\/p>\n","protected":false},"author":1,"featured_media":0,"parent":0,"menu_order":0,"comment_status":"closed","ping_status":"closed","template":"","meta":{"om_disable_all_campaigns":false,"_monsterinsights_skip_tracking":false,"_monsterinsights_sitenote_active":false,"_monsterinsights_sitenote_note":"","_monsterinsights_sitenote_category":0,"site-sidebar-layout":"no-sidebar","site-content-layout":"page-builder","ast-main-header-display":"","ast-hfb-above-header-display":"","ast-hfb-below-header-display":"","ast-hfb-mobile-header-display":"","site-post-title":"disabled","ast-breadcrumbs-content":"","ast-featured-img":"disabled","footer-sml-layout":"","theme-transparent-header-meta":"","adv-header-id-meta":"","stick-header-meta":"","header-above-stick-meta":"","header-main-stick-meta":"","header-below-stick-meta":"","footnotes":""},"class_list":["post-1426","page","type-page","status-publish","hentry"],"_links":{"self":[{"href":"https:\/\/croc-aspe.com\/index.php?rest_route=\/wp\/v2\/pages\/1426","targetHints":{"allow":["GET"]}}],"collection":[{"href":"https:\/\/croc-aspe.com\/index.php?rest_route=\/wp\/v2\/pages"}],"about":[{"href":"https:\/\/croc-aspe.com\/index.php?rest_route=\/wp\/v2\/types\/page"}],"author":[{"embeddable":true,"href":"https:\/\/croc-aspe.com\/index.php?rest_route=\/wp\/v2\/users\/1"}],"replies":[{"embeddable":true,"href":"https:\/\/croc-aspe.com\/index.php?rest_route=%2Fwp%2Fv2%2Fcomments&post=1426"}],"version-history":[{"count":22,"href":"https:\/\/croc-aspe.com\/index.php?rest_route=\/wp\/v2\/pages\/1426\/revisions"}],"predecessor-version":[{"id":4033,"href":"https:\/\/croc-aspe.com\/index.php?rest_route=\/wp\/v2\/pages\/1426\/revisions\/4033"}],"wp:attachment":[{"href":"https:\/\/croc-aspe.com\/index.php?rest_route=%2Fwp%2Fv2%2Fmedia&parent=1426"}],"curies":[{"name":"wp","href":"https:\/\/api.w.org\/{rel}","templated":true}]}}