{"id":1393,"date":"2022-02-20T18:22:17","date_gmt":"2022-02-20T18:22:17","guid":{"rendered":"https:\/\/croc-aspe.com\/?page_id=1393"},"modified":"2022-06-05T05:00:25","modified_gmt":"2022-06-05T05:00:25","slug":"biographie-pierre-juppont","status":"publish","type":"page","link":"https:\/\/croc-aspe.com\/?page_id=1393","title":{"rendered":"Biographie Pierre Juppont"},"content":{"rendered":"\t\t<div data-elementor-type=\"wp-page\" data-elementor-id=\"1393\" class=\"elementor elementor-1393\" data-elementor-settings=\"[]\">\n\t\t\t\t\t\t\t<div class=\"elementor-section-wrap\">\n\t\t\t\t\t\t\t<section class=\"elementor-section elementor-top-section elementor-element elementor-element-c2471d1 elementor-section-boxed elementor-section-height-default elementor-section-height-default\" data-id=\"c2471d1\" data-element_type=\"section\">\n\t\t\t\t\t\t<div class=\"elementor-container elementor-column-gap-default\">\n\t\t\t\t\t<div class=\"elementor-column elementor-col-100 elementor-top-column elementor-element elementor-element-38405e67\" data-id=\"38405e67\" data-element_type=\"column\">\n\t\t\t<div class=\"elementor-widget-wrap elementor-element-populated\">\n\t\t\t\t\t\t\t\t<div class=\"elementor-element elementor-element-34642dd2 elementor-widget elementor-widget-text-editor\" data-id=\"34642dd2\" data-element_type=\"widget\" data-widget_type=\"text-editor.default\">\n\t\t\t\t<div class=\"elementor-widget-container\">\n\t\t\t<style>\/*! elementor - v3.5.5 - 03-02-2022 *\/\n.elementor-widget-text-editor.elementor-drop-cap-view-stacked .elementor-drop-cap{background-color:#818a91;color:#fff}.elementor-widget-text-editor.elementor-drop-cap-view-framed .elementor-drop-cap{color:#818a91;border:3px solid;background-color:transparent}.elementor-widget-text-editor:not(.elementor-drop-cap-view-default) .elementor-drop-cap{margin-top:8px}.elementor-widget-text-editor:not(.elementor-drop-cap-view-default) .elementor-drop-cap-letter{width:1em;height:1em}.elementor-widget-text-editor .elementor-drop-cap{float:left;text-align:center;line-height:1;font-size:50px}.elementor-widget-text-editor .elementor-drop-cap-letter{display:inline-block}<\/style>\t\t\t\t<p><b><\/b><b><span lang=\"ES\" style=\"font-size: 14.0pt; mso-ansi-language: ES;\"><strong>Pierre Juppont (05\/12\/1860 Bugni\u00e8res &#8211; 29\/02\/1948 Toulouse)<\/strong><\/span><\/b><\/p>\t\t\t\t\t\t<\/div>\n\t\t\t\t<\/div>\n\t\t\t\t\t<\/div>\n\t\t<\/div>\n\t\t\t\t\t\t\t<\/div>\n\t\t<\/section>\n\t\t\t\t<section class=\"elementor-section elementor-top-section elementor-element elementor-element-9801740 elementor-section-boxed elementor-section-height-default elementor-section-height-default\" data-id=\"9801740\" data-element_type=\"section\">\n\t\t\t\t\t\t<div class=\"elementor-container elementor-column-gap-default\">\n\t\t\t\t\t<div class=\"elementor-column elementor-col-100 elementor-top-column elementor-element elementor-element-33bc0ad\" data-id=\"33bc0ad\" data-element_type=\"column\">\n\t\t\t<div class=\"elementor-widget-wrap elementor-element-populated\">\n\t\t\t\t\t\t\t\t<div class=\"elementor-element elementor-element-7492f92 elementor-widget elementor-widget-text-editor\" data-id=\"7492f92\" data-element_type=\"widget\" data-widget_type=\"text-editor.default\">\n\t\t\t\t<div class=\"elementor-widget-container\">\n\t\t\t\t\t\t\t<p>Ing\u00e9nieur des Arts et Manufactures, Inspecteur d\u00e9partemental de l&#8217;Enseignement Technique, Pr\u00e9sident de la soci\u00e9t\u00e9 d\u2019Astronomie populaire de Toulouse, Membre de l\u2019Acad\u00e9mie des Sciences de Toulouse, Adjoint au maire de Toulouse de 1900 \u00e0 1912, Chevalier de la L\u00e9gion d&#8217;Honneur en 1929<\/p>\t\t\t\t\t\t<\/div>\n\t\t\t\t<\/div>\n\t\t\t\t\t<\/div>\n\t\t<\/div>\n\t\t\t\t\t\t\t<\/div>\n\t\t<\/section>\n\t\t\t\t<section class=\"elementor-section elementor-top-section elementor-element elementor-element-91257fb elementor-section-boxed elementor-section-height-default elementor-section-height-default\" data-id=\"91257fb\" data-element_type=\"section\">\n\t\t\t\t\t\t<div class=\"elementor-container elementor-column-gap-default\">\n\t\t\t\t\t<div class=\"elementor-column elementor-col-100 elementor-top-column elementor-element elementor-element-287af0c\" data-id=\"287af0c\" data-element_type=\"column\">\n\t\t\t<div class=\"elementor-widget-wrap elementor-element-populated\">\n\t\t\t\t\t\t\t\t<div class=\"elementor-element elementor-element-01266f4 elementor-widget elementor-widget-text-editor\" data-id=\"01266f4\" data-element_type=\"widget\" data-widget_type=\"text-editor.default\">\n\t\t\t\t<div class=\"elementor-widget-container\">\n\t\t\t\t\t\t\t<p>Pierre Juppont \u00e9tait ing\u00e9nieur des Arts et Manufactures. Il travailla dans de nombreuses entreprises d\u2019\u00e9lectricit\u00e9, d\u2019\u00e9lectrom\u00e9canique et de transport, puis s\u2019orienta vers l\u2019enseignement technique \u00e0 Toulouse. Membre de plusieurs soci\u00e9t\u00e9s savantes de Toulouse, il a publi\u00e9 de nombreux \u00e9tudes et ouvrages sur l\u2019\u00e9lectricit\u00e9, le g\u00e9nie civil, les transports, la navigation a\u00e9rienne\u2026 En 1902, il s\u2019opposa vivement au maire de Toulouse au projet de construction du pont des Catalans allant jusqu\u2019\u00e0 proposer sa d\u00e9mission du conseil municipal, car ayant lui-m\u00eame \u00e9labor\u00e9 un autre projet. Durant cet \u00e9pisode municipal qui dura deux ann\u00e9es, ses interventions et joutes verbales sont rest\u00e9es longtemps dans les m\u00e9moires des Toulousains.<\/p><p>Il fut l\u2019un des ing\u00e9nieurs lucides qui comprit vite que le transpyr\u00e9n\u00e9en occidental par Canfranc allait \u00eatre un \u00e9chec. Il \u00e9tudia le dossier du transpyr\u00e9n\u00e9en occidental \u00e0 la suite de la Convention de 1904. Il fut tr\u00e8s critique envers cette convention et estimait que la ligne Pau &#8211; Canfranc &#8211; Saragosse serait irr\u00e9alisable. Il \u00e9mit de tr\u00e8s forts reproches \u00e0 l\u2019encontre de M. Delcass\u00e9 qui \u00e9tait \u00e0 l\u2019origine de cette convention avec l\u2019Espagne. Il estimait que le budget des travaux d\u2019Oloron-Sainte-Marie au tunnel du Somport serait de 34MF, soit 640kF du kilom\u00e8tre, et que les recettes annuelles seraient de 10 \u00e0 20kF, ce qui est n\u00e9gligeable, tout en mettant d\u2019ailleurs en doute ces niveaux de recettes. Il plaida pour un autre syst\u00e8me d\u2019infrastructures bas\u00e9 sur des voies \u00e9lectrifi\u00e9es de 1m qui feraient un r\u00e9seau dans les Pyr\u00e9n\u00e9es et qui seraient reli\u00e9es au r\u00e9seau m\u00e9trique d\u00e9j\u00e0 en place en Catalogne, ce qui permettrait de fortement limiter les co\u00fbts de construction et d\u2019\u00e9viter les tunnels. Il regretta que la commission en charge des transpyr\u00e9n\u00e9ens n\u2019ait pas retenu son projet. Il avan\u00e7a ses arguments dans plusieurs revues scientifiques et d\u2019actualit\u00e9. Il \u00e9mit des v\u0153ux qui furent relay\u00e9s le 13 f\u00e9vrier 1905 par la Soci\u00e9t\u00e9 de G\u00e9ographie de Toulouse.<\/p><p>L\u2019avenir lui donnera malheureusement raison. Ses \u00e9tudes et conclusions, revues \u00e0 la lumi\u00e8re de la situation actuelle, sont aujourd\u2019hui toujours d\u2019actualit\u00e9.<\/p>\t\t\t\t\t\t<\/div>\n\t\t\t\t<\/div>\n\t\t\t\t\t<\/div>\n\t\t<\/div>\n\t\t\t\t\t\t\t<\/div>\n\t\t<\/section>\n\t\t\t\t<section class=\"elementor-section elementor-top-section elementor-element elementor-element-5bfc475 elementor-section-boxed elementor-section-height-default elementor-section-height-default\" data-id=\"5bfc475\" data-element_type=\"section\">\n\t\t\t\t\t\t<div class=\"elementor-container elementor-column-gap-default\">\n\t\t\t\t\t<div class=\"elementor-column elementor-col-100 elementor-top-column elementor-element elementor-element-e63230a\" data-id=\"e63230a\" data-element_type=\"column\">\n\t\t\t<div class=\"elementor-widget-wrap\">\n\t\t\t\t\t\t\t\t\t<\/div>\n\t\t<\/div>\n\t\t\t\t\t\t\t<\/div>\n\t\t<\/section>\n\t\t\t\t<section class=\"elementor-section elementor-top-section elementor-element elementor-element-448d0efe elementor-section-boxed elementor-section-height-default elementor-section-height-default\" data-id=\"448d0efe\" data-element_type=\"section\">\n\t\t\t\t\t\t<div class=\"elementor-container elementor-column-gap-default\">\n\t\t\t\t\t<div class=\"elementor-column elementor-col-50 elementor-top-column elementor-element elementor-element-6572b081\" data-id=\"6572b081\" data-element_type=\"column\">\n\t\t\t<div class=\"elementor-widget-wrap elementor-element-populated\">\n\t\t\t\t\t\t\t\t<div class=\"elementor-element elementor-element-42749651 elementor-button-success elementor-align-center elementor-widget elementor-widget-button\" data-id=\"42749651\" data-element_type=\"widget\" data-widget_type=\"button.default\">\n\t\t\t\t<div class=\"elementor-widget-container\">\n\t\t\t\t\t<div class=\"elementor-button-wrapper\">\n\t\t\t<a href=\"https:\/\/croc-aspe.com\/?page_id=1398\" class=\"elementor-button-link elementor-button elementor-size-sm\" role=\"button\">\n\t\t\t\t\t\t<span class=\"elementor-button-content-wrapper\">\n\t\t\t\t\t\t<span class=\"elementor-button-text\">Quelques citations de Pierre Juppont<\/span>\n\t\t<\/span>\n\t\t\t\t\t<\/a>\n\t\t<\/div>\n\t\t\t\t<\/div>\n\t\t\t\t<\/div>\n\t\t\t\t\t<\/div>\n\t\t<\/div>\n\t\t\t\t<div class=\"elementor-column elementor-col-50 elementor-top-column elementor-element elementor-element-39963a67\" data-id=\"39963a67\" data-element_type=\"column\">\n\t\t\t<div class=\"elementor-widget-wrap elementor-element-populated\">\n\t\t\t\t\t\t\t\t<div class=\"elementor-element elementor-element-30cc57df elementor-align-center elementor-widget elementor-widget-button\" data-id=\"30cc57df\" data-element_type=\"widget\" data-widget_type=\"button.default\">\n\t\t\t\t<div class=\"elementor-widget-container\">\n\t\t\t\t\t<div class=\"elementor-button-wrapper\">\n\t\t\t<a href=\"https:\/\/croc-aspe.com\/?page_id=3947\" class=\"elementor-button-link elementor-button elementor-size-sm\" role=\"button\">\n\t\t\t\t\t\t<span class=\"elementor-button-content-wrapper\">\n\t\t\t\t\t\t<span class=\"elementor-button-text\">Retour aux personnages<\/span>\n\t\t<\/span>\n\t\t\t\t\t<\/a>\n\t\t<\/div>\n\t\t\t\t<\/div>\n\t\t\t\t<\/div>\n\t\t\t\t\t<\/div>\n\t\t<\/div>\n\t\t\t\t\t\t\t<\/div>\n\t\t<\/section>\n\t\t\t\t\t\t<\/div>\n\t\t\t\t\t<\/div>\n\t\t","protected":false},"excerpt":{"rendered":"<p>Pierre Juppont (05\/12\/1860 Bugni\u00e8res &#8211; 29\/02\/1948 Toulouse) Ing\u00e9nieur des Arts et Manufactures, Inspecteur d\u00e9partemental de l&#8217;Enseignement Technique, Pr\u00e9sident de la soci\u00e9t\u00e9 d\u2019Astronomie populaire de Toulouse, Membre de l\u2019Acad\u00e9mie des Sciences de Toulouse, Adjoint au maire de Toulouse de 1900 \u00e0 1912, Chevalier de la L\u00e9gion d&#8217;Honneur en 1929 Pierre Juppont \u00e9tait ing\u00e9nieur des Arts et &hellip;<\/p>\n<p class=\"read-more\"> <a class=\"\" href=\"https:\/\/croc-aspe.com\/?page_id=1393\"> <span class=\"screen-reader-text\">Biographie Pierre Juppont<\/span> Read More &raquo;<\/a><\/p>\n","protected":false},"author":1,"featured_media":0,"parent":0,"menu_order":0,"comment_status":"closed","ping_status":"closed","template":"","meta":{"om_disable_all_campaigns":false,"_monsterinsights_skip_tracking":false,"_monsterinsights_sitenote_active":false,"_monsterinsights_sitenote_note":"","_monsterinsights_sitenote_category":0,"site-sidebar-layout":"no-sidebar","site-content-layout":"page-builder","ast-main-header-display":"","ast-hfb-above-header-display":"","ast-hfb-below-header-display":"","ast-hfb-mobile-header-display":"","site-post-title":"disabled","ast-breadcrumbs-content":"","ast-featured-img":"disabled","footer-sml-layout":"","theme-transparent-header-meta":"","adv-header-id-meta":"","stick-header-meta":"","header-above-stick-meta":"","header-main-stick-meta":"","header-below-stick-meta":"","footnotes":""},"class_list":["post-1393","page","type-page","status-publish","hentry"],"_links":{"self":[{"href":"https:\/\/croc-aspe.com\/index.php?rest_route=\/wp\/v2\/pages\/1393","targetHints":{"allow":["GET"]}}],"collection":[{"href":"https:\/\/croc-aspe.com\/index.php?rest_route=\/wp\/v2\/pages"}],"about":[{"href":"https:\/\/croc-aspe.com\/index.php?rest_route=\/wp\/v2\/types\/page"}],"author":[{"embeddable":true,"href":"https:\/\/croc-aspe.com\/index.php?rest_route=\/wp\/v2\/users\/1"}],"replies":[{"embeddable":true,"href":"https:\/\/croc-aspe.com\/index.php?rest_route=%2Fwp%2Fv2%2Fcomments&post=1393"}],"version-history":[{"count":16,"href":"https:\/\/croc-aspe.com\/index.php?rest_route=\/wp\/v2\/pages\/1393\/revisions"}],"predecessor-version":[{"id":4075,"href":"https:\/\/croc-aspe.com\/index.php?rest_route=\/wp\/v2\/pages\/1393\/revisions\/4075"}],"wp:attachment":[{"href":"https:\/\/croc-aspe.com\/index.php?rest_route=%2Fwp%2Fv2%2Fmedia&parent=1393"}],"curies":[{"name":"wp","href":"https:\/\/api.w.org\/{rel}","templated":true}]}}