{"id":1346,"date":"2022-02-20T17:58:19","date_gmt":"2022-02-20T17:58:19","guid":{"rendered":"https:\/\/croc-aspe.com\/?page_id=1346"},"modified":"2022-06-05T05:29:24","modified_gmt":"2022-06-05T05:29:24","slug":"citations-emile-gachassin-lafite","status":"publish","type":"page","link":"https:\/\/croc-aspe.com\/?page_id=1346","title":{"rendered":"Citations Emile Gachassin-Lafite"},"content":{"rendered":"\t\t<div data-elementor-type=\"wp-page\" data-elementor-id=\"1346\" class=\"elementor elementor-1346\" data-elementor-settings=\"[]\">\n\t\t\t\t\t\t\t<div class=\"elementor-section-wrap\">\n\t\t\t\t\t\t\t<section class=\"elementor-section elementor-top-section elementor-element elementor-element-7059b482 elementor-section-boxed elementor-section-height-default elementor-section-height-default\" data-id=\"7059b482\" data-element_type=\"section\">\n\t\t\t\t\t\t<div class=\"elementor-container elementor-column-gap-default\">\n\t\t\t\t\t<div class=\"elementor-column elementor-col-100 elementor-top-column elementor-element elementor-element-480f5ae4\" data-id=\"480f5ae4\" data-element_type=\"column\">\n\t\t\t<div class=\"elementor-widget-wrap elementor-element-populated\">\n\t\t\t\t\t\t\t\t<div class=\"elementor-element elementor-element-1f1a92ed elementor-widget elementor-widget-text-editor\" data-id=\"1f1a92ed\" data-element_type=\"widget\" data-widget_type=\"text-editor.default\">\n\t\t\t\t<div class=\"elementor-widget-container\">\n\t\t\t<style>\/*! elementor - v3.5.5 - 03-02-2022 *\/\n.elementor-widget-text-editor.elementor-drop-cap-view-stacked .elementor-drop-cap{background-color:#818a91;color:#fff}.elementor-widget-text-editor.elementor-drop-cap-view-framed .elementor-drop-cap{color:#818a91;border:3px solid;background-color:transparent}.elementor-widget-text-editor:not(.elementor-drop-cap-view-default) .elementor-drop-cap{margin-top:8px}.elementor-widget-text-editor:not(.elementor-drop-cap-view-default) .elementor-drop-cap-letter{width:1em;height:1em}.elementor-widget-text-editor .elementor-drop-cap{float:left;text-align:center;line-height:1;font-size:50px}.elementor-widget-text-editor .elementor-drop-cap-letter{display:inline-block}<\/style>\t\t\t\t<p><strong>Emile Gachassin-Lafite (05\/11\/1827 Tarbes &#8211; 01\/07\/1895 Santiago de Cuba)<\/strong><\/p><p><b><span lang=\"ES\" style=\"font-size: 14.0pt; mso-ansi-language: ES;\">\u00a0<\/span><\/b><\/p>\t\t\t\t\t\t<\/div>\n\t\t\t\t<\/div>\n\t\t\t\t\t<\/div>\n\t\t<\/div>\n\t\t\t\t\t\t\t<\/div>\n\t\t<\/section>\n\t\t\t\t<section class=\"elementor-section elementor-top-section elementor-element elementor-element-70dd739 elementor-section-boxed elementor-section-height-default elementor-section-height-default\" data-id=\"70dd739\" data-element_type=\"section\">\n\t\t\t\t\t\t<div class=\"elementor-container elementor-column-gap-default\">\n\t\t\t\t\t<div class=\"elementor-column elementor-col-100 elementor-top-column elementor-element elementor-element-f2e19e5\" data-id=\"f2e19e5\" data-element_type=\"column\">\n\t\t\t<div class=\"elementor-widget-wrap elementor-element-populated\">\n\t\t\t\t\t\t\t\t<div class=\"elementor-element elementor-element-a25f28d elementor-widget elementor-widget-text-editor\" data-id=\"a25f28d\" data-element_type=\"widget\" data-widget_type=\"text-editor.default\">\n\t\t\t\t<div class=\"elementor-widget-container\">\n\t\t\t\t\t\t\t<p><strong>Quelques citations extraites de &#8220;Projets de travers\u00e9e des Pyr\u00e9n\u00e9es par un chemin de fer&#8221; dans le Bulletin de la section du Sud-Ouest (Bordeaux) du Club Alpin fran\u00e7ais n\u00b07 de juillet 1880, pages 42 \u00e0 47 :<\/strong><\/p><p>p43 : &#8220;Trac\u00e9 d\u2019Oloron-Huesca par Somport \u2014 Recommand\u00e9e par de tr\u00e8s-hautes influences, cette combinaison a \u00e9t\u00e9, dans ces derniers temps, sur le point d\u2019aboutir. Elle est cependant, de toutes, la plus illogique, d\u2019abord par sa propre excentricit\u00e9, ensuite par les difficult\u00e9s techniques de son ex\u00e9cution. Sur le versant fran\u00e7ais, elle a \u00e0 parcourir la vall\u00e9e d\u2019Aspe qui, avec ses pentes abruptes et ses d\u00e9fil\u00e9s \u00e9troits, repr\u00e9sente bien plus une fente g\u00e9ologique qu\u2019une vall\u00e9e ; sur le versant espagnol, elle n\u2019a pas moins de cinq lignes de partage \u00e0 croiser jusqu&#8217;\u00e0 Huesca, ce qui lui imposerait un trac\u00e9 extr\u00eamement sinueux, avec des rampes de double traction. Au point de vue \u00e9conomique, elle se trouverait en concurrence avec la ligne actuelle de Bordeaux \u00e0 Saragosse par Bayonne, concurrence qu\u2019elle aurait grand peine \u00e0 soutenir, \u00e9tant donn\u00e9 la pauvret\u00e9 relative des r\u00e9gions interm\u00e9diaires, et, en particulier, du bassin sup\u00e9rieur de la rivi\u00e8re Aragon par o\u00f9 elle d\u00e9boucherait en Espagne.&#8221;<\/p><p>p47 : &#8220;Quoi qu\u2019il en soit, demeurons biens convaincus que la question des Pyr\u00e9n\u00e9es centrales est en r\u00e9alit\u00e9 celle de l\u2019avenir de notre trafic avec ce pays; comme autrefois Mo\u00efse, nous n\u2019avons qu\u2019\u00e0 frapper le rocher pour en faire jaillir l\u2019eau f\u00e9condante, pour sauver enfin notre R\u00e9gion du Sud-Ouest du profond malaise industriel auquel la condamne son triste isolement.&#8221;<\/p>\t\t\t\t\t\t<\/div>\n\t\t\t\t<\/div>\n\t\t\t\t\t<\/div>\n\t\t<\/div>\n\t\t\t\t\t\t\t<\/div>\n\t\t<\/section>\n\t\t\t\t<section class=\"elementor-section elementor-top-section elementor-element elementor-element-2c78130d elementor-section-boxed elementor-section-height-default elementor-section-height-default\" data-id=\"2c78130d\" data-element_type=\"section\">\n\t\t\t\t\t\t<div class=\"elementor-container elementor-column-gap-default\">\n\t\t\t\t\t<div class=\"elementor-column elementor-col-100 elementor-top-column elementor-element elementor-element-2f1babee\" data-id=\"2f1babee\" data-element_type=\"column\">\n\t\t\t<div class=\"elementor-widget-wrap\">\n\t\t\t\t\t\t\t\t\t<\/div>\n\t\t<\/div>\n\t\t\t\t\t\t\t<\/div>\n\t\t<\/section>\n\t\t\t\t<section class=\"elementor-section elementor-top-section elementor-element elementor-element-942a95e elementor-section-boxed elementor-section-height-default elementor-section-height-default\" data-id=\"942a95e\" data-element_type=\"section\">\n\t\t\t\t\t\t<div class=\"elementor-container elementor-column-gap-default\">\n\t\t\t\t\t<div class=\"elementor-column elementor-col-50 elementor-top-column elementor-element elementor-element-366b805e\" data-id=\"366b805e\" data-element_type=\"column\">\n\t\t\t<div class=\"elementor-widget-wrap elementor-element-populated\">\n\t\t\t\t\t\t\t\t<div class=\"elementor-element elementor-element-72bcaa9 elementor-button-info elementor-align-center elementor-widget elementor-widget-button\" data-id=\"72bcaa9\" data-element_type=\"widget\" data-widget_type=\"button.default\">\n\t\t\t\t<div class=\"elementor-widget-container\">\n\t\t\t\t\t<div class=\"elementor-button-wrapper\">\n\t\t\t<a href=\"https:\/\/croc-aspe.com\/?page_id=1341\" class=\"elementor-button-link elementor-button elementor-size-sm\" role=\"button\">\n\t\t\t\t\t\t<span class=\"elementor-button-content-wrapper\">\n\t\t\t\t\t\t<span class=\"elementor-button-text\">En savoir plus sur Emile Gachassin-LAfite<\/span>\n\t\t<\/span>\n\t\t\t\t\t<\/a>\n\t\t<\/div>\n\t\t\t\t<\/div>\n\t\t\t\t<\/div>\n\t\t\t\t\t<\/div>\n\t\t<\/div>\n\t\t\t\t<div class=\"elementor-column elementor-col-50 elementor-top-column elementor-element elementor-element-4508258d\" data-id=\"4508258d\" data-element_type=\"column\">\n\t\t\t<div class=\"elementor-widget-wrap elementor-element-populated\">\n\t\t\t\t\t\t\t\t<div class=\"elementor-element elementor-element-71af70e8 elementor-align-center elementor-widget elementor-widget-button\" data-id=\"71af70e8\" data-element_type=\"widget\" data-widget_type=\"button.default\">\n\t\t\t\t<div class=\"elementor-widget-container\">\n\t\t\t\t\t<div class=\"elementor-button-wrapper\">\n\t\t\t<a href=\"https:\/\/croc-aspe.com\/?page_id=3952\" class=\"elementor-button-link elementor-button elementor-size-sm\" role=\"button\">\n\t\t\t\t\t\t<span class=\"elementor-button-content-wrapper\">\n\t\t\t\t\t\t<span class=\"elementor-button-text\">Retour aux personnages<\/span>\n\t\t<\/span>\n\t\t\t\t\t<\/a>\n\t\t<\/div>\n\t\t\t\t<\/div>\n\t\t\t\t<\/div>\n\t\t\t\t\t<\/div>\n\t\t<\/div>\n\t\t\t\t\t\t\t<\/div>\n\t\t<\/section>\n\t\t\t\t\t\t<\/div>\n\t\t\t\t\t<\/div>\n\t\t","protected":false},"excerpt":{"rendered":"<p>Emile Gachassin-Lafite (05\/11\/1827 Tarbes &#8211; 01\/07\/1895 Santiago de Cuba) \u00a0 Quelques citations extraites de &#8220;Projets de travers\u00e9e des Pyr\u00e9n\u00e9es par un chemin de fer&#8221; dans le Bulletin de la section du Sud-Ouest (Bordeaux) du Club Alpin fran\u00e7ais n\u00b07 de juillet 1880, pages 42 \u00e0 47 : p43 : &#8220;Trac\u00e9 d\u2019Oloron-Huesca par Somport \u2014 Recommand\u00e9e par &hellip;<\/p>\n<p class=\"read-more\"> <a class=\"\" href=\"https:\/\/croc-aspe.com\/?page_id=1346\"> <span class=\"screen-reader-text\">Citations Emile Gachassin-Lafite<\/span> Read More &raquo;<\/a><\/p>\n","protected":false},"author":1,"featured_media":0,"parent":0,"menu_order":0,"comment_status":"closed","ping_status":"closed","template":"","meta":{"om_disable_all_campaigns":false,"_monsterinsights_skip_tracking":false,"_monsterinsights_sitenote_active":false,"_monsterinsights_sitenote_note":"","_monsterinsights_sitenote_category":0,"site-sidebar-layout":"no-sidebar","site-content-layout":"page-builder","ast-main-header-display":"","ast-hfb-above-header-display":"","ast-hfb-below-header-display":"","ast-hfb-mobile-header-display":"","site-post-title":"disabled","ast-breadcrumbs-content":"","ast-featured-img":"disabled","footer-sml-layout":"","theme-transparent-header-meta":"","adv-header-id-meta":"","stick-header-meta":"","header-above-stick-meta":"","header-main-stick-meta":"","header-below-stick-meta":"","footnotes":""},"class_list":["post-1346","page","type-page","status-publish","hentry"],"_links":{"self":[{"href":"https:\/\/croc-aspe.com\/index.php?rest_route=\/wp\/v2\/pages\/1346","targetHints":{"allow":["GET"]}}],"collection":[{"href":"https:\/\/croc-aspe.com\/index.php?rest_route=\/wp\/v2\/pages"}],"about":[{"href":"https:\/\/croc-aspe.com\/index.php?rest_route=\/wp\/v2\/types\/page"}],"author":[{"embeddable":true,"href":"https:\/\/croc-aspe.com\/index.php?rest_route=\/wp\/v2\/users\/1"}],"replies":[{"embeddable":true,"href":"https:\/\/croc-aspe.com\/index.php?rest_route=%2Fwp%2Fv2%2Fcomments&post=1346"}],"version-history":[{"count":23,"href":"https:\/\/croc-aspe.com\/index.php?rest_route=\/wp\/v2\/pages\/1346\/revisions"}],"predecessor-version":[{"id":4114,"href":"https:\/\/croc-aspe.com\/index.php?rest_route=\/wp\/v2\/pages\/1346\/revisions\/4114"}],"wp:attachment":[{"href":"https:\/\/croc-aspe.com\/index.php?rest_route=%2Fwp%2Fv2%2Fmedia&parent=1346"}],"curies":[{"name":"wp","href":"https:\/\/api.w.org\/{rel}","templated":true}]}}